{"id":15854,"date":"2024-02-09T11:12:24","date_gmt":"2024-02-09T11:12:24","guid":{"rendered":"https:\/\/be-one.ro\/cosmetics\/?page_id=15854"},"modified":"2024-02-09T11:12:31","modified_gmt":"2024-02-09T11:12:31","slug":"termeni-si-conditii","status":"publish","type":"page","link":"https:\/\/be-one.ro\/cosmetics\/termeni-si-conditii\/","title":{"rendered":"Termeni si conditii"},"content":{"rendered":"\n<p>Termeni si conditii de utilizare<\/p>\n\n\n\n<p>\u00cenregistrare utilizator<\/p>\n\n\n\n<p>Daca \u00eenregistrati un cont la noi, acolo veti putea accesa istoricul achizitilor si veti vedea numarul de urmarire al livrarii.<\/p>\n\n\n\n<p>Produse<\/p>\n\n\n\n<p>Toate produsele noastre sunt lucrate manual, taiate manual, etichetate manual si ambalate de noi, prin urmare, dimensiunea, forma si designul pot varia de la produs la produs. Toate produsele noastre sunt \u00een functie de disponibilitate si nu putem garanta ca articolele vor fi \u00een stoc. Ne gestionam online nivelurile stocurilor, totusi, \u00een cazul putin probabil, comanda dvs. este epuizata, va vom contacta pentru a va informa. Veti avea fie de a alege sa asteptati noul lot, sa faceti o alta alegere sau sa anulati comanda.<\/p>\n\n\n\n<p>Ne rezervam dreptul de a \u00eentrerupe productia oricarui produs \u00een orice moment, din orice motiv. Preturile pentru toate produsele pot fi modificate.<\/p>\n\n\n\n<p>Descrieri de produse<\/p>\n\n\n\n<p>Noi, BeOne Cosmetics, nu suntem profesionisti din domeniul medical sau din domeniul sanatatii si nu pretindem ca utilizarea produselor noastre poate avea un efect pozitiv asupra starilor de sanatate fizice si\/sau mentale preexistente. Informatiile din listele noastre se refera la proprietatile ingredientelor specifice utilizate \u00een produs.<\/p>\n\n\n\n<p>Achizitii si plati<\/p>\n\n\n\n<p>Momentan acceptam daor plata in stil ramburs la curier, insa lucram la introducerea modalitatii de plata cu cardul.<\/p>\n\n\n\n<p>Pentru comenzile marturiilor se va percepe o taxa de avans intre 50-100 lei in contul BeOne Cosmetics.<\/p>\n\n\n\n<p>Ne rezermva dreptul de a refuza orice comanda plasata prin intermediul Site-ului. Putem, la discretia noastra, sa limitam sau sa anulam cantitatile achizitionate per persoana, sau pe comanda. Aceste restrictii pot include comenzi plasate de catre sau sub acelasi cont de client, aceeasi metoda de plata si\/sau comenzi care utilizeaza aceeasi adresa de facturare sau de expediere. Ne rezervam dreptul de a limita sau interzice comenzile care, dupa singura noastra judecata, par a fi plasate de dealeri, rev\u00e2nzatori sau distribuitori.<\/p>\n\n\n\n<p>Returnare<\/p>\n\n\n\n<p>Iubim produsele noastre si speram ca si dumneavoastra. Verificam, inspectam si ambalam manual toate articolele \u00eenainte de expediere pentru a ne asigura ca sunt perfecte. Daca din orice motiv sunteti nemultumit, va rugam sa ne anuntati trimit\u00e2ndu-ne un e-mail la irina@be-one.ro si vom fi foarte bucurosi sa va ajutam in solutionarea problemei.<\/p>\n\n\n\n<p>Pachete deteriorate<\/p>\n\n\n\n<p>Daca ati primit coletul si este deteriorat, va trebui sa ne contactati \u00een termen de 48 de ore de la livrare. Tratam cererile de daune de la caz la caz. Va rugam sa ne contactati daca aveti probleme!<\/p>\n\n\n\n<p>Politica promotionala<\/p>\n\n\n\n<p>Din c\u00e2nd \u00een c\u00e2nd, vom oferi clientilor promotii, acestea vor include reduceri, cupoane, pachete de sapun si livrare gratuita. Toate promotiile sunt limitate la o singura utilizare per cos.<\/p>\n\n\n\n<p>Recenzie si comentarii<\/p>\n\n\n\n<p>Suntem o mica afacere si ne-am pus inima si sufletul \u00een producerea de sapunuri si cosmetice naturale de \u00eenalta calitate. De asemenea, depunem toate eforturile pentru a ne asigura ca produsele noastre sunt ambalate si pregatite pentru livrare cu grija. Clientii nostri pot lasa recenzii despre produsele noastre, daca aveti o problema, va rugam sa veniti la noi \u00eenainte de a lasa o recenzie slaba si permiteti-ne sansa de a remedia situatia. Daca consideram ca o recenzie negativa este nefondata, neadevarata sau pur si simplu rau intentionata, ne rezervam dreptul de a o elimina.<\/p>\n","protected":false},"excerpt":{"rendered":"<p>Termeni si conditii de utilizare \u00cenregistrare utilizator Daca \u00eenregistrati un cont la noi, acolo veti putea accesa istoricul achizitilor si<\/p>\n","protected":false},"author":1,"featured_media":0,"parent":0,"menu_order":0,"comment_status":"closed","ping_status":"closed","template":"","meta":{"footnotes":""},"class_list":["post-15854","page","type-page","status-publish","hentry"],"jetpack_sharing_enabled":true,"_links":{"self":[{"href":"https:\/\/be-one.ro\/cosmetics\/wp-json\/wp\/v2\/pages\/15854","targetHints":{"allow":["GET"]}}],"collection":[{"href":"https:\/\/be-one.ro\/cosmetics\/wp-json\/wp\/v2\/pages"}],"about":[{"href":"https:\/\/be-one.ro\/cosmetics\/wp-json\/wp\/v2\/types\/page"}],"author":[{"embeddable":true,"href":"https:\/\/be-one.ro\/cosmetics\/wp-json\/wp\/v2\/users\/1"}],"replies":[{"embeddable":true,"href":"https:\/\/be-one.ro\/cosmetics\/wp-json\/wp\/v2\/comments?post=15854"}],"version-history":[{"count":1,"href":"https:\/\/be-one.ro\/cosmetics\/wp-json\/wp\/v2\/pages\/15854\/revisions"}],"predecessor-version":[{"id":15855,"href":"https:\/\/be-one.ro\/cosmetics\/wp-json\/wp\/v2\/pages\/15854\/revisions\/15855"}],"wp:attachment":[{"href":"https:\/\/be-one.ro\/cosmetics\/wp-json\/wp\/v2\/media?parent=15854"}],"curies":[{"name":"wp","href":"https:\/\/api.w.org\/{rel}","templated":true}]}}