{"id":16064,"date":"2024-02-17T12:31:08","date_gmt":"2024-02-17T12:31:08","guid":{"rendered":"https:\/\/be-one.ro\/cosmetics\/?post_type=product&#038;p=16064"},"modified":"2024-11-04T07:56:17","modified_gmt":"2024-11-04T07:56:17","slug":"raspberry-ulei-fortifiant-pentru-unghii-si-cuticule-artizanal-handmade-15-ml","status":"publish","type":"product","link":"https:\/\/be-one.ro\/cosmetics\/produs\/raspberry-ulei-fortifiant-pentru-unghii-si-cuticule-artizanal-handmade-15-ml\/","title":{"rendered":"RASPBERRY ~ ULEI FORTIFIANT PENTRU UNGHII SI CUTICULE ARTIZANAL HANDMADE ~ 15 ML ~"},"content":{"rendered":"<p style=\"text-align: center;\"><strong>v Fortifica unghiile si hidrateaza cuticulele,<\/strong><\/p>\n<p style=\"text-align: center;\"><strong>v Aromat cu parfumant natural de mango,<\/strong><\/p>\n<p style=\"text-align: center;\"><strong>v Obtinut 100% handmade,<\/strong><\/p>\n<p style=\"text-align: center;\"><strong>v Vegan-friendly,<\/strong><\/p>\n<p style=\"text-align: center;\"><strong>v Ambalaj luxos si prietenos cu mediul.<\/strong><\/p>\n<p style=\"text-align: center;\"><strong>INGREDIENTELE <em>(INCI)<\/em> FOLOSITE SI BENEFICIILE ACESTORA<\/strong><\/p>\n<p style=\"text-align: center;\"><strong>v ULEI DE RICIN <em>(Ricinus Communis Seed Oil)<\/em><\/strong><\/p>\n<p style=\"text-align: center;\"><strong>Un ulei mult diferit fata de uleiurile vegetale \u00een general, este foarte v\u00e2scos si ultra hidratant. Confera pielii si parului un strat protector cu efect de stralucire, hraneste si calmeaza pielea, \u00eentareste si favorizeaza cresterea unghiilor, a parului si a genelor. <\/strong><\/p>\n<p style=\"text-align: center;\"><strong>Intareste si favorizeaza cresterea unghiilor, a parului si a genelor.<\/strong><\/p>\n<p style=\"text-align: center;\"><strong>v ULEI DE BORAGO<em>(Borago Officinalis Seed Oil)<\/em><\/strong><\/p>\n<p style=\"text-align: center;\"><strong>Foarte bogat \u00een acizi grasi polinesaturati cu beneficii regeneratoare, sustine functia de bariera a pielii, restabileste elasticitatea si tonusul cutanat, este o deosebit de buna alegere pentru combaterea semnelor de \u00eembatr\u00e2nire si pentru a mentine aspectul tineresc al pielii. \u00a0Incurajeaza regenerarea celulelor pielii.<\/strong><\/p>\n<p style=\"text-align: center;\"><strong>v EXTRACT ANTIOXIDANT DE ROZMARIN <em>(Rosmarinus Officinalis Leaf Extract)<\/em><\/strong><\/p>\n<p style=\"text-align: center;\"><strong>Un extract natural cu o mare eficacitate, valoros \u00een produsele cosmetice pentru activitatea sa puternic antioxidanta. Contribuie la prevenirea r\u00e2ncezirii uleiurilor vegetale si a uleiurilor esentiale, \u00eent\u00e2rzie oxidarea preparatelor cosmetice care contin lipide de origine vegetala. De asemenea, are proprietati antiinflamatorii si de purificare a pielii.Este antioxidant, anti-\u00eembatr\u00e2nire, \u00eembunatateste \u00een general conditia pielii uscate si mature, hidrateaza si hraneste pielea \u00een profunzime. O linisteste si ii reface stratul lipidic.<\/strong><\/p>\n<p style=\"text-align: center;\"><strong>v PARFUMANT NATURAL DE ZMEURA <em>(Parfum)<\/em><\/strong><\/p>\n<p style=\"text-align: center;\"><strong>Parfum fidel de boabe coapte de zmeura si de fructe de padure, cu note fine de mure si ananas.<\/strong><\/p>\n<p style=\"text-align: center;\"><strong>Este un amestec concentrat de substante aromatice, complet natural, de origine vegetala, special conceput pentru aplicatii cosmetice.<\/strong><\/p>\n<p>&nbsp;<\/p>\n<p>&nbsp;<\/p>\n","protected":false},"excerpt":{"rendered":"<p style=\"text-align: center;\"><strong>\u201eUn amestec ce contine uleiuri cunoscute pentru proprietatile nutritive, emoliente si fortifiante, benefic pentru \u00eengrijirea unghiilor si a cuticulelor.<\/strong><\/p>\n<p style=\"text-align: center;\"><strong>Cu o aroma fina de zmeura bine coapta, hidrateaza profund cuticula stimuland in acelasi timp si simtul olfactiv!\u201d<\/strong><\/p>\n<p>&nbsp;<\/p>\n","protected":false},"featured_media":16065,"comment_status":"open","ping_status":"closed","template":"","meta":[],"product_brand":[],"product_cat":[75,82],"product_tag":[],"class_list":{"0":"post-16064","1":"product","2":"type-product","3":"status-publish","4":"has-post-thumbnail","6":"product_cat-acasa","7":"product_cat-uleiuri-de-corp","9":"first","10":"instock","11":"shipping-taxable","12":"purchasable","13":"product-type-simple"},"jetpack_sharing_enabled":true,"_links":{"self":[{"href":"https:\/\/be-one.ro\/cosmetics\/wp-json\/wp\/v2\/product\/16064","targetHints":{"allow":["GET"]}}],"collection":[{"href":"https:\/\/be-one.ro\/cosmetics\/wp-json\/wp\/v2\/product"}],"about":[{"href":"https:\/\/be-one.ro\/cosmetics\/wp-json\/wp\/v2\/types\/product"}],"replies":[{"embeddable":true,"href":"https:\/\/be-one.ro\/cosmetics\/wp-json\/wp\/v2\/comments?post=16064"}],"version-history":[{"count":3,"href":"https:\/\/be-one.ro\/cosmetics\/wp-json\/wp\/v2\/product\/16064\/revisions"}],"predecessor-version":[{"id":16076,"href":"https:\/\/be-one.ro\/cosmetics\/wp-json\/wp\/v2\/product\/16064\/revisions\/16076"}],"wp:featuredmedia":[{"embeddable":true,"href":"https:\/\/be-one.ro\/cosmetics\/wp-json\/wp\/v2\/media\/16065"}],"wp:attachment":[{"href":"https:\/\/be-one.ro\/cosmetics\/wp-json\/wp\/v2\/media?parent=16064"}],"wp:term":[{"taxonomy":"product_brand","embeddable":true,"href":"https:\/\/be-one.ro\/cosmetics\/wp-json\/wp\/v2\/product_brand?post=16064"},{"taxonomy":"product_cat","embeddable":true,"href":"https:\/\/be-one.ro\/cosmetics\/wp-json\/wp\/v2\/product_cat?post=16064"},{"taxonomy":"product_tag","embeddable":true,"href":"https:\/\/be-one.ro\/cosmetics\/wp-json\/wp\/v2\/product_tag?post=16064"}],"curies":[{"name":"wp","href":"https:\/\/api.w.org\/{rel}","templated":true}]}}