{"id":16467,"date":"2024-04-25T13:50:30","date_gmt":"2024-04-25T13:50:30","guid":{"rendered":"https:\/\/be-one.ro\/cosmetics\/?post_type=product&#038;p=16467"},"modified":"2026-05-06T05:54:43","modified_gmt":"2026-05-06T05:54:43","slug":"glow-fast-tan-elixir-accelerator-intensiv-pentru-bronzare-100-ml-mango-toffee","status":"publish","type":"product","link":"https:\/\/be-one.ro\/cosmetics\/produs\/glow-fast-tan-elixir-accelerator-intensiv-pentru-bronzare-100-ml-mango-toffee\/","title":{"rendered":"GLOW FAST-TAN ELIXIR &#8211; ACCELERATOR INTENSIV DE BRONZARE 100 ML MANGO\/TOFFEE"},"content":{"rendered":"<p style=\"text-align: center;\">&#8211; ACCELERATOR INTENSIV DE BRONZARE<\/p>\n<p style=\"text-align: center;\">-IMBOGATIT CU VITAMINA E SI CAROTEN<\/p>\n<p style=\"text-align: center;\">-CU ULEIURI 100% NATURALE<\/p>\n<p>&nbsp;<\/p>\n<p style=\"text-align: center;\">INGREDIENTE (INCI) SI PROPRIETATILE LOR:<\/p>\n<p style=\"text-align: center;\"><strong>Ulei de Cocos (Cocos Nucifera Oil):<\/strong><\/p>\n<p style=\"text-align: center;\">Bogat \u00een acizi gra\u0219i \u0219i antioxidan\u021bi, uleiul de cocos are propriet\u0103\u021bi hidratante profunde \u0219i poate ajuta la men\u021binerea elasticit\u0103\u021bii pielii. De asemenea, con\u021bine o mic\u0103 cantitate de factor de protec\u021bie solar\u0103 natural\u0103 (SPF), protej\u00e2nd pielea \u00eempotriva radia\u021biilor UV.<\/p>\n<p style=\"text-align: center;\"><strong>Ulei de M\u0103sline (Olea Europaea Oil):<\/strong><\/p>\n<p style=\"text-align: center;\">Recunoscut pentru propriet\u0103\u021bile sale emoliente \u0219i regenerative, uleiul de m\u0103sline p\u0103trunde \u00een profunzimea pielii, hidrat\u00e2nd-o \u0219i hr\u0103nind-o \u00een acela\u0219i timp. De asemenea, este bogat \u00een antioxidan\u021bi care protejeaz\u0103 pielea \u00eempotriva radicalilor liberi \u0219i \u00eemb\u0103tr\u00e2nirii premature.<\/p>\n<p style=\"text-align: center;\"><strong>Ulei de Jojoba (Simmondsia Chinensis Seed Oil):<\/strong><\/p>\n<p style=\"text-align: center;\">Av\u00e2nd o structur\u0103 similar\u0103 cu sebumul natural al pielii, uleiul de jojoba regleaz\u0103 produc\u021bia de sebum \u0219i men\u021bine echilibrul pielii. De asemenea, este non-comedogenic, ceea ce \u00eenseamn\u0103 c\u0103 nu va bloca porii, l\u0103s\u00e2nd pielea s\u0103 respire liber.<\/p>\n<p style=\"text-align: center;\"><strong>Ulei de Germeni de Gr\u00e2u (Triticum Vulgare Germ Oil):<\/strong><\/p>\n<p style=\"text-align: center;\">Este bogat \u00een vitamina E \u0219i acizi gra\u0219i esen\u021biali, care hr\u0103nesc \u0219i regenereaz\u0103 pielea, ajut\u00e2nd la men\u021binerea elasticit\u0103\u021bii \u0219i la vindecarea celulelor deteriorate. De asemenea, ajut\u0103 la \u00eembun\u0103t\u0103\u021birea texturii pielii \u0219i la reducerea aspectului vergeturilor.<\/p>\n<p style=\"text-align: center;\"><strong>Ulei de Migdale Dulci (Prunus Amygdalus Dulcis Oil):<\/strong><\/p>\n<p style=\"text-align: center;\">Un alt ulei bogat \u00een vitamina E, uleiul de migdale dulci hidrateaz\u0103 profund pielea \u0219i ajut\u0103 la calmarea irita\u021biilor \u0219i a inflama\u021biilor. De asemenea, are propriet\u0103\u021bi anti\u00eemb\u0103tr\u00e2nire \u0219i ajut\u0103 la reducerea petelor \u00eentunecate.<\/p>\n<p style=\"text-align: center;\"><strong>Unt de Cacao \u0219i Unt de Mango ( Theobroma Cocoa Seed Butter si Mangifera Indica Seed Butter):<\/strong><\/p>\n<p style=\"text-align: center;\">Ambele ingrediente sunt bogate \u00een acizi gra\u0219i \u0219i antioxidan\u021bi, care hidrateaz\u0103 \u0219i hr\u0103nesc pielea \u00een profunzime. Untul de cacao are \u0219i un u\u0219or efect de protec\u021bie solar\u0103, \u00een timp ce untul de mango ajut\u0103 la men\u021binerea elasticit\u0103\u021bii pielii.<\/p>\n<p style=\"text-align: center;\"><strong>Vitamina E (Tocopherol):<\/strong><\/p>\n<p style=\"text-align: center;\">Este un puternic antioxidant care protejeaz\u0103 pielea \u00eempotriva daunelor cauzate de radicalii liberi \u0219i de expunerea la soare. De asemenea, ajut\u0103 la men\u021binerea hidrat\u0103rii \u0219i a elasticit\u0103\u021bii pielii.<\/p>\n<p style=\"text-align: center;\"><strong>Caroten (Beta-Carotene):<\/strong><\/p>\n<p style=\"text-align: center;\">Este un precursor al vitaminei A, care poate ajuta la stimularea produc\u021biei de melanin\u0103 \u00een piele, preg\u0103tind-o pentru o bronzare mai rapid\u0103 \u0219i mai uniform\u0103.<\/p>\n<p style=\"text-align: center;\">\n","protected":false},"excerpt":{"rendered":"<p>Descoper\u0103 secretul unei bronz\u0103ri excep\u021bionale cu noul nostru ELIXIR INTENSIV DE BRONZARE &#8211; GLOW FAST-TAN ELIXIR!<br \/>\nFormulat cu o combina\u021bie unic\u0103 de uleiuri naturale de jojoba, germeni de gr\u00e2u, m\u0103sline, migdale dulci, cocos, unt de mango \u0219i unt de cacao, acest elixir nu doar accelereaz\u0103 procesul de bronzare, dar \u0219i intensific\u0103 \u0219i uniformizeaz\u0103 rezultatul.<br \/>\nCu o textur\u0103 fin\u0103 \u0219i absor\u021bie rapid\u0103, acest elixir ofer\u0103 pielii tale o hidratare profund\u0103 \u0219i un bronz radiant \u0219i uniform.<br \/>\nFie c\u0103 e\u0219ti pe plaj\u0103 sau \u00een solar, experien\u021ba ta de bronzare va fi transformat\u0103 \u00eentr-o aventur\u0103 a str\u0103lucirii \u0219i a frumuse\u021bii naturale.<\/p>\n<p>DATORITA ULEIULUI DE GERMENI DE GRAU DIN COMPOZITIE CARE ARE UN SPF DE PANA LA 2O, PREZENT IN MOD NATURAL, GLOW FAST-TAN ELIXIR OFERA SI PROTECTIE SOLARA, INSA RECOMANDAM UTILIZAREA UNUI PRODUS CU SPF MAI MARE INAINTE DE EXPUNEREA LA SOARE SAU SOLAR!<\/p>\n","protected":false},"featured_media":16609,"comment_status":"open","ping_status":"closed","template":"","meta":[],"product_brand":[],"product_cat":[75,82],"product_tag":[],"class_list":{"0":"post-16467","1":"product","2":"type-product","3":"status-publish","4":"has-post-thumbnail","6":"product_cat-acasa","7":"product_cat-uleiuri-de-corp","9":"first","10":"instock","11":"sale","12":"shipping-taxable","13":"purchasable","14":"product-type-variable"},"jetpack_sharing_enabled":true,"_links":{"self":[{"href":"https:\/\/be-one.ro\/cosmetics\/wp-json\/wp\/v2\/product\/16467","targetHints":{"allow":["GET"]}}],"collection":[{"href":"https:\/\/be-one.ro\/cosmetics\/wp-json\/wp\/v2\/product"}],"about":[{"href":"https:\/\/be-one.ro\/cosmetics\/wp-json\/wp\/v2\/types\/product"}],"replies":[{"embeddable":true,"href":"https:\/\/be-one.ro\/cosmetics\/wp-json\/wp\/v2\/comments?post=16467"}],"version-history":[{"count":4,"href":"https:\/\/be-one.ro\/cosmetics\/wp-json\/wp\/v2\/product\/16467\/revisions"}],"predecessor-version":[{"id":16583,"href":"https:\/\/be-one.ro\/cosmetics\/wp-json\/wp\/v2\/product\/16467\/revisions\/16583"}],"wp:featuredmedia":[{"embeddable":true,"href":"https:\/\/be-one.ro\/cosmetics\/wp-json\/wp\/v2\/media\/16609"}],"wp:attachment":[{"href":"https:\/\/be-one.ro\/cosmetics\/wp-json\/wp\/v2\/media?parent=16467"}],"wp:term":[{"taxonomy":"product_brand","embeddable":true,"href":"https:\/\/be-one.ro\/cosmetics\/wp-json\/wp\/v2\/product_brand?post=16467"},{"taxonomy":"product_cat","embeddable":true,"href":"https:\/\/be-one.ro\/cosmetics\/wp-json\/wp\/v2\/product_cat?post=16467"},{"taxonomy":"product_tag","embeddable":true,"href":"https:\/\/be-one.ro\/cosmetics\/wp-json\/wp\/v2\/product_tag?post=16467"}],"curies":[{"name":"wp","href":"https:\/\/api.w.org\/{rel}","templated":true}]}}