{"id":16493,"date":"2024-05-31T11:20:13","date_gmt":"2024-05-31T11:20:13","guid":{"rendered":"https:\/\/be-one.ro\/cosmetics\/?post_type=product&#038;p=16493"},"modified":"2026-05-06T05:53:52","modified_gmt":"2026-05-06T05:53:52","slug":"glow-pink-oil-ulei-universal-cu-efect-radiant-50-ml-editie-limitata","status":"publish","type":"product","link":"https:\/\/be-one.ro\/cosmetics\/produs\/glow-pink-oil-ulei-universal-cu-efect-radiant-50-ml-editie-limitata\/","title":{"rendered":"GLOW PINK OIL ~ ULEI UNIVERSAL CU EFECT RADIANT ~ 50 ml ~ EDITIE LIMITATA"},"content":{"rendered":"<h5 style=\"font-weight: 400; text-align: center;\"><strong style=\"font-style: inherit; font-weight: 600;\"><span style=\"font-style: inherit; font-weight: inherit;\">Observatie!<\/span><\/strong><\/h5>\n<h5 style=\"font-weight: 400; text-align: center;\"><strong style=\"font-style: inherit; font-weight: 600;\"><span style=\"font-style: inherit; font-weight: inherit;\">Se agita foarte bine inainte de fiecare utilizare!<\/span><\/strong><\/h5>\n<h5 style=\"font-weight: 400; text-align: center;\"><strong style=\"font-style: inherit; font-weight: 600;\"><span style=\"font-style: inherit; font-weight: inherit;\">Pentru ca nu sunt adaugati stabilizatori, pigmentii se depun dupa un timp si nu raman in suspensie, acest lucru nu defavorieaza cu nimic functionalitatea produsului, fiind un lucru perfect normal pentru produsele naturale.<\/span><\/strong><\/h5>\n<h5 style=\"font-weight: 400; text-align: center;\"><\/h5>\n<h5 style=\"font-weight: 400; text-align: center;\"><strong style=\"font-style: inherit; font-weight: 600;\"><span style=\"font-style: inherit; font-weight: inherit;\">v<span style=\"font-weight: inherit;\">\u00a0<\/span>Aromat cu uleiuri naturale si extracte naturale,<\/span><\/strong><\/h5>\n<h5 style=\"font-weight: 400; text-align: center;\"><strong style=\"font-style: inherit; font-weight: 600;\"><span style=\"font-style: inherit; font-weight: inherit;\">v<span style=\"font-weight: inherit;\">\u00a0<\/span>Ideal pentru toate tipurile de piele,<\/span><\/strong><\/h5>\n<h5 style=\"font-weight: 400; text-align: center;\"><strong style=\"font-style: inherit; font-weight: 600;\"><span style=\"font-style: inherit; font-weight: inherit;\">v<span style=\"font-weight: inherit;\">\u00a0<\/span>Hidratant si iluminator,<\/span><\/strong><\/h5>\n<h5 style=\"font-weight: 400; text-align: center;\"><strong style=\"font-style: inherit; font-weight: 600;\"><span style=\"font-style: inherit; font-weight: inherit;\">v<span style=\"font-weight: inherit;\">\u00a0<\/span>Nuantator pentru piele,<\/span><\/strong><\/h5>\n<h5 style=\"font-weight: 400; text-align: center;\"><strong style=\"font-style: inherit; font-weight: 600;\"><span style=\"font-style: inherit; font-weight: inherit;\">v<span style=\"font-weight: inherit;\">\u00a0<\/span>Utilizare universala,<\/span><\/strong><\/h5>\n<h5 style=\"font-weight: 400; text-align: center;\"><strong style=\"font-style: inherit; font-weight: 600;\"><span style=\"font-style: inherit; font-weight: inherit;\">v<span style=\"font-weight: inherit;\">\u00a0<\/span>Vegan-friendly,<\/span><\/strong><\/h5>\n<h5 style=\"font-weight: 400; text-align: center;\"><strong style=\"font-style: inherit; font-weight: 600;\">\u00a0<\/strong><\/h5>\n<h5 style=\"font-weight: 400; text-align: center;\"><strong style=\"font-style: inherit; font-weight: 600;\"><span style=\"font-style: inherit; font-weight: inherit;\">v<span style=\"font-weight: inherit;\">\u00a0<\/span>Ambalaj luxos si prietenos cu mediul.<\/span><\/strong><\/h5>\n<h5 style=\"font-weight: 400; text-align: center;\"><strong style=\"font-style: inherit; font-weight: 600;\">\u00a0<\/strong><\/h5>\n<h5 style=\"font-weight: 400; text-align: center;\"><strong style=\"font-style: inherit; font-weight: 600;\"><span style=\"font-style: inherit; font-weight: inherit;\">INGREDIENTELE\u00a0<i><em style=\"font-weight: inherit;\">(INCI)<\/em><\/i>\u00a0FOLOSITE SI BENEFICIILE ACESTORA<\/span><\/strong><\/h5>\n<h5 style=\"font-weight: 400; text-align: center;\"><strong style=\"font-style: inherit; font-weight: 600;\">\u00a0<\/strong><\/h5>\n<h5 style=\"font-weight: 400; text-align: center;\"><strong style=\"font-style: inherit; font-weight: 600;\"><span style=\"font-style: inherit; font-weight: inherit;\">v<span style=\"font-weight: inherit;\">\u00a0\u00a0\u00a0<\/span>ULEI DE COCOS\u00a0<i><em style=\"font-weight: inherit;\">(Cocos Nucifera Oil)<\/em><\/i><\/span><\/strong><\/h5>\n<h5 style=\"font-weight: 400; text-align: center;\"><strong style=\"font-style: inherit; font-weight: 600;\"><span style=\"font-style: inherit; font-weight: inherit;\">Bogat\u00a0\u00een acizi grasi, inclusiv vitamina E, care protejeaza pielea de deteriorarea oxidativa si ofera o senzatie bogata de hidratare.<\/span><\/strong><\/h5>\n<h5 style=\"font-weight: 400; text-align: center;\"><strong style=\"font-style: inherit; font-weight: 600;\"><span style=\"font-style: inherit; font-weight: inherit;\">Vitamina E este un antioxidant care ajuta la protejarea pielii de radicalii liberi si de efectele adverse ale soarelui, cum ar fi imbatranirea prematura si ridurile.<\/span><\/strong><\/h5>\n<h5 style=\"font-weight: 400; text-align: center;\"><strong style=\"font-style: inherit; font-weight: 600;\">\u00a0<\/strong><\/h5>\n<h5 style=\"font-weight: 400; text-align: center;\"><strong style=\"font-style: inherit; font-weight: 600;\"><span style=\"font-style: inherit; font-weight: inherit;\">v<span style=\"font-weight: inherit;\">\u00a0\u00a0\u00a0<\/span>ULEI CAPRILIS\u00a0<i><em style=\"font-weight: inherit;\">(Capric Triglycerides)<\/em><\/i><\/span><\/strong><\/h5>\n<h5 style=\"font-weight: 400; text-align: center;\"><strong style=\"font-style: inherit; font-weight: 600;\"><span style=\"font-style: inherit; font-weight: inherit;\">Caprilis sau uleiul de cocos fractionat este un emolient non-gras, cu textura foarte usoara, penetrant si foarte stabil. Este versatil si potrivit pentru pielea mixta, grasa sau problematica, nu\u00a0\u00eenfunda porii si este foarte placut senzorial.<\/span><\/strong><\/h5>\n<h5 style=\"font-weight: 400; text-align: center;\"><strong style=\"font-style: inherit; font-weight: 600;\"><span style=\"font-style: inherit; font-weight: inherit;\">Derivat din uleiul de nuca de cocos, este un ulei usor, penetrant, nu lasa o pelicula grasa, neplacuta pe piele asemenea multor uleiuri vegetale.<\/span><\/strong><\/h5>\n<h5 style=\"font-weight: 400; text-align: center;\"><strong style=\"font-style: inherit; font-weight: 600;\">\u00a0<\/strong><\/h5>\n<h5 style=\"font-weight: 400; text-align: center;\"><strong style=\"font-style: inherit; font-weight: 600;\"><span style=\"font-style: inherit; font-weight: inherit;\">Este usor, fin si matasos. Are miros neutru, este neiritant, nu pateaza, se\u00a0\u00eentinde usor pe piele si este rezistent la oxidare.<\/span><\/strong><\/h5>\n<h5 style=\"font-weight: 400; text-align: center;\"><strong style=\"font-style: inherit; font-weight: 600;\"><span style=\"font-style: inherit; font-weight: inherit;\">Lasa un luciu minim pe piele, un aspect matasos si hidratant.<\/span><\/strong><\/h5>\n<h5 style=\"font-weight: 400; text-align: center;\"><strong style=\"font-style: inherit; font-weight: 600;\">\u00a0<\/strong><\/h5>\n<h5 style=\"font-weight: 400; text-align: center;\"><strong style=\"font-style: inherit; font-weight: 600;\"><span style=\"font-style: inherit; font-weight: inherit;\">v<span style=\"font-weight: inherit;\">\u00a0\u00a0\u00a0<\/span>COCO-SILICONE VOLATIL\u00a0<i><em style=\"font-weight: inherit;\">(Undecane)<\/em><\/i><\/span><\/strong><\/h5>\n<h5 style=\"font-weight: 400; text-align: center;\"><strong style=\"font-style: inherit; font-weight: 600;\"><span style=\"font-style: inherit; font-weight: inherit;\">Emolient pe baza naturala, foarte usor si volatil, cu caracteristici senzoriale excelente, este ideal pentru a oferi o textura fina si eleganta.<\/span><\/strong><\/h5>\n<h5 style=\"font-weight: 400; text-align: center;\"><strong style=\"font-style: inherit; font-weight: 600;\"><span style=\"font-style: inherit; font-weight: inherit;\">Reprezinta o alternativa la siliconul volatil, emolient non-polar<\/span><\/strong><\/h5>\n<h5 style=\"font-weight: 400; text-align: center;\"><strong style=\"font-style: inherit; font-weight: 600;\"><span style=\"font-style: inherit; font-weight: inherit;\">repartizare ultrarapida, senzatie uscata si neteda pe piele.<\/span><\/strong><\/h5>\n<h5 style=\"font-weight: 400; text-align: center;\"><strong style=\"font-style: inherit; font-weight: 600;\">\u00a0<\/strong><\/h5>\n<h5 style=\"font-weight: 400; text-align: center;\"><strong style=\"font-style: inherit; font-weight: 600;\"><span style=\"font-style: inherit; font-weight: inherit;\">v<span style=\"font-weight: inherit;\">\u00a0\u00a0\u00a0<\/span>PIGMENT COSMETIC PINK <i><em style=\"font-weight: inherit;\">(CI 77891)<\/em><\/i><\/span><\/strong><\/h5>\n<h5 style=\"font-weight: 400; text-align: center;\"><strong style=\"font-style: inherit; font-weight: 600;\"><span style=\"font-style: inherit; font-weight: inherit;\">Pigment cosmetic mineral perlat potrivit pentru utilizarea \u00een produse cosmetice.<\/span><\/strong><\/h5>\n<h5 style=\"font-weight: 400; text-align: center;\"><strong style=\"font-style: inherit; font-weight: 600;\"><span style=\"font-style: inherit; font-weight: inherit;\">Pigment de \u00eenalta puritate, grad cosmetic, pulbere fina, fara nanoparticule, pigment perlat profesional cu textura fina si matasoasa.<\/span><\/strong><\/h5>\n<h5 style=\"font-weight: 400; text-align: center;\"><strong style=\"font-style: inherit; font-weight: 600;\">\u00a0<\/strong><\/h5>\n<h5 style=\"font-weight: 400; text-align: center;\"><strong style=\"font-style: inherit; font-weight: 600;\"><span style=\"font-style: inherit; font-weight: inherit;\">v<span style=\"font-weight: inherit;\">\u00a0\u00a0\u00a0<\/span>PARFUMANT NATURAL ROSES <i><em style=\"font-weight: inherit;\">(Parfum)<\/em><\/i><\/span><\/strong><\/h5>\n<h5 style=\"text-align: center;\"><strong>Asemenea unei gr\u0103dini de trandafiri pe \u00eenserat, ne \u00eenc\u00e2nt\u0103 cu note florale autentice, ca o adiere feminin\u0103 romantic\u0103, elegant\u0103. Confer\u0103 compozi\u021biilor cosmetice un parfum distinct caracteristic.<\/strong><\/h5>\n<h5 style=\"text-align: center;\"><strong>Este un amestec concentrat de substan\u021be aromatice, complet natural, de origine vegetal\u0103, special conceput pentru aplica\u021bii cosmetice.<\/strong><\/h5>\n<h5 style=\"font-weight: 400; text-align: center;\"><strong style=\"font-style: inherit; font-weight: 600;\"><span style=\"font-style: inherit; font-weight: inherit;\">Este 100% natural, fara ingrediente sintetice, fara conservanti.<\/span><\/strong><\/h5>\n<h5 style=\"font-weight: 400; text-align: center;\"><strong style=\"font-style: inherit; font-weight: 600;\">\u00a0<\/strong><\/h5>\n","protected":false},"excerpt":{"rendered":"<h5 style=\"font-weight: 400; text-align: center;\"><strong style=\"font-style: inherit; font-weight: 600;\"><span style=\"font-style: inherit; font-weight: inherit;\">\u201ePotrivit pentru toate tipurile de piele si cu utilizare universala, atat pe fata, cat si pe corp si par, uleiul Glow Pink Oil va deveni nelipsit din portfardul tuturor femeilor.<\/span><\/strong><\/h5>\n<h5 style=\"font-weight: 400; text-align: center;\"><strong style=\"font-style: inherit; font-weight: 600;\"><span style=\"font-style: inherit; font-weight: inherit;\">Cu aroma sa deosebita si in editie limitata a sublimelor flori de trandafiri, uleiul hidrateaza profund fara sa lase un aspect gras pe suprafata pielii. Tot ce ramane pe piele sunt particulele de pigment Pink ce vor nuanta pielea si ii vor oferi un aspect plin de stralucire!<\/span><\/strong><\/h5>\n<h5 style=\"font-weight: 400; text-align: center;\"><strong style=\"font-style: inherit; font-weight: 600;\"><span style=\"font-style: inherit; font-weight: inherit;\">Este recomandat pentru persoanele cu pielea foarte alba, rozalie, insa in acelasi timp si pentru pielea bronzata, oferind un aspect matasos si extrem de stralucitor in ambele cazuri!\u201d<\/span><\/strong><\/h5>\n<p style=\"font-weight: 400; text-align: center;\">\n","protected":false},"featured_media":16494,"comment_status":"open","ping_status":"closed","template":"","meta":[],"product_brand":[],"product_cat":[75,82],"product_tag":[],"class_list":{"0":"post-16493","1":"product","2":"type-product","3":"status-publish","4":"has-post-thumbnail","6":"product_cat-acasa","7":"product_cat-uleiuri-de-corp","9":"first","10":"instock","11":"sale","12":"shipping-taxable","13":"purchasable","14":"product-type-simple"},"jetpack_sharing_enabled":true,"_links":{"self":[{"href":"https:\/\/be-one.ro\/cosmetics\/wp-json\/wp\/v2\/product\/16493","targetHints":{"allow":["GET"]}}],"collection":[{"href":"https:\/\/be-one.ro\/cosmetics\/wp-json\/wp\/v2\/product"}],"about":[{"href":"https:\/\/be-one.ro\/cosmetics\/wp-json\/wp\/v2\/types\/product"}],"replies":[{"embeddable":true,"href":"https:\/\/be-one.ro\/cosmetics\/wp-json\/wp\/v2\/comments?post=16493"}],"version-history":[{"count":4,"href":"https:\/\/be-one.ro\/cosmetics\/wp-json\/wp\/v2\/product\/16493\/revisions"}],"predecessor-version":[{"id":16505,"href":"https:\/\/be-one.ro\/cosmetics\/wp-json\/wp\/v2\/product\/16493\/revisions\/16505"}],"wp:featuredmedia":[{"embeddable":true,"href":"https:\/\/be-one.ro\/cosmetics\/wp-json\/wp\/v2\/media\/16494"}],"wp:attachment":[{"href":"https:\/\/be-one.ro\/cosmetics\/wp-json\/wp\/v2\/media?parent=16493"}],"wp:term":[{"taxonomy":"product_brand","embeddable":true,"href":"https:\/\/be-one.ro\/cosmetics\/wp-json\/wp\/v2\/product_brand?post=16493"},{"taxonomy":"product_cat","embeddable":true,"href":"https:\/\/be-one.ro\/cosmetics\/wp-json\/wp\/v2\/product_cat?post=16493"},{"taxonomy":"product_tag","embeddable":true,"href":"https:\/\/be-one.ro\/cosmetics\/wp-json\/wp\/v2\/product_tag?post=16493"}],"curies":[{"name":"wp","href":"https:\/\/api.w.org\/{rel}","templated":true}]}}