{"id":16514,"date":"2024-06-13T10:58:00","date_gmt":"2024-06-13T10:58:00","guid":{"rendered":"https:\/\/be-one.ro\/cosmetics\/?post_type=product&#038;p=16514"},"modified":"2024-07-24T11:31:14","modified_gmt":"2024-07-24T11:31:14","slug":"forest-dew-nourishing-oil-ulei-uscat-hranitor-si-protector-hidratare-scalp","status":"publish","type":"product","link":"https:\/\/be-one.ro\/cosmetics\/produs\/forest-dew-nourishing-oil-ulei-uscat-hranitor-si-protector-hidratare-scalp\/","title":{"rendered":"FOREST DEW NOURISHING OIL ~ Ulei uscat hranitor si protector ~ Hidratare scalp"},"content":{"rendered":"<p style=\"text-align: center;\">\ud83d\udca7 Ingrediente active:<br \/>\n\ud83e\udd65 Caprilis &#8211; Emolient de top pentru hidratare \u0219i netezire;<br \/>\n\ud83c\udf45 Ulei din semin\u021be de tomate &#8211; Antioxidan\u021bi \u0219i acizi gra\u0219i esen\u021biali pentru protec\u021bie \u0219i hr\u0103nire;<br \/>\n\ud83c\udf3f Ulei de brusture &#8211; Stimuleaz\u0103 cre\u0219terea p\u0103rului \u0219i \u00eent\u0103re\u0219te r\u0103d\u0103cinile;<br \/>\n\ud83d\udd38 Vitamina E &#8211; Puternic antioxidant care combate radicalii liberi;<br \/>\n\ud83c\udf3f Extract de rozmarin &#8211; Stimuleaz\u0103 circula\u021bia sanguin\u0103 \u0219i fortific\u0103 firul de p\u0103r.<\/p>\n<p style=\"text-align: center;\">\ud83e\udd6d Cu aroma sa dulce \u0219i exotic\u0103 de mango, Forest Dew transform\u0103 \u00eengrijirea p\u0103rului \u00eentr-o experien\u021b\u0103 de lux, l\u0103s\u00e2ndu-\u021bi p\u0103rul s\u0103n\u0103tos \u0219i str\u0103lucitor.<\/p>\n<p style=\"text-align: center;\">\u2728 Beneficii cheie:<br \/>\n\u2714\ufe0f Hidrateaz\u0103 scalpul \u0219i p\u0103rul;<br \/>\n\u2714\ufe0f Nu las\u0103 o pelicul\u0103 gras\u0103;<br \/>\n\u2714\ufe0f Hr\u0103nitor \u0219i protector;<br \/>\n\u2714\ufe0fArom\u0103 dulce \u0219i exotic\u0103 de mango.<\/p>\n","protected":false},"excerpt":{"rendered":"<p style=\"text-align: center;\">\ud83c\udf3f Forest Dew: Primul ulei din gama celor 6 uleiuri pentru p\u0103r \u0219i scalp marca BeOne Luxury Cosmetics! \ud83c\udf3f<\/p>\n<p style=\"text-align: center;\">Mod de utilizare:<\/p>\n<p style=\"text-align: center;\">Se pun 3-4 picaturi intre palme si apoi se aplica pe scalp prin miscari circulare de masaj si pe lungimi.<\/p>\n<p style=\"text-align: center;\">Hidrateaza scalpul si si protejeaza firele de par hranindu-le in profunzime.<\/p>\n<p style=\"text-align: center;\">Un ulei uscat de ultim\u0103 genera\u021bie, creat pentru a hr\u0103ni \u0219i proteja p\u0103rul \u0219i scalpul. Formula noastr\u0103 special\u0103 combin\u0103 caprilisul, un ulei derivat din nuc\u0103 de cocos cunoscut pentru propriet\u0103\u021bile sale emoliente, cu ulei din semin\u021be de tomate \u0219i brusture, bogate \u00een antioxidan\u021bi \u0219i acizi gra\u0219i esen\u021biali. \u00cembog\u0103\u021bit cu vitamina E \u0219i extract de rozmarin, acest ulei fortific\u0103 p\u0103rul \u0219i scalpul, oferind hidratare intensiv\u0103 f\u0103r\u0103 a l\u0103sa o pelicul\u0103 gras\u0103.<\/p>\n","protected":false},"featured_media":16541,"comment_status":"open","ping_status":"closed","template":"","meta":[],"product_brand":[],"product_cat":[75,190],"product_tag":[],"class_list":{"0":"post-16514","1":"product","2":"type-product","3":"status-publish","4":"has-post-thumbnail","6":"product_cat-acasa","7":"product_cat-uleiuri-pentru-par","9":"first","10":"instock","11":"shipping-taxable","12":"purchasable","13":"product-type-simple"},"jetpack_sharing_enabled":true,"_links":{"self":[{"href":"https:\/\/be-one.ro\/cosmetics\/wp-json\/wp\/v2\/product\/16514","targetHints":{"allow":["GET"]}}],"collection":[{"href":"https:\/\/be-one.ro\/cosmetics\/wp-json\/wp\/v2\/product"}],"about":[{"href":"https:\/\/be-one.ro\/cosmetics\/wp-json\/wp\/v2\/types\/product"}],"replies":[{"embeddable":true,"href":"https:\/\/be-one.ro\/cosmetics\/wp-json\/wp\/v2\/comments?post=16514"}],"version-history":[{"count":3,"href":"https:\/\/be-one.ro\/cosmetics\/wp-json\/wp\/v2\/product\/16514\/revisions"}],"predecessor-version":[{"id":16524,"href":"https:\/\/be-one.ro\/cosmetics\/wp-json\/wp\/v2\/product\/16514\/revisions\/16524"}],"wp:featuredmedia":[{"embeddable":true,"href":"https:\/\/be-one.ro\/cosmetics\/wp-json\/wp\/v2\/media\/16541"}],"wp:attachment":[{"href":"https:\/\/be-one.ro\/cosmetics\/wp-json\/wp\/v2\/media?parent=16514"}],"wp:term":[{"taxonomy":"product_brand","embeddable":true,"href":"https:\/\/be-one.ro\/cosmetics\/wp-json\/wp\/v2\/product_brand?post=16514"},{"taxonomy":"product_cat","embeddable":true,"href":"https:\/\/be-one.ro\/cosmetics\/wp-json\/wp\/v2\/product_cat?post=16514"},{"taxonomy":"product_tag","embeddable":true,"href":"https:\/\/be-one.ro\/cosmetics\/wp-json\/wp\/v2\/product_tag?post=16514"}],"curies":[{"name":"wp","href":"https:\/\/api.w.org\/{rel}","templated":true}]}}