{"id":16525,"date":"2024-06-14T10:59:11","date_gmt":"2024-06-14T10:59:11","guid":{"rendered":"https:\/\/be-one.ro\/cosmetics\/?post_type=product&#038;p=16525"},"modified":"2024-11-04T07:54:09","modified_gmt":"2024-11-04T07:54:09","slug":"mountain-mist-repair-serum-sinergie-de-uleiuri-hranitoare-catifelare-si-stralucire","status":"publish","type":"product","link":"https:\/\/be-one.ro\/cosmetics\/produs\/mountain-mist-repair-serum-sinergie-de-uleiuri-hranitoare-catifelare-si-stralucire\/","title":{"rendered":"MOUNTAIN MIST REPAIR SERUM ~ Sinergie de uleiuri hranitoare ~ catifelare si stralucire"},"content":{"rendered":"<p style=\"text-align: center;\">\ud83d\udc69\ud83c\udffc\u200d\ud83d\udd2c Ingrediente active:<\/p>\n<p style=\"text-align: center;\">\u2728 Ulei de amla: bogat \u00een vitamina C \u0219i antioxidan\u021bi, \u00eent\u0103re\u0219te foliculii de p\u0103r \u0219i previne c\u0103derea acestuia.<br \/>\n\u2728 Ulei de brusture: con\u021bine acizi gra\u0219i esen\u021biali \u0219i fitosteroli care hr\u0103nesc scalpul \u0219i stimuleaz\u0103 cre\u0219terea s\u0103n\u0103toas\u0103 a p\u0103rului.<br \/>\n\u2728 Ulei de mu\u0219tar: recunoscut pentru propriet\u0103\u021bile sale antifungice \u0219i antibacteriene, men\u021bine scalpul curat \u0219i s\u0103n\u0103tos.<br \/>\n\u2728 Ulei de broccoli: bogat \u00een vitamina K \u0219i acizi gra\u0219i omega-9, ofer\u0103 str\u0103lucire \u0219i hidratare intens\u0103 p\u0103rului.<\/p>\n<p style=\"text-align: center;\">\u2757\ufe0fExperimenteaz\u0103 repararea \u0219i refacerea suprem\u0103, l\u0103s\u00e2nd p\u0103rul catifelat \u0219i plin de str\u0103lucire. \u2728\ud83d\udc86\u200d\u2640\ufe0f<\/p>\n","protected":false},"excerpt":{"rendered":"<p style=\"text-align: center;\">\u2705 Cu o arom\u0103 exotic\u0103 \u00eenc\u00e2nt\u0103toare de verbin\u0103, Mountain Mist este ideal pentru p\u0103rul uscat, vopsit \u0219i cu v\u00e2rfuri despicate. \ud83c\udf38\u2728<\/p>\n<p style=\"text-align: center;\">Mod de utilizare:<\/p>\n<p style=\"text-align: center;\">Se pun 3-4 picaturi intre palme si se aplica pe lungimea parului.<\/p>\n<p style=\"text-align: center;\">Se poate utiliza atat pe parul umed cat si pe cel uscat!<\/p>\n","protected":false},"featured_media":16544,"comment_status":"open","ping_status":"closed","template":"","meta":[],"product_brand":[],"product_cat":[75,190],"product_tag":[],"class_list":{"0":"post-16525","1":"product","2":"type-product","3":"status-publish","4":"has-post-thumbnail","6":"product_cat-acasa","7":"product_cat-uleiuri-pentru-par","9":"first","10":"instock","11":"shipping-taxable","12":"purchasable","13":"product-type-simple"},"jetpack_sharing_enabled":true,"_links":{"self":[{"href":"https:\/\/be-one.ro\/cosmetics\/wp-json\/wp\/v2\/product\/16525","targetHints":{"allow":["GET"]}}],"collection":[{"href":"https:\/\/be-one.ro\/cosmetics\/wp-json\/wp\/v2\/product"}],"about":[{"href":"https:\/\/be-one.ro\/cosmetics\/wp-json\/wp\/v2\/types\/product"}],"replies":[{"embeddable":true,"href":"https:\/\/be-one.ro\/cosmetics\/wp-json\/wp\/v2\/comments?post=16525"}],"version-history":[{"count":2,"href":"https:\/\/be-one.ro\/cosmetics\/wp-json\/wp\/v2\/product\/16525\/revisions"}],"predecessor-version":[{"id":16528,"href":"https:\/\/be-one.ro\/cosmetics\/wp-json\/wp\/v2\/product\/16525\/revisions\/16528"}],"wp:featuredmedia":[{"embeddable":true,"href":"https:\/\/be-one.ro\/cosmetics\/wp-json\/wp\/v2\/media\/16544"}],"wp:attachment":[{"href":"https:\/\/be-one.ro\/cosmetics\/wp-json\/wp\/v2\/media?parent=16525"}],"wp:term":[{"taxonomy":"product_brand","embeddable":true,"href":"https:\/\/be-one.ro\/cosmetics\/wp-json\/wp\/v2\/product_brand?post=16525"},{"taxonomy":"product_cat","embeddable":true,"href":"https:\/\/be-one.ro\/cosmetics\/wp-json\/wp\/v2\/product_cat?post=16525"},{"taxonomy":"product_tag","embeddable":true,"href":"https:\/\/be-one.ro\/cosmetics\/wp-json\/wp\/v2\/product_tag?post=16525"}],"curies":[{"name":"wp","href":"https:\/\/api.w.org\/{rel}","templated":true}]}}