{"id":16531,"date":"2024-06-14T11:08:25","date_gmt":"2024-06-14T11:08:25","guid":{"rendered":"https:\/\/be-one.ro\/cosmetics\/?post_type=product&#038;p=16531"},"modified":"2024-11-04T07:54:01","modified_gmt":"2024-11-04T07:54:01","slug":"gleaming-meadow-hair-elixir-sigilare-cuticula-firului-de-par-prevenire-deteriorare-reparare-stralucire","status":"publish","type":"product","link":"https:\/\/be-one.ro\/cosmetics\/produs\/gleaming-meadow-hair-elixir-sigilare-cuticula-firului-de-par-prevenire-deteriorare-reparare-stralucire\/","title":{"rendered":"GLEAMING MEADOW HAIR ELIXIR ~ Sigilare cuticula firului de par ~ prevenire deteriorare ~ reparare &#038; stralucire"},"content":{"rendered":"<p style=\"text-align: center;\">\ud83e\uddea Ingrediente Cheie:<\/p>\n<p>\u2714\ufe0f Ulei de Kukui: Bogat \u00een acizi gra\u0219i esen\u021biali (omega-3 \u0219i omega-6) \u0219i vitamine A, C, \u0219i E, acest ulei hidrateaz\u0103 \u0219i protejeaz\u0103 p\u0103rul, prevenind deteriorarea \u0219i oferind o str\u0103lucire natural\u0103.<br \/>\n\u2714\ufe0f Ulei de Argan: Con\u021bine antioxidan\u021bi puternici \u0219i vitamina E, care repar\u0103 firul de p\u0103r, combate usc\u0103ciunea \u0219i frizz-ul, l\u0103s\u00e2nd p\u0103rul m\u0103t\u0103sos \u0219i str\u0103lucitor.<br \/>\n\u2714\ufe0f Ulei de Broccoli: Acidul erucic din acest ulei ofer\u0103 o str\u0103lucire intens\u0103 \u0219i ac\u021bioneaz\u0103 ca un silicon natural, f\u0103r\u0103 efectele secundare ale produselor sintetice.<br \/>\n\u2714\ufe0f Ulei esen\u021bial de Santal Amyris: Are propriet\u0103\u021bi calmante \u0219i regenerante, contribuind la s\u0103n\u0103tatea scalpului \u0219i la \u00eent\u0103rirea firului de p\u0103r.<br \/>\n\u2714\ufe0f Parfumant natural de flori de Tiare: Ofer\u0103 o experien\u021b\u0103 senzorial\u0103 de neuitat, transform\u00e2nd rutina de \u00eengrijire \u00eentr-un adev\u0103rat ritual de r\u0103sf\u0103\u021b.<br \/>\n\u2714\ufe0f Pigment mineral: Adaug\u0103 un plus de str\u0103lucire, reflect\u00e2nd lumina \u0219i conferind p\u0103rului t\u0103u un aspect radiant \u0219i s\u0103n\u0103tos.<\/p>\n","protected":false},"excerpt":{"rendered":"<p style=\"text-align: center;\">\u00a0Gleaming Meadow sigileaz\u0103 cuticula firului de p\u0103r, previne deteriorarea, \u00eel repar\u0103 \u0219i \u00eei ofer\u0103 o str\u0103lucire de invidiat.<\/p>\n<p>\u2757\ufe0f F\u0103-\u021bi p\u0103rul s\u0103 str\u0103luceasc\u0103 \u0219i bucur\u0103-te de un look impecabil cu BeOne Cosmetics! \ud83c\udf1f\ud83d\udc86\u200d\u2640\ufe0f\u2728<\/p>\n<p style=\"text-align: center;\">Mod de utilizare:<\/p>\n<p style=\"text-align: center;\">Se pun 3-4 picaturi intre palme si se aplica pe lungimea parului.<\/p>\n<p style=\"text-align: center;\">Se poate utiliza atat pe parul umed cat si pe cel uscat pentru o finisare stralucitoare!<\/p>\n","protected":false},"featured_media":16545,"comment_status":"open","ping_status":"closed","template":"","meta":[],"product_brand":[],"product_cat":[75,190],"product_tag":[],"class_list":{"0":"post-16531","1":"product","2":"type-product","3":"status-publish","4":"has-post-thumbnail","6":"product_cat-acasa","7":"product_cat-uleiuri-pentru-par","9":"first","10":"instock","11":"shipping-taxable","12":"purchasable","13":"product-type-simple"},"jetpack_sharing_enabled":true,"_links":{"self":[{"href":"https:\/\/be-one.ro\/cosmetics\/wp-json\/wp\/v2\/product\/16531","targetHints":{"allow":["GET"]}}],"collection":[{"href":"https:\/\/be-one.ro\/cosmetics\/wp-json\/wp\/v2\/product"}],"about":[{"href":"https:\/\/be-one.ro\/cosmetics\/wp-json\/wp\/v2\/types\/product"}],"replies":[{"embeddable":true,"href":"https:\/\/be-one.ro\/cosmetics\/wp-json\/wp\/v2\/comments?post=16531"}],"version-history":[{"count":3,"href":"https:\/\/be-one.ro\/cosmetics\/wp-json\/wp\/v2\/product\/16531\/revisions"}],"predecessor-version":[{"id":16546,"href":"https:\/\/be-one.ro\/cosmetics\/wp-json\/wp\/v2\/product\/16531\/revisions\/16546"}],"wp:featuredmedia":[{"embeddable":true,"href":"https:\/\/be-one.ro\/cosmetics\/wp-json\/wp\/v2\/media\/16545"}],"wp:attachment":[{"href":"https:\/\/be-one.ro\/cosmetics\/wp-json\/wp\/v2\/media?parent=16531"}],"wp:term":[{"taxonomy":"product_brand","embeddable":true,"href":"https:\/\/be-one.ro\/cosmetics\/wp-json\/wp\/v2\/product_brand?post=16531"},{"taxonomy":"product_cat","embeddable":true,"href":"https:\/\/be-one.ro\/cosmetics\/wp-json\/wp\/v2\/product_cat?post=16531"},{"taxonomy":"product_tag","embeddable":true,"href":"https:\/\/be-one.ro\/cosmetics\/wp-json\/wp\/v2\/product_tag?post=16531"}],"curies":[{"name":"wp","href":"https:\/\/api.w.org\/{rel}","templated":true}]}}