{"id":16538,"date":"2024-06-14T11:24:26","date_gmt":"2024-06-14T11:24:26","guid":{"rendered":"https:\/\/be-one.ro\/cosmetics\/?post_type=product&#038;p=16538"},"modified":"2026-05-06T05:53:21","modified_gmt":"2026-05-06T05:53:21","slug":"sunlit-shield-hair-protection-protectie-solara-pentru-par-hidrateaza-si-protejeaza","status":"publish","type":"product","link":"https:\/\/be-one.ro\/cosmetics\/produs\/sunlit-shield-hair-protection-protectie-solara-pentru-par-hidrateaza-si-protejeaza\/","title":{"rendered":"SUNLIT SHIELD HAIR PROTECTION ~ Protectie solara pentru par ~ Hidrateaza si protejeaza"},"content":{"rendered":"<p style=\"text-align: center;\">\ud83d\udd2c Ingrediente active \u0219i beneficiile lor:<\/p>\n<p>\u2714\ufe0f Ulei de Karanja: Acest ulei exotic con\u021bine flavonoide \u0219i karanjin, care ofer\u0103 o protec\u021bie natural\u0103 \u00eempotriva radia\u021biilor UV. Karanja are propriet\u0103\u021bi antiinflamatoare \u0219i antibacteriene, protej\u00e2nd scalpul \u0219i p\u0103rul de daunele solare.<br \/>\n\u2714\ufe0fCoco-silicone: Un derivat din nuca de cocos, acest ingredient formeaz\u0103 un strat protector pe firul de p\u0103r, prevenind pierderea de umiditate \u0219i protej\u00e2nd \u00eempotriva agresiunilor externe.<br \/>\n\u2714\ufe0f Extract de carote: Bogat \u00een beta-caroten \u0219i vitamine (A, C, E), extractul de carote ofer\u0103 un plus de nutrien\u021bi \u0219i protec\u021bie antioxidant\u0103. Beta-carotenul se transform\u0103 \u00een vitamina A, care ajut\u0103 la repararea celulelor \u0219i protejeaz\u0103 \u00eempotriva daunelor UV.<br \/>\n\u2714\ufe0f Vitamina E: Acest antioxidant puternic neutralizeaz\u0103 radicalii liberi \u0219i protejeaz\u0103 p\u0103rul de stresul oxidativ cauzat de expunerea la soare. Vitamina E ajut\u0103 la men\u021binerea elasticit\u0103\u021bii \u0219i hidrat\u0103rii p\u0103rului, prevenind deteriorarea \u0219i usc\u0103ciunea.<br \/>\n\u2714\ufe0f Extract antioxidant de rozmarin: Extractul de rozmarin este cunoscut pentru propriet\u0103\u021bile sale antioxidante \u0219i antiinflamatoare. Acesta protejeaz\u0103 scalpul \u0219i p\u0103rul de daunele oxidative \u0219i stimuleaz\u0103 circula\u021bia sanguin\u0103, promov\u00e2nd un p\u0103r mai s\u0103n\u0103tos \u0219i mai rezistent.<\/p>\n","protected":false},"excerpt":{"rendered":"<p style=\"text-align: center;\">\u2600\ufe0f\u2728 Sunlite Shield, ultimul ulei din seria noastr\u0103 de 6, creat special pentru protec\u021bia solar\u0103 a p\u0103rului! \ud83c\udf1e<\/p>\n<p>\ud83d\udc69\ud83c\udffc\u200d\ud83d\udd2c Formulat cu o combina\u021bie inovatoare de ingrediente active, Sunlite Shield ofer\u0103 o protec\u021bie eficient\u0103 \u00eempotriva radia\u021biilor UV, p\u0103str\u00e2ndu-\u021bi p\u0103rul s\u0103n\u0103tos \u0219i str\u0103lucitor \u00een sezonul cald.<\/p>\n<p style=\"text-align: center;\">\u2600\ufe0f\u2757\ufe0fTransform\u0103-\u021bi rutina de \u00eengrijire a p\u0103rului \u0219i bucur\u0103-te de soare f\u0103r\u0103 griji cu Sunlite Shield! \u2600\ufe0f\ud83d\udcab<\/p>\n<p style=\"text-align: center;\">Mod de utilizare:<\/p>\n<p style=\"text-align: center;\">Se pun 2-3 picaturi intre palme si se aplica pe lungimea parului inainte de expunerea la soare!<\/p>\n<p style=\"text-align: center;\">Se utilizeaza atat pe parul umed cat si pe el uscat!<\/p>\n<p style=\"text-align: center;\">Se recomanda reutilizarea uleiului dupa contactul cu apa de piscina sau mare!<\/p>\n<p style=\"text-align: center;\">In sezonul cald cu precadere, protectia solara pentru par trebuie sa fie nelipsita pentru mentinerea unui par sanatos!<\/p>\n","protected":false},"featured_media":16549,"comment_status":"open","ping_status":"closed","template":"","meta":[],"product_brand":[],"product_cat":[75,190],"product_tag":[],"class_list":{"0":"post-16538","1":"product","2":"type-product","3":"status-publish","4":"has-post-thumbnail","6":"product_cat-acasa","7":"product_cat-uleiuri-pentru-par","9":"first","10":"instock","11":"sale","12":"shipping-taxable","13":"purchasable","14":"product-type-simple"},"jetpack_sharing_enabled":true,"_links":{"self":[{"href":"https:\/\/be-one.ro\/cosmetics\/wp-json\/wp\/v2\/product\/16538","targetHints":{"allow":["GET"]}}],"collection":[{"href":"https:\/\/be-one.ro\/cosmetics\/wp-json\/wp\/v2\/product"}],"about":[{"href":"https:\/\/be-one.ro\/cosmetics\/wp-json\/wp\/v2\/types\/product"}],"replies":[{"embeddable":true,"href":"https:\/\/be-one.ro\/cosmetics\/wp-json\/wp\/v2\/comments?post=16538"}],"version-history":[{"count":2,"href":"https:\/\/be-one.ro\/cosmetics\/wp-json\/wp\/v2\/product\/16538\/revisions"}],"predecessor-version":[{"id":16550,"href":"https:\/\/be-one.ro\/cosmetics\/wp-json\/wp\/v2\/product\/16538\/revisions\/16550"}],"wp:featuredmedia":[{"embeddable":true,"href":"https:\/\/be-one.ro\/cosmetics\/wp-json\/wp\/v2\/media\/16549"}],"wp:attachment":[{"href":"https:\/\/be-one.ro\/cosmetics\/wp-json\/wp\/v2\/media?parent=16538"}],"wp:term":[{"taxonomy":"product_brand","embeddable":true,"href":"https:\/\/be-one.ro\/cosmetics\/wp-json\/wp\/v2\/product_brand?post=16538"},{"taxonomy":"product_cat","embeddable":true,"href":"https:\/\/be-one.ro\/cosmetics\/wp-json\/wp\/v2\/product_cat?post=16538"},{"taxonomy":"product_tag","embeddable":true,"href":"https:\/\/be-one.ro\/cosmetics\/wp-json\/wp\/v2\/product_tag?post=16538"}],"curies":[{"name":"wp","href":"https:\/\/api.w.org\/{rel}","templated":true}]}}