{"id":17176,"date":"2025-01-30T07:41:35","date_gmt":"2025-01-30T07:41:35","guid":{"rendered":"https:\/\/be-one.ro\/cosmetics\/?post_type=product&#038;p=17176"},"modified":"2025-06-20T07:10:03","modified_gmt":"2025-06-20T07:10:03","slug":"martisor-ciocolata-de-baie-10-grame","status":"publish","type":"product","link":"https:\/\/be-one.ro\/cosmetics\/produs\/martisor-ciocolata-de-baie-10-grame\/","title":{"rendered":"Martisor &#8211; Ciocolata de baie &#8211; 10 grame"},"content":{"rendered":"<p><strong>Unt de Cacao ( Theobroma Cocoa Seed Butter ):<\/strong><\/p>\n<p>Ingredient bogate \u00een acizi gra\u0219i \u0219i antioxidan\u021bi, care hidrateaz\u0103 \u0219i hr\u0103neste pielea \u00een profunzime. Untul de cacao\u00a0 ajut\u0103 la men\u021binerea elasticit\u0103\u021bii pielii.<\/p>\n<h4>Butyrospermum Parkii Butter (unt de Shea)<\/h4>\n<p>Untul de Shea este un ingredient esen\u021bial pentru \u00eengrijirea pielii, fiind cunoscut pentru propriet\u0103\u021bile sale emoliente \u0219i regenerante.<\/p>\n<h4>Cocamidopropyl Betaine (tensida coco-betaine)<\/h4>\n<p>O tensid\u0103 bl\u00e2nd\u0103 derivat\u0103 din uleiul de cocos , fiind aprobata pentru utilizarea in cosmeticele naturale.<\/p>\n<h4>Lisolecitin\u0103 (lysolecitin\u0103)<\/h4>\n<p>Lysolecitina este un emulgator natural derivat din soia. Aceasta ajuta unturile si uleiurile sa fie mai usor absorbite de piele, pentru a nu lasa o pelicula grasa la suprafata. Ajuta deasemenea si la formarea emulsiei la contactul untului cu apa.<\/p>\n<h4>Parfum (Toffee, Vanilla, Coffee)<\/h4>\n<p>Parfumante delicios ce adauga un moment de r\u0103sf\u0103\u021b senzorial.<\/p>\n<p>&nbsp;<\/p>\n","protected":false},"excerpt":{"rendered":"<p style=\"text-align: center;\"><strong>R\u0103sf\u0103\u021b 100% Natural pentru Pielea Ta<\/strong><\/p>\n<p style=\"text-align: center;\"><strong>Transform\u0103-\u021bi rutina de \u00eengrijire \u00eentr-o experien\u021b\u0103 luxuriant\u0103 cu Ciocolata de Baie BeOne Cosmetic! Acest produs cosmetic 100% natural combin\u0103 ingrediente atent selec\u021bionate pentru a hidrata, hr\u0103ni \u0219i catifela pielea, oferindu-\u021bi un moment de relaxare absolut\u0103.<\/strong><\/p>\n<p style=\"text-align: center;\"><strong>UTILIZARE:<\/strong><\/p>\n<p style=\"text-align: center;\"><strong>Adaug\u0103 o buc\u0103\u021bic\u0103 de ciocolat\u0103 de baie \u00een apa cald\u0103 a b\u0103ii \u0219i las\u0103 ingredientele active s\u0103-\u021bi \u00eengrijeasc\u0103 pielea, \u00een timp ce te bucuri de un parfum delicios \u0219i o atmosfer\u0103 relaxant\u0103.<\/strong><\/p>\n<p style=\"text-align: center;\"><strong>Ciocolata de baie poate fi un inlocuitor perfect al gelului de dus!<\/strong><\/p>\n","protected":false},"featured_media":17180,"comment_status":"open","ping_status":"closed","template":"","meta":[],"product_brand":[],"product_cat":[175],"product_tag":[],"class_list":{"0":"post-17176","1":"product","2":"type-product","3":"status-publish","4":"has-post-thumbnail","6":"product_cat-martisoare","8":"first","9":"outofstock","10":"shipping-taxable","11":"purchasable","12":"product-type-variable"},"jetpack_sharing_enabled":true,"_links":{"self":[{"href":"https:\/\/be-one.ro\/cosmetics\/wp-json\/wp\/v2\/product\/17176","targetHints":{"allow":["GET"]}}],"collection":[{"href":"https:\/\/be-one.ro\/cosmetics\/wp-json\/wp\/v2\/product"}],"about":[{"href":"https:\/\/be-one.ro\/cosmetics\/wp-json\/wp\/v2\/types\/product"}],"replies":[{"embeddable":true,"href":"https:\/\/be-one.ro\/cosmetics\/wp-json\/wp\/v2\/comments?post=17176"}],"version-history":[{"count":1,"href":"https:\/\/be-one.ro\/cosmetics\/wp-json\/wp\/v2\/product\/17176\/revisions"}],"predecessor-version":[{"id":17195,"href":"https:\/\/be-one.ro\/cosmetics\/wp-json\/wp\/v2\/product\/17176\/revisions\/17195"}],"wp:featuredmedia":[{"embeddable":true,"href":"https:\/\/be-one.ro\/cosmetics\/wp-json\/wp\/v2\/media\/17180"}],"wp:attachment":[{"href":"https:\/\/be-one.ro\/cosmetics\/wp-json\/wp\/v2\/media?parent=17176"}],"wp:term":[{"taxonomy":"product_brand","embeddable":true,"href":"https:\/\/be-one.ro\/cosmetics\/wp-json\/wp\/v2\/product_brand?post=17176"},{"taxonomy":"product_cat","embeddable":true,"href":"https:\/\/be-one.ro\/cosmetics\/wp-json\/wp\/v2\/product_cat?post=17176"},{"taxonomy":"product_tag","embeddable":true,"href":"https:\/\/be-one.ro\/cosmetics\/wp-json\/wp\/v2\/product_tag?post=17176"}],"curies":[{"name":"wp","href":"https:\/\/api.w.org\/{rel}","templated":true}]}}