{"id":17211,"date":"2025-01-30T07:51:19","date_gmt":"2025-01-30T07:51:19","guid":{"rendered":"https:\/\/be-one.ro\/cosmetics\/?post_type=product&#038;p=17211"},"modified":"2025-06-20T07:09:24","modified_gmt":"2025-06-20T07:09:24","slug":"martisor-sapun-cu-aroma-florala-buchetel-15-grame","status":"publish","type":"product","link":"https:\/\/be-one.ro\/cosmetics\/produs\/martisor-sapun-cu-aroma-florala-buchetel-15-grame\/","title":{"rendered":"Martisor Sapun cu aroma florala buchetel &#8211; 15 grame"},"content":{"rendered":"<p style=\"font-weight: 400; text-align: center;\"><span style=\"font-style: inherit; font-weight: inherit;\"><strong style=\"font-style: inherit; font-weight: 600;\">v<span style=\"font-weight: inherit;\">\u00a0<\/span>Aromat cu uleiuri esentiale 100% naturale,<\/strong><\/span><\/p>\n<p style=\"font-weight: 400; text-align: center;\"><span style=\"font-style: inherit; font-weight: inherit;\"><strong style=\"font-style: inherit; font-weight: 600;\">v<span style=\"font-weight: inherit;\">\u00a0<\/span>Decorat cu petale aromate de trandafiri,<\/strong><\/span><\/p>\n<p style=\"font-weight: 400; text-align: center;\"><span style=\"font-style: inherit; font-weight: inherit;\"><strong style=\"font-style: inherit; font-weight: 600;\">v<span style=\"font-weight: inherit;\">\u00a0<\/span>Potrivit pentru orice tip de piele,<\/strong><\/span><\/p>\n<p style=\"font-weight: 400; text-align: center;\"><span style=\"font-style: inherit; font-weight: inherit;\"><strong style=\"font-style: inherit; font-weight: 600;\">v<span style=\"font-weight: inherit;\">\u00a0<\/span>Obtinut prin metoda la rece,<\/strong><\/span><\/p>\n<p style=\"font-weight: 400; text-align: center;\"><span style=\"font-style: inherit; font-weight: inherit;\"><strong style=\"font-style: inherit; font-weight: 600;\">v<span style=\"font-weight: inherit;\">\u00a0<\/span>Ideal pentru tenul matur,<\/strong><\/span><\/p>\n<p style=\"font-weight: 400; text-align: center;\"><span style=\"font-style: inherit; font-weight: inherit;\"><strong style=\"font-style: inherit; font-weight: 600;\">v<span style=\"font-weight: inherit;\">\u00a0<\/span>Fara ulei de palmier,<\/strong><\/span><\/p>\n<p style=\"font-weight: 400; text-align: center;\"><span style=\"font-style: inherit; font-weight: inherit;\"><strong style=\"font-style: inherit; font-weight: 600;\">v<span style=\"font-weight: inherit;\">\u00a0<\/span>Exfoliere delicata,<\/strong><\/span><\/p>\n<p style=\"font-weight: 400; text-align: center;\"><span style=\"font-style: inherit; font-weight: inherit;\"><strong style=\"font-style: inherit; font-weight: 600;\">v<span style=\"font-weight: inherit;\">\u00a0<\/span>Vegan-friendly,<\/strong><\/span><\/p>\n<p style=\"font-weight: 400; text-align: center;\"><strong style=\"font-style: inherit; font-weight: 600;\">\u00a0<\/strong><\/p>\n<p style=\"font-weight: 400; text-align: center;\"><span style=\"font-style: inherit; font-weight: inherit;\"><strong style=\"font-style: inherit; font-weight: 600;\">v<span style=\"font-weight: inherit;\">\u00a0<\/span>Ambalaj luxos si prietenos cu mediul.<\/strong><\/span><\/p>\n<p style=\"font-weight: 400; text-align: center;\"><strong style=\"font-style: inherit; font-weight: 600;\">\u00a0<\/strong><\/p>\n<p style=\"font-weight: 400; text-align: center;\"><span style=\"font-style: inherit; font-weight: inherit;\"><strong style=\"font-style: inherit; font-weight: 600;\">INGREDIENTELE\u00a0<i><em style=\"font-weight: inherit;\">(INCI)<\/em><\/i>\u00a0FOLOSITE SI BENEFICIILE ACESTORA<\/strong><\/span><\/p>\n<p style=\"font-weight: 400; text-align: center;\"><strong style=\"font-style: inherit; font-weight: 600;\">\u00a0<\/strong><\/p>\n<p style=\"font-weight: 400; text-align: center;\"><span style=\"font-style: inherit; font-weight: inherit;\"><strong style=\"font-style: inherit; font-weight: 600;\">v<span style=\"font-weight: inherit;\">\u00a0<\/span>ULEI DE COCOS\u00a0<i><em style=\"font-weight: inherit;\">(Cocos Nucifera Oil)<\/em><\/i><\/strong><\/span><\/p>\n<p style=\"font-weight: 400; text-align: center;\"><span style=\"font-style: inherit; font-weight: inherit;\"><strong style=\"font-style: inherit; font-weight: 600;\">Bogat\u00a0\u00een acizi grasi, inclusiv vitamina E, care protejeaza pielea de deteriorarea oxidativa si ofera o senzatie bogata de hidratare.<\/strong><\/span><\/p>\n<p style=\"font-weight: 400; text-align: center;\"><span style=\"font-style: inherit; font-weight: inherit;\"><strong style=\"font-style: inherit; font-weight: 600;\">Vitamina E este un antioxidant care ajuta la protejarea pielii de radicalii liberi si de efectele adverse ale soarelui, cum ar fi imbatranirea prematura si ridurile.<\/strong><\/span><\/p>\n<p style=\"font-weight: 400; text-align: center;\"><strong style=\"font-style: inherit; font-weight: 600;\">\u00a0<\/strong><\/p>\n<p style=\"font-weight: 400; text-align: center;\"><span style=\"font-style: inherit; font-weight: inherit;\"><strong style=\"font-style: inherit; font-weight: 600;\">v<span style=\"font-weight: inherit;\">\u00a0<\/span>ULEI DE FLOAREA SOARELUI\u00a0<i><em style=\"font-weight: inherit;\">(Helianthus Annuus Seed Oil)<\/em><\/i><\/strong><\/span><\/p>\n<p style=\"font-weight: 400; text-align: center;\"><span style=\"font-style: inherit; font-weight: inherit;\"><strong style=\"font-style: inherit; font-weight: 600;\">Potrivit pentru toate tipurile de piele fiind\u00a0un excelent emolient si umectant al\u00a0acesteia, proprietate oferita de natura sa lipidica, bogata in Vitamina E, acid oleic si linoleic.<\/strong><\/span><\/p>\n<p style=\"font-weight: 400; text-align: center;\"><span style=\"font-style: inherit; font-weight: inherit;\"><strong style=\"font-style: inherit; font-weight: 600;\">Vitamina E este un antioxidant care poate ajuta la protejarea pielii de radicalii liberi si de efectele adverse ale soarelui, cum ar fi imbatranirea prematura si ridurile<\/strong><\/span><\/p>\n<p style=\"font-weight: 400; text-align: center;\"><strong style=\"font-style: inherit; font-weight: 600;\">\u00a0<\/strong><\/p>\n<p style=\"font-weight: 400; text-align: center;\"><span style=\"font-style: inherit; font-weight: inherit;\"><strong style=\"font-style: inherit; font-weight: 600;\">v<span style=\"font-weight: inherit;\">\u00a0<\/span>UNT DE SHEA\u00a0<i><em style=\"font-weight: inherit;\">(Butyrospermum Parkii Butter)<\/em><\/i><\/strong><\/span><\/p>\n<p style=\"font-weight: 400; text-align: center;\"><span style=\"font-style: inherit; font-weight: inherit;\"><strong style=\"font-style: inherit; font-weight: 600;\">Un excelent hidratant bogat si hranitor care reduce aspectul liniilor fine si lasa pielea catifelata.<\/strong><\/span><\/p>\n<p style=\"font-weight: 400; text-align: center;\"><span style=\"font-style: inherit; font-weight: inherit;\"><strong style=\"font-style: inherit; font-weight: 600;\">Untul de Shea prezinta proprietati antiinflamatorii si curative.<\/strong><\/span><\/p>\n<p style=\"font-weight: 400; text-align: center;\"><strong style=\"font-style: inherit; font-weight: 600;\">\u00a0<\/strong><\/p>\n<p style=\"font-weight: 400; text-align: center;\"><span style=\"font-style: inherit; font-weight: inherit;\"><strong style=\"font-style: inherit; font-weight: 600;\">v<span style=\"font-weight: inherit;\">\u00a0<\/span>ULEI ESENTIAL DE TRANDAFIR GERANIUM\u00a0<i><em style=\"font-weight: inherit;\">(Pelargonium Graveolens Oil)<\/em><\/i><\/strong><\/span><\/p>\n<p style=\"font-weight: 400; text-align: center;\"><span style=\"font-style: inherit; font-weight: inherit;\"><strong style=\"font-style: inherit; font-weight: 600;\">Bogat \u00een compusi antiinfectiosi, antibacterieni si antifungici este util \u00een cazul tenului gras, echilibr\u00e2nd productia de sebum.<\/strong><\/span><\/p>\n<p style=\"font-weight: 400; text-align: center;\"><span style=\"font-style: inherit; font-weight: inherit;\"><strong style=\"font-style: inherit; font-weight: 600;\">Tonic, astringent, purificator, ajuta tenul matur, cu elasticitate si fermitate scazuta.<\/strong><\/span><\/p>\n<p style=\"font-weight: 400; text-align: center;\"><span style=\"font-style: inherit; font-weight: inherit;\"><strong style=\"font-style: inherit; font-weight: 600;\">Favorizeaza regenerarea pielii fiin util \u00een cazul cicatricilor si vergeturilor.<\/strong><\/span><\/p>\n<p style=\"font-weight: 400; text-align: center;\"><strong style=\"font-style: inherit; font-weight: 600;\">\u00a0<\/strong><\/p>\n<p style=\"font-weight: 400; text-align: center;\"><span style=\"font-style: inherit; font-weight: inherit;\"><strong style=\"font-style: inherit; font-weight: 600;\">v<span style=\"font-weight: inherit;\">\u00a0\u00a0<\/span>ULEI ESENTIAL DE GRAPEFRUIT\u00a0<i><em style=\"font-weight: inherit;\">(Citrus Paradisi Peel Oil)<\/em><\/i><\/strong><\/span><\/p>\n<p style=\"font-weight: 400; text-align: center;\"><span style=\"font-style: inherit; font-weight: inherit;\"><strong style=\"font-style: inherit; font-weight: 600;\">Esenta debordanta, cu miros proaspat si radiant, este un stringent si purificator pentru piele.<\/strong><\/span><\/p>\n<p style=\"font-weight: 400; text-align: center;\"><span style=\"font-style: inherit; font-weight: inherit;\"><strong style=\"font-style: inherit; font-weight: 600;\">Ajuta la reglarea secretiei de sebum si stimuleaza circulatia limfatica pentru a reduce retentia de apa si aparitia celulitei.<\/strong><\/span><\/p>\n<p style=\"font-weight: 400; text-align: center;\"><span style=\"font-style: inherit; font-weight: inherit;\"><strong style=\"font-style: inherit; font-weight: 600;\">Imbunatateste conditia tenului mixt, gras, cu tendinta acneica.<\/strong><\/span><\/p>\n<p style=\"font-weight: 400; text-align: center;\"><strong style=\"font-style: inherit; font-weight: 600;\">\u00a0<\/strong><\/p>\n<p style=\"font-weight: 400; text-align: center;\"><span style=\"font-style: inherit; font-weight: inherit;\"><strong style=\"font-style: inherit; font-weight: 600;\">v<span style=\"font-weight: inherit;\">\u00a0\u00a0<\/span>ULEI ESENTIAL DE YLANG-YLANG\u00a0<i><em style=\"font-weight: inherit;\">Cananga Odorata Flower Oil)<\/em><\/i><\/strong><\/span><\/p>\n<p style=\"font-weight: 400; text-align: center;\"><span style=\"font-style: inherit; font-weight: inherit;\"><strong style=\"font-style: inherit; font-weight: 600;\">Ulei esential parfumat intens floral, splendid de exotic,\u00a0\u00eensorit, cu nuante tropicale, cu aroma care trezeste spiritul, este senzual si\u00a0\u00a0\u00eembunatateste dispozitia fiind tonifiant si regenerant pentru piele.<\/strong><\/span><\/p>\n<p style=\"font-weight: 400; text-align: center;\"><span style=\"font-style: inherit; font-weight: inherit;\"><strong style=\"font-style: inherit; font-weight: 600;\">Ajuta la reglarea secretiei de sebum si reda stralucirea naturala pielii.<\/strong><\/span><\/p>\n<p style=\"font-weight: 400; text-align: center;\"><strong style=\"font-style: inherit; font-weight: 600;\">\u00a0<\/strong><\/p>\n<p style=\"font-weight: 400; text-align: center;\"><span style=\"font-style: inherit; font-weight: inherit;\"><strong style=\"font-style: inherit; font-weight: 600;\">v<span style=\"font-weight: inherit;\">\u00a0\u00a0<\/span>ARGILA ROZ\u00a0<i><em style=\"font-weight: inherit;\">(Illite)<\/em><\/i><\/strong><\/span><\/p>\n<p style=\"font-weight: 400; text-align: center;\"><span style=\"font-style: inherit; font-weight: inherit;\"><strong style=\"font-style: inherit; font-weight: 600;\">O argila bl\u00e2nda, exfolianta, de echilibrare, care calmeaza si curata delicat pielea.<\/strong><\/span><\/p>\n<p>&nbsp;<\/p>\n<p style=\"font-weight: 400; text-align: center;\"><span style=\"font-style: inherit; font-weight: inherit;\"><strong style=\"font-style: inherit; font-weight: 600;\">v\u00a0ULEI ESENTIAL DE VERBINA EXOTICA (<i><em style=\"font-weight: inherit;\">Litsea Cubeba Fruit Oil)<\/em><\/i><\/strong><\/span><\/p>\n<p style=\"font-weight: 400; text-align: center;\"><span style=\"font-style: inherit; font-weight: inherit;\"><strong style=\"font-style: inherit; font-weight: 600;\">Purifiant pentru piele, o alegere buna pentru \u00eengrijirea tenului cu tendinta acneica, a tenului gras ajutand pielea predispusa la imperfectiuni.<\/strong><\/span><\/p>\n<p style=\"font-weight: 400; text-align: center;\"><span style=\"font-style: inherit; font-weight: inherit;\"><strong style=\"font-style: inherit; font-weight: 600;\">Poate ajuta la \u00eembunatatirea circulatiei periferice si poate favoriza buna dispozitie si starea de bine.<\/strong><\/span><\/p>\n<p style=\"font-weight: 400; text-align: center;\"><span style=\"font-style: inherit; font-weight: inherit;\"><strong style=\"font-style: inherit; font-weight: 600;\">Ajuta la calmarea starilor de anxietate.<\/strong><\/span><\/p>\n","protected":false},"excerpt":{"rendered":"<p style=\"text-align: center;\"><strong>Descoper\u0103 delicate\u021bea prim\u0103verii cu s\u0103punul floral BeOne Cosmetics!<\/strong><\/p>\n<p style=\"text-align: center;\"><strong> \ud83c\udf38 Un cadou perfect de M\u0103r\u021bi\u0219or, realizat 100% natural \u0219i handmade, ce \u00eembin\u0103 frumuse\u021bea florilor cu \u00eengrijirea delicat\u0103 a pielii. <\/strong><\/p>\n<p style=\"text-align: center;\"><strong>R\u0103sfa\u021b\u0103-te cu un produs artizanal, creat cu dragoste pentru natur\u0103 \u0219i rafinament! \ud83d\udc95<\/strong><\/p>\n","protected":false},"featured_media":17212,"comment_status":"open","ping_status":"closed","template":"","meta":[],"product_brand":[],"product_cat":[175],"product_tag":[],"class_list":{"0":"post-17211","1":"product","2":"type-product","3":"status-publish","4":"has-post-thumbnail","6":"product_cat-martisoare","8":"first","9":"outofstock","10":"shipping-taxable","11":"purchasable","12":"product-type-simple"},"jetpack_sharing_enabled":true,"_links":{"self":[{"href":"https:\/\/be-one.ro\/cosmetics\/wp-json\/wp\/v2\/product\/17211","targetHints":{"allow":["GET"]}}],"collection":[{"href":"https:\/\/be-one.ro\/cosmetics\/wp-json\/wp\/v2\/product"}],"about":[{"href":"https:\/\/be-one.ro\/cosmetics\/wp-json\/wp\/v2\/types\/product"}],"replies":[{"embeddable":true,"href":"https:\/\/be-one.ro\/cosmetics\/wp-json\/wp\/v2\/comments?post=17211"}],"version-history":[{"count":1,"href":"https:\/\/be-one.ro\/cosmetics\/wp-json\/wp\/v2\/product\/17211\/revisions"}],"predecessor-version":[{"id":17216,"href":"https:\/\/be-one.ro\/cosmetics\/wp-json\/wp\/v2\/product\/17211\/revisions\/17216"}],"wp:featuredmedia":[{"embeddable":true,"href":"https:\/\/be-one.ro\/cosmetics\/wp-json\/wp\/v2\/media\/17212"}],"wp:attachment":[{"href":"https:\/\/be-one.ro\/cosmetics\/wp-json\/wp\/v2\/media?parent=17211"}],"wp:term":[{"taxonomy":"product_brand","embeddable":true,"href":"https:\/\/be-one.ro\/cosmetics\/wp-json\/wp\/v2\/product_brand?post=17211"},{"taxonomy":"product_cat","embeddable":true,"href":"https:\/\/be-one.ro\/cosmetics\/wp-json\/wp\/v2\/product_cat?post=17211"},{"taxonomy":"product_tag","embeddable":true,"href":"https:\/\/be-one.ro\/cosmetics\/wp-json\/wp\/v2\/product_tag?post=17211"}],"curies":[{"name":"wp","href":"https:\/\/api.w.org\/{rel}","templated":true}]}}