{"id":17340,"date":"2025-02-13T09:41:02","date_gmt":"2025-02-13T09:41:02","guid":{"rendered":"https:\/\/be-one.ro\/cosmetics\/?post_type=product&#038;p=17340"},"modified":"2026-05-08T10:05:04","modified_gmt":"2026-05-08T10:05:04","slug":"lash-brow-elixir-complex-de-uleiuri-care-stimuleaza-cresterea-naturala-a-parului-30-ml","status":"publish","type":"product","link":"https:\/\/be-one.ro\/cosmetics\/produs\/lash-brow-elixir-complex-de-uleiuri-care-stimuleaza-cresterea-naturala-a-parului-30-ml\/","title":{"rendered":"Lash &#038; Brow Elixir ~ Complex de uleiuri care stimuleaza cresterea naturala a parului 30 ml"},"content":{"rendered":"<p style=\"text-align: center;\" data-start=\"435\" data-end=\"641\">\ud83d\udd39 <strong data-start=\"438\" data-end=\"487\">Accelereaz\u0103 cre\u0219terea genelor \u0219i spr\u00e2ncenelor<\/strong><br data-start=\"487\" data-end=\"490\" \/>\ud83d\udd39 <strong data-start=\"493\" data-end=\"541\">\u00cent\u0103re\u0219te \u0219i hidrateaz\u0103 firul de la r\u0103d\u0103cin\u0103<\/strong><br data-start=\"541\" data-end=\"544\" \/>\ud83d\udd39 <strong data-start=\"547\" data-end=\"586\">Red\u0103 densitatea \u0219i aspectul s\u0103n\u0103tos<\/strong><br data-start=\"586\" data-end=\"589\" \/>\ud83d\udd39 <strong data-start=\"592\" data-end=\"639\">Formula natural\u0103, f\u0103r\u0103 ingrediente agresive<\/strong><\/p>\n<p style=\"text-align: center;\" data-start=\"643\" data-end=\"765\">Transform\u0103-\u021bi privirea cu <strong data-start=\"669\" data-end=\"691\">Lash &amp; Brow Elixir<\/strong> \u0219i bucur\u0103-te de gene \u0219i spr\u00e2ncene mai lungi, mai dese \u0219i mai puternice!<\/p>\n<p style=\"text-align: center;\" data-start=\"61\" data-end=\"364\"><strong data-start=\"63\" data-end=\"108\">Ulei de ricin (Ricinus Communis Seed Oil)<\/strong><br data-start=\"108\" data-end=\"111\" \/>Un ingredient esen\u021bial pentru stimularea cre\u0219terii p\u0103rului, uleiul de ricin este bogat \u00een acizi gra\u0219i \u0219i vitamina E, av\u00e2nd propriet\u0103\u021bi hidratante, fortifiante \u0219i regenerante. Contribuie la \u00eengro\u0219area \u0219i \u00eent\u0103rirea firelor de p\u0103r, prevenind c\u0103derea lor.<\/p>\n<p style=\"text-align: center;\" data-start=\"61\" data-end=\"364\"><strong data-start=\"368\" data-end=\"414\">Ulei de argan (Argania Spinosa Kernel Oil)<\/strong><br data-start=\"414\" data-end=\"417\" \/>Cunoscut \u0219i ca &#8222;aurul lichid&#8221;, uleiul de argan este un puternic antioxidant, av\u00e2nd un con\u021binut ridicat de acizi gra\u0219i esen\u021biali \u0219i vitamina E. Hidrateaz\u0103 \u00een profunzime, protejeaz\u0103 firul de p\u0103r \u00eempotriva factorilor externi \u0219i \u00eei red\u0103 elasticitatea \u0219i str\u0103lucirea natural\u0103.<\/p>\n<p style=\"text-align: center;\" data-start=\"692\" data-end=\"934\"><strong data-start=\"694\" data-end=\"724\">Panthenol (Provitamina B5)<\/strong><br data-start=\"724\" data-end=\"727\" \/>Un ingredient cu efect reparator \u0219i hidratant, panthenolul p\u0103trunde \u00een firul de p\u0103r, oferindu-i rezisten\u021b\u0103 \u0219i suple\u021be. Reduce fragilitatea, previne ruperea \u0219i \u00eembun\u0103t\u0103\u021be\u0219te textura genelor \u0219i spr\u00e2ncenelor.<\/p>\n<p style=\"text-align: center;\" data-start=\"936\" data-end=\"1247\"><strong data-start=\"938\" data-end=\"973\">Vitamina E (Tocopheryl Acetate)<\/strong><br data-start=\"973\" data-end=\"976\" \/>Un antioxidant puternic, vitamina E protejeaz\u0103 firele de p\u0103r \u00eempotriva deterior\u0103rii cauzate de radicalii liberi. Sus\u021bine regenerarea celular\u0103, \u00eembun\u0103t\u0103\u021be\u0219te circula\u021bia la nivelul foliculilor \u0219i contribuie la un aspect mai s\u0103n\u0103tos \u0219i mai dens al genelor \u0219i spr\u00e2ncenelor.<\/p>\n","protected":false},"excerpt":{"rendered":"<p style=\"text-align: center;\" data-start=\"0\" data-end=\"82\"><strong data-start=\"0\" data-end=\"78\">Lash &amp; Brow Elixir \u2013 Formula 100% Natural\u0103 pentru Gene \u0219i Spr\u00e2ncene de Vis<\/strong> \u2728<\/p>\n<p style=\"text-align: center;\" data-start=\"84\" data-end=\"433\">Descoper\u0103 <strong data-start=\"94\" data-end=\"116\">Lash &amp; Brow Elixir<\/strong> de la <strong data-start=\"123\" data-end=\"142\">BeOne Cosmetics<\/strong>, un tratament intensiv creat pentru a stimula cre\u0219terea natural\u0103 a genelor \u0219i spr\u00e2ncenelor. Cu o formul\u0103 \u00eembog\u0103\u021bit\u0103 cu <strong data-start=\"262\" data-end=\"279\">ulei de ricin<\/strong>, <strong data-start=\"281\" data-end=\"298\">ulei de argan<\/strong>, <strong data-start=\"300\" data-end=\"313\">panthenol<\/strong> \u0219i <strong data-start=\"317\" data-end=\"331\">vitamina E<\/strong>, acest elixir ofer\u0103 hr\u0103nire profund\u0103, fortific\u0103 firele de p\u0103r \u0219i previne sub\u021bierea sau ruperea lor.<\/p>\n","protected":false},"featured_media":18987,"comment_status":"open","ping_status":"closed","template":"","meta":[],"product_brand":[],"product_cat":[190],"product_tag":[],"class_list":{"0":"post-17340","1":"product","2":"type-product","3":"status-publish","4":"has-post-thumbnail","6":"product_cat-uleiuri-pentru-par","8":"first","9":"instock","10":"sale","11":"shipping-taxable","12":"purchasable","13":"product-type-simple"},"jetpack_sharing_enabled":true,"_links":{"self":[{"href":"https:\/\/be-one.ro\/cosmetics\/wp-json\/wp\/v2\/product\/17340","targetHints":{"allow":["GET"]}}],"collection":[{"href":"https:\/\/be-one.ro\/cosmetics\/wp-json\/wp\/v2\/product"}],"about":[{"href":"https:\/\/be-one.ro\/cosmetics\/wp-json\/wp\/v2\/types\/product"}],"replies":[{"embeddable":true,"href":"https:\/\/be-one.ro\/cosmetics\/wp-json\/wp\/v2\/comments?post=17340"}],"version-history":[{"count":1,"href":"https:\/\/be-one.ro\/cosmetics\/wp-json\/wp\/v2\/product\/17340\/revisions"}],"predecessor-version":[{"id":17341,"href":"https:\/\/be-one.ro\/cosmetics\/wp-json\/wp\/v2\/product\/17340\/revisions\/17341"}],"wp:featuredmedia":[{"embeddable":true,"href":"https:\/\/be-one.ro\/cosmetics\/wp-json\/wp\/v2\/media\/18987"}],"wp:attachment":[{"href":"https:\/\/be-one.ro\/cosmetics\/wp-json\/wp\/v2\/media?parent=17340"}],"wp:term":[{"taxonomy":"product_brand","embeddable":true,"href":"https:\/\/be-one.ro\/cosmetics\/wp-json\/wp\/v2\/product_brand?post=17340"},{"taxonomy":"product_cat","embeddable":true,"href":"https:\/\/be-one.ro\/cosmetics\/wp-json\/wp\/v2\/product_cat?post=17340"},{"taxonomy":"product_tag","embeddable":true,"href":"https:\/\/be-one.ro\/cosmetics\/wp-json\/wp\/v2\/product_tag?post=17340"}],"curies":[{"name":"wp","href":"https:\/\/api.w.org\/{rel}","templated":true}]}}