{"id":17452,"date":"2025-04-15T08:06:32","date_gmt":"2025-04-15T08:06:32","guid":{"rendered":"https:\/\/be-one.ro\/cosmetics\/?post_type=product&#038;p=17452"},"modified":"2026-03-04T08:46:50","modified_gmt":"2026-03-04T08:46:50","slug":"glow-roses-butter-luxury-handmade-body-butter-150g","status":"publish","type":"product","link":"https:\/\/be-one.ro\/cosmetics\/produs\/glow-roses-butter-luxury-handmade-body-butter-150g\/","title":{"rendered":"Glow Roses Butter ~ Luxury Handmade Body Butter ~ 150g"},"content":{"rendered":"<h4 class=\"\" style=\"text-align: center;\" data-start=\"637\" data-end=\"676\"><strong data-start=\"642\" data-end=\"676\">Ingrediente si beneficii lor:<\/strong><\/h4>\n<p class=\"\" style=\"text-align: center;\" data-start=\"680\" data-end=\"920\"><strong data-start=\"680\" data-end=\"725\">Butyrospermum Parkii Butter (Unt de shea)<\/strong><br data-start=\"725\" data-end=\"728\" \/>Recunoscut pentru propriet\u0103\u021bile sale intens emoliente \u0219i regeneratoare, untul de shea hr\u0103ne\u0219te pielea \u00een profunzime, calmeaz\u0103 irita\u021biile \u0219i red\u0103 elasticitatea pielii uscate sau deshidratate.<\/p>\n<p class=\"\" style=\"text-align: center;\" data-start=\"924\" data-end=\"1153\"><strong data-start=\"924\" data-end=\"976\">Carthamus Tinctorius Seed Oil (Ulei de \u0219ofr\u0103nel)<\/strong><br data-start=\"976\" data-end=\"979\" \/>Bogat \u00een acizi gra\u0219i Omega-6 \u0219i vitamina E, contribuie la men\u021binerea barierei naturale de protec\u021bie a pielii, oferind un efect de netezire \u0219i catifelare f\u0103r\u0103 a bloca porii.<\/p>\n<p class=\"\" style=\"text-align: center;\" data-start=\"1157\" data-end=\"1361\"><strong data-start=\"1157\" data-end=\"1213\">Maranta Arundinacea Root Powder (Pudr\u0103 de arrowroot)<\/strong><br data-start=\"1213\" data-end=\"1216\" \/>Absoarbe excesul de sebum \u0219i confer\u0103 produsului o textur\u0103 fin\u0103, m\u0103t\u0103soas\u0103, care se tope\u0219te pe piele \u0219i se absoarbe rapid, f\u0103r\u0103 reziduuri grase.<\/p>\n<p class=\"\" style=\"text-align: center;\" data-start=\"1365\" data-end=\"1626\"><strong data-start=\"1365\" data-end=\"1454\">Parfum\u00a0\u00a0<\/strong><br data-start=\"1454\" data-end=\"1457\" \/>Parfum natural cu note autentice de trandafiri, delicat \u0219i elegant, inspirat din gr\u0103dinile de trandafiri de Damasc. Las\u0103 o arom\u0103 fin\u0103 pe piele, f\u0103r\u0103 a fi cople\u0219itoare.<\/p>\n<p class=\"\" style=\"text-align: center;\" data-start=\"1630\" data-end=\"1832\"><strong data-start=\"1630\" data-end=\"1691\">Mica (Pigment mineral roz)<\/strong><br data-start=\"1691\" data-end=\"1694\" \/>Adaug\u0103 pielii o str\u0103lucire subtil\u0103, romantic\u0103 \u0219i natural\u0103, perfect\u0103 pentru a eviden\u021bia tonul pielii \u0219i a oferi un efect radiant discret.<\/p>\n<hr class=\"\" data-start=\"1834\" data-end=\"1837\" \/>\n<h4 class=\"\" style=\"text-align: center;\" data-start=\"1839\" data-end=\"1869\"><strong data-start=\"1844\" data-end=\"1867\">Textur\u0103 si utilizare:<\/strong><\/h4>\n<p class=\"\" style=\"text-align: center;\" data-start=\"1870\" data-end=\"2090\">Textura sa bogat\u0103, dar aerat\u0103, se tope\u0219te imediat la contactul cu pielea, fiind u\u0219or de aplicat \u0219i absorbit\u0103. Este ideal de folosit zilnic sau \u00eenainte de evenimente speciale, pentru un look luminos, \u00eengrijit \u0219i parfumat.<\/p>\n<hr class=\"\" data-start=\"2092\" data-end=\"2095\" \/>\n<h4 class=\"\" style=\"text-align: center;\" data-start=\"2097\" data-end=\"2124\"><strong data-start=\"2102\" data-end=\"2122\">Potrivit pentru:<\/strong><\/h4>\n<p class=\"\" style=\"text-align: center;\" data-start=\"2125\" data-end=\"2355\">\u2714 Toate tipurile de piele, \u00een special uscat\u0103 sau tern\u0103<br data-start=\"2179\" data-end=\"2182\" \/>\u2714 Pielea care are nevoie de un boost de hidratare \u0219i luminozitate<br data-start=\"2247\" data-end=\"2250\" \/>\u2714 Sezonul cald, pentru eviden\u021bierea pielii bronzate<br data-start=\"2301\" data-end=\"2304\" \/>\u2714 Ocazii speciale sau ca tratament de r\u0103sf\u0103\u021b zilnic<\/p>\n<hr class=\"\" data-start=\"2357\" data-end=\"2360\" \/>\n<p class=\"\" style=\"text-align: center;\" data-start=\"2362\" data-end=\"2540\"><strong data-start=\"2362\" data-end=\"2383\">Glow Roses Butter<\/strong> \u00eembin\u0103 grija profund\u0103 pentru piele cu pl\u0103cerea estetic\u0103 \u0219i senzorial\u0103. Este mai mult dec\u00e2t un produs de \u00eengrijire \u2013 este un detaliu de lux pentru pielea ta.<\/p>\n","protected":false},"excerpt":{"rendered":"<p style=\"text-align: center;\" data-start=\"637\" data-end=\"676\"><strong data-start=\"264\" data-end=\"285\">Glow Roses Butter<\/strong> este un unt de corp luxos, formulat pentru a oferi pielii o hidratare profund\u0103, un aspect radiant \u0219i o arom\u0103 floral\u0103 delicat\u0103. Creat pentru pielea care are nevoie de hr\u0103nire intens\u0103 \u0219i o atingere de elegan\u021b\u0103, acest unt combin\u0103 ingrediente naturale \u0219i un pigment mineral roz subtil, care las\u0103 pielea catifelat\u0103 \u0219i str\u0103lucitoare, f\u0103r\u0103 efect gras.<\/p>\n<p class=\"\" style=\"text-align: center;\" data-start=\"2362\" data-end=\"2540\">\n","protected":false},"featured_media":17453,"comment_status":"open","ping_status":"closed","template":"","meta":[],"product_brand":[],"product_cat":[75,200],"product_tag":[],"class_list":{"0":"post-17452","1":"product","2":"type-product","3":"status-publish","4":"has-post-thumbnail","6":"product_cat-acasa","7":"product_cat-unturi-de-corp","9":"first","10":"instock","11":"shipping-taxable","12":"purchasable","13":"product-type-simple"},"jetpack_sharing_enabled":true,"_links":{"self":[{"href":"https:\/\/be-one.ro\/cosmetics\/wp-json\/wp\/v2\/product\/17452","targetHints":{"allow":["GET"]}}],"collection":[{"href":"https:\/\/be-one.ro\/cosmetics\/wp-json\/wp\/v2\/product"}],"about":[{"href":"https:\/\/be-one.ro\/cosmetics\/wp-json\/wp\/v2\/types\/product"}],"replies":[{"embeddable":true,"href":"https:\/\/be-one.ro\/cosmetics\/wp-json\/wp\/v2\/comments?post=17452"}],"version-history":[{"count":3,"href":"https:\/\/be-one.ro\/cosmetics\/wp-json\/wp\/v2\/product\/17452\/revisions"}],"predecessor-version":[{"id":17469,"href":"https:\/\/be-one.ro\/cosmetics\/wp-json\/wp\/v2\/product\/17452\/revisions\/17469"}],"wp:featuredmedia":[{"embeddable":true,"href":"https:\/\/be-one.ro\/cosmetics\/wp-json\/wp\/v2\/media\/17453"}],"wp:attachment":[{"href":"https:\/\/be-one.ro\/cosmetics\/wp-json\/wp\/v2\/media?parent=17452"}],"wp:term":[{"taxonomy":"product_brand","embeddable":true,"href":"https:\/\/be-one.ro\/cosmetics\/wp-json\/wp\/v2\/product_brand?post=17452"},{"taxonomy":"product_cat","embeddable":true,"href":"https:\/\/be-one.ro\/cosmetics\/wp-json\/wp\/v2\/product_cat?post=17452"},{"taxonomy":"product_tag","embeddable":true,"href":"https:\/\/be-one.ro\/cosmetics\/wp-json\/wp\/v2\/product_tag?post=17452"}],"curies":[{"name":"wp","href":"https:\/\/api.w.org\/{rel}","templated":true}]}}