{"id":17459,"date":"2025-04-15T08:28:52","date_gmt":"2025-04-15T08:28:52","guid":{"rendered":"https:\/\/be-one.ro\/cosmetics\/?post_type=product&#038;p=17459"},"modified":"2025-09-01T17:49:58","modified_gmt":"2025-09-01T17:49:58","slug":"glow-coffee-butter-luxury-handmade-body-butter-150g","status":"publish","type":"product","link":"https:\/\/be-one.ro\/cosmetics\/produs\/glow-coffee-butter-luxury-handmade-body-butter-150g\/","title":{"rendered":"Glow Coffee Butter ~ Luxury Handmade Body Butter ~ 150g"},"content":{"rendered":"<h4 class=\"\" style=\"text-align: center;\" data-start=\"860\" data-end=\"899\"><strong data-start=\"865\" data-end=\"899\">Ingrediente si beneficiile lor:<\/strong><\/h4>\n<p class=\"\" style=\"text-align: center;\" data-start=\"903\" data-end=\"1105\"><strong data-start=\"903\" data-end=\"948\">Butyrospermum Parkii Butter (Unt de shea)<\/strong><br data-start=\"948\" data-end=\"951\" \/>Ingredient-cheie pentru hidratare \u0219i refacerea barierei cutanate, untul de shea calmeaz\u0103 pielea uscat\u0103, iritat\u0103 \u0219i red\u0103 elasticitatea natural\u0103 a pielii.<\/p>\n<p class=\"\" style=\"text-align: center;\" data-start=\"1109\" data-end=\"1318\"><strong data-start=\"1109\" data-end=\"1161\">Carthamus Tinctorius Seed Oil (Ulei de \u0219ofr\u0103nel)<\/strong><br data-start=\"1161\" data-end=\"1164\" \/>Bogat \u00een acid linoleic \u0219i vitamina E, uleiul de \u0219ofr\u0103nel ofer\u0103 hr\u0103nire profund\u0103 \u0219i sus\u021bine regenerarea pielii, l\u0103s\u00e2nd-o vizibil mai neted\u0103 \u0219i mai supl\u0103.<\/p>\n<p class=\"\" style=\"text-align: center;\" data-start=\"1322\" data-end=\"1498\"><strong data-start=\"1322\" data-end=\"1378\">Maranta Arundinacea Root Powder (Pudr\u0103 de arrowroot)<\/strong><br data-start=\"1378\" data-end=\"1381\" \/>Pudr\u0103 fin\u0103 care ajut\u0103 la absorb\u021bia rapid\u0103 a produsului \u0219i ofer\u0103 un finisaj m\u0103t\u0103sos, nelipicios, pl\u0103cut la atingere.<\/p>\n<p class=\"\" style=\"text-align: center;\" data-start=\"1502\" data-end=\"1779\"><strong data-start=\"1502\" data-end=\"1620\">Parfum ( Coffea Arabica Seed Extract)<\/strong><br data-start=\"1620\" data-end=\"1623\" \/>Parfum natural intens, cu note autentice de cafea proasp\u0103t\u0103, bogat\u0103 \u0219i u\u0219or pr\u0103jit\u0103 \u2013 perfect pentru iubitorii de arome gurmande, profunde \u0219i energizante.<\/p>\n<p class=\"\" style=\"text-align: center;\" data-start=\"1783\" data-end=\"2010\"><strong data-start=\"1783\" data-end=\"1848\">Mica (Pigment mineral cafeniu)<\/strong><br data-start=\"1848\" data-end=\"1851\" \/>Pigmentul mineral ofer\u0103 un efect subtil de bronzare \u0219i o str\u0103lucire cald\u0103, uniformiz\u00e2nd tonul pielii \u0219i conferind un aspect s\u0103n\u0103tos, radiant \u0219i u\u0219or satinat.<\/p>\n<hr class=\"\" data-start=\"2012\" data-end=\"2015\" \/>\n<h4 class=\"\" style=\"text-align: center;\" data-start=\"2017\" data-end=\"2045\"><strong data-start=\"2022\" data-end=\"2045\">Textur\u0103 si utilizare:<\/strong><\/h4>\n<p class=\"\" style=\"text-align: center;\" data-start=\"2047\" data-end=\"2319\">Textura bogat\u0103, dar lejer\u0103, se tope\u0219te instant la contactul cu pielea, fiind u\u0219or de aplicat \u0219i absorbit\u0103. Nu las\u0103 pelicul\u0103 gras\u0103, ci un glow natural, cu tent\u0103 bronzant\u0103 subtil\u0103. Ideal pentru bra\u021be, decolteu, umeri, picioare sau oriunde dore\u0219ti s\u0103 accentuezi tonul pielii.<\/p>\n<hr class=\"\" data-start=\"2321\" data-end=\"2324\" \/>\n<h4 class=\"\" style=\"text-align: center;\" data-start=\"2326\" data-end=\"2351\"><strong data-start=\"2331\" data-end=\"2351\">Potrivit pentru:<\/strong><\/h4>\n<p class=\"\" style=\"text-align: center;\" data-start=\"2352\" data-end=\"2561\">\u2714 Piele normal\u0103 spre uscat\u0103<br data-start=\"2379\" data-end=\"2382\" \/>\u2714 Piele deschis\u0103 sau tern\u0103, care are nevoie de tonifiere vizual\u0103<br data-start=\"2446\" data-end=\"2449\" \/>\u2714 Eviden\u021bierea bronzului natural sau ob\u021binerea unui aspect u\u0219or bronzat<br data-start=\"2520\" data-end=\"2523\" \/>\u2714 Sezonul cald sau evenimente speciale<\/p>\n","protected":false},"excerpt":{"rendered":"<p class=\"\" style=\"text-align: center;\" data-start=\"268\" data-end=\"684\"><strong data-start=\"268\" data-end=\"290\">Glow Coffee Butter<\/strong> este un unt de corp hr\u0103nitor, cu efect de iluminare \u0219i bronzare subtil\u0103, dedicat pielii care are nevoie de hidratare profund\u0103, revitalizare \u0219i o str\u0103lucire cald\u0103, natural\u0103. Formulat pe baz\u0103 de ingrediente vegetale de calitate superioar\u0103, \u00eembog\u0103\u021bit cu pigment mineral cafeniu \u0219i parfum natural de cafea proasp\u0103t pr\u0103jit\u0103, acest produs ofer\u0103 un adev\u0103rat r\u0103sf\u0103\u021b pentru sim\u021buri \u0219i piele deopotriv\u0103.<\/p>\n<p class=\"\" style=\"text-align: center;\" data-start=\"686\" data-end=\"853\">Perfect pentru zilele \u00een care vrei s\u0103 eviden\u021biezi tonul pielii sau s\u0103 adaugi un plus de culoare \u0219i lumin\u0103, <strong data-start=\"793\" data-end=\"815\">Glow Coffee Butter<\/strong> este un must-have pentru orice sezon.<\/p>\n","protected":false},"featured_media":17460,"comment_status":"open","ping_status":"closed","template":"","meta":[],"product_brand":[],"product_cat":[75,200],"product_tag":[],"class_list":{"0":"post-17459","1":"product","2":"type-product","3":"status-publish","4":"has-post-thumbnail","6":"product_cat-acasa","7":"product_cat-unturi-de-corp","9":"first","10":"instock","11":"shipping-taxable","12":"purchasable","13":"product-type-simple"},"jetpack_sharing_enabled":true,"_links":{"self":[{"href":"https:\/\/be-one.ro\/cosmetics\/wp-json\/wp\/v2\/product\/17459","targetHints":{"allow":["GET"]}}],"collection":[{"href":"https:\/\/be-one.ro\/cosmetics\/wp-json\/wp\/v2\/product"}],"about":[{"href":"https:\/\/be-one.ro\/cosmetics\/wp-json\/wp\/v2\/types\/product"}],"replies":[{"embeddable":true,"href":"https:\/\/be-one.ro\/cosmetics\/wp-json\/wp\/v2\/comments?post=17459"}],"version-history":[{"count":1,"href":"https:\/\/be-one.ro\/cosmetics\/wp-json\/wp\/v2\/product\/17459\/revisions"}],"predecessor-version":[{"id":17461,"href":"https:\/\/be-one.ro\/cosmetics\/wp-json\/wp\/v2\/product\/17459\/revisions\/17461"}],"wp:featuredmedia":[{"embeddable":true,"href":"https:\/\/be-one.ro\/cosmetics\/wp-json\/wp\/v2\/media\/17460"}],"wp:attachment":[{"href":"https:\/\/be-one.ro\/cosmetics\/wp-json\/wp\/v2\/media?parent=17459"}],"wp:term":[{"taxonomy":"product_brand","embeddable":true,"href":"https:\/\/be-one.ro\/cosmetics\/wp-json\/wp\/v2\/product_brand?post=17459"},{"taxonomy":"product_cat","embeddable":true,"href":"https:\/\/be-one.ro\/cosmetics\/wp-json\/wp\/v2\/product_cat?post=17459"},{"taxonomy":"product_tag","embeddable":true,"href":"https:\/\/be-one.ro\/cosmetics\/wp-json\/wp\/v2\/product_tag?post=17459"}],"curies":[{"name":"wp","href":"https:\/\/api.w.org\/{rel}","templated":true}]}}