{"id":17596,"date":"2025-07-11T12:36:31","date_gmt":"2025-07-11T12:36:31","guid":{"rendered":"https:\/\/be-one.ro\/cosmetics\/?post_type=product&#038;p=17596"},"modified":"2026-05-06T05:48:56","modified_gmt":"2026-05-06T05:48:56","slug":"combo-glow-gold-oil-glow-fast-tan-elixir-toffee-ulei-accelerator-de-bronz-cu-aroma-intensa-de-caramel-si-ulei-radiant-cu-particule-stralucitoare-copie","status":"publish","type":"product","link":"https:\/\/be-one.ro\/cosmetics\/produs\/combo-glow-gold-oil-glow-fast-tan-elixir-toffee-ulei-accelerator-de-bronz-cu-aroma-intensa-de-caramel-si-ulei-radiant-cu-particule-stralucitoare-copie\/","title":{"rendered":"Combo Glow Gold Oil + Glow Fast-Tan Elixir Toffee &#8211; ulei accelerator de bronz cu aroma intensa de caramel si ulei radiant cu particule stralucitoare"},"content":{"rendered":"<div class=\"items full-features\" data-testid=\"product-desc-item\">\n<div class=\"item\">Pachet Glow BeOne Cosmetics \u2013 Bronzare &amp; Str\u0103lucire 100% Natural\u0103<\/div>\n<div class=\"item\">Transform\u0103-\u021bi rutina de \u00eengrijire din aceast\u0103 var\u0103 cu combo-ul must-have de la BeOne Cosmetics, creat special pentru o piele bronzat\u0103, radiant\u0103 \u0219i perfect hidratat\u0103 \u2013 \u00een mod 100% natural.<\/div>\n<\/div>\n<div class=\"items full-features\" data-testid=\"product-desc-item\"><\/div>\n<div class=\"items full-features\" data-testid=\"product-desc-item\">\n<div class=\"item\"><\/div>\n<\/div>\n<div class=\"items full-features\" data-testid=\"product-desc-item\">\n<div class=\"item\">\ud83d\udfe4 Beneficii principale:<\/div>\n<div class=\"item\">\ud83c\udf3f 100% ingrediente naturale<\/div>\n<div class=\"item\">\u26a1 Bronzare rapid\u0103 \u0219i uniform\u0103<\/div>\n<div class=\"item\">\u2728 Efect radiant \u0219i str\u0103lucire subtil\u0103<\/div>\n<div class=\"item\">\ud83d\udca7 Hidratare intens\u0103, f\u0103r\u0103 senza\u021bie gras\u0103<\/div>\n<div class=\"item\">\ud83d\udc59 Potrivit pentru toate tipurile de piele<\/div>\n<div class=\"item\">\ud83c\uddf7\ud83c\uddf4 Produs artizanal rom\u00e2nesc<\/div>\n<div><\/div>\n<div class=\"item\">\ud83d\udca1 Cum se utilizeaz\u0103: Aplic\u0103 Glow Fast Tan Elixir pe piele cu 15\u201330 minute \u00eenainte de expunerea la soare sau solar.<\/div>\n<\/div>\n<div class=\"items full-features\" data-testid=\"product-desc-item\">\n<div class=\"item\">Aplic\u0103 Glow Gold Oil pe pielea bronzat\u0103 pentru iluminare \u0219i efect satinat.<\/div>\n<\/div>\n<div class=\"items full-features\" data-testid=\"product-desc-item\">\n<div class=\"item\">Poate fi folosit \u0219i pe umeri, decolteu sau picioare pentru un look radiant de var\u0103.<\/div>\n<\/div>\n<div class=\"items full-features\" data-testid=\"product-desc-item\">\n<div><\/div>\n<div class=\"item\">\u2705 F\u0103r\u0103 parabeni, f\u0103r\u0103 siliconi, f\u0103r\u0103 coloran\u021bi sintetici.<\/div>\n<\/div>\n<div class=\"items full-features\" data-testid=\"product-desc-item\">\n<div class=\"item\">Cruelty Free.<\/div>\n<\/div>\n<div class=\"items full-features\" data-testid=\"product-desc-item\">\n<div class=\"item\">Handmade \u00een Rom\u00e2nia.<\/div>\n<\/div>\n","protected":false},"excerpt":{"rendered":"<div class=\"items full-features\" data-testid=\"product-desc-item\">\n<div class=\"item\">Ce con\u021bine pachetul?<\/div>\n<div class=\"item\">-&gt; Glow Fast Tan Elixir \u2013 Toffee (100 ml) Accelerator de bronzare natural, formulat cu uleiuri pre\u021bioase \u0219i ingrediente active care stimuleaz\u0103 produc\u021bia de melanin\u0103.Ideal pentru expunerea la soare, ofer\u0103 o bronzare mai rapid\u0103, uniform\u0103 \u0219i de durat\u0103. Textur\u0103 u\u0219oar\u0103, nelipicioas\u0103, parfum gurmand de caramel.<\/div>\n<div class=\"item\">-&gt; Glow Gold Oil (50 ml) Ulei universal cu efect radiant \u0219i pigment subtil. Hidrateaz\u0103 intens \u0219i las\u0103 pielea str\u0103lucitoare cu un finisaj satinat, perfect pentru eviden\u021bierea bronzului natural. Se poate aplica pe fa\u021b\u0103, corp \u0219i p\u0103r. Con\u021bine sclipici mineral delicat \u0219i uleiuri vegetale nutritive si aroma intensa de vanilie.<\/div>\n<\/div>\n","protected":false},"featured_media":17575,"comment_status":"open","ping_status":"closed","template":"","meta":[],"product_brand":[],"product_cat":[75,82,84],"product_tag":[],"class_list":{"0":"post-17596","1":"product","2":"type-product","3":"status-publish","4":"has-post-thumbnail","6":"product_cat-acasa","7":"product_cat-uleiuri-de-corp","8":"product_cat-combo","10":"first","11":"instock","12":"sale","13":"shipping-taxable","14":"purchasable","15":"product-type-simple"},"jetpack_sharing_enabled":true,"_links":{"self":[{"href":"https:\/\/be-one.ro\/cosmetics\/wp-json\/wp\/v2\/product\/17596","targetHints":{"allow":["GET"]}}],"collection":[{"href":"https:\/\/be-one.ro\/cosmetics\/wp-json\/wp\/v2\/product"}],"about":[{"href":"https:\/\/be-one.ro\/cosmetics\/wp-json\/wp\/v2\/types\/product"}],"replies":[{"embeddable":true,"href":"https:\/\/be-one.ro\/cosmetics\/wp-json\/wp\/v2\/comments?post=17596"}],"version-history":[{"count":2,"href":"https:\/\/be-one.ro\/cosmetics\/wp-json\/wp\/v2\/product\/17596\/revisions"}],"predecessor-version":[{"id":17600,"href":"https:\/\/be-one.ro\/cosmetics\/wp-json\/wp\/v2\/product\/17596\/revisions\/17600"}],"wp:featuredmedia":[{"embeddable":true,"href":"https:\/\/be-one.ro\/cosmetics\/wp-json\/wp\/v2\/media\/17575"}],"wp:attachment":[{"href":"https:\/\/be-one.ro\/cosmetics\/wp-json\/wp\/v2\/media?parent=17596"}],"wp:term":[{"taxonomy":"product_brand","embeddable":true,"href":"https:\/\/be-one.ro\/cosmetics\/wp-json\/wp\/v2\/product_brand?post=17596"},{"taxonomy":"product_cat","embeddable":true,"href":"https:\/\/be-one.ro\/cosmetics\/wp-json\/wp\/v2\/product_cat?post=17596"},{"taxonomy":"product_tag","embeddable":true,"href":"https:\/\/be-one.ro\/cosmetics\/wp-json\/wp\/v2\/product_tag?post=17596"}],"curies":[{"name":"wp","href":"https:\/\/api.w.org\/{rel}","templated":true}]}}