{"id":17616,"date":"2025-07-22T10:14:09","date_gmt":"2025-07-22T10:14:09","guid":{"rendered":"https:\/\/be-one.ro\/cosmetics\/?post_type=product&#038;p=17616"},"modified":"2025-07-22T10:14:09","modified_gmt":"2025-07-22T10:14:09","slug":"silkbound-curls-leave-in-bio-pentru-par-cret-si-ondulat-cu-proteina-de-matase-colagen-betaina-si-pudra-de-aloe-vera-100ml","status":"publish","type":"product","link":"https:\/\/be-one.ro\/cosmetics\/produs\/silkbound-curls-leave-in-bio-pentru-par-cret-si-ondulat-cu-proteina-de-matase-colagen-betaina-si-pudra-de-aloe-vera-100ml\/","title":{"rendered":"SilkBound Curls \u2013 Leave-in BIO pentru par cret si ondulat cu Proteina de matase, Colagen, Betaina si Pudra de Aloe Vera &#8211; 100ml"},"content":{"rendered":"<p data-start=\"601\" data-end=\"668\"><strong data-start=\"604\" data-end=\"665\">SilkBound Curls \u2013 Leave-in BIO pentru p\u0103r cre\u021b \u0219i ondulat<\/strong><\/p>\n<p data-start=\"670\" data-end=\"979\">Define\u0219te-\u021bi buclele natural, cu o formul\u0103 bio \u0219i performant\u0103, creat\u0103 special pentru a hidrata intens, a reduce efectul de frizz \u0219i a sus\u021bine elasticitatea firelor de p\u0103r. <strong data-start=\"842\" data-end=\"861\">SilkBound Curls<\/strong> este mai mult dec\u00e2t un leave-in \u2013 este un tratament zilnic pentru frumuse\u021bea natural\u0103 a p\u0103rului t\u0103u cre\u021b sau ondulat.<\/p>\n<p data-start=\"981\" data-end=\"1016\"><strong data-start=\"981\" data-end=\"1016\">Ingrediente-cheie \u0219i beneficii:<\/strong><\/p>\n<ul data-start=\"1018\" data-end=\"1835\">\n<li data-start=\"1018\" data-end=\"1160\">\n<p data-start=\"1020\" data-end=\"1160\"><strong data-start=\"1023\" data-end=\"1064\">Proteina de m\u0103tase<\/strong>\u00a0\u2013 neteze\u0219te fibra capilar\u0103, confer\u0103 str\u0103lucire, suple\u021be \u0219i protec\u021bie \u00eempotriva deshidrat\u0103rii.<\/p>\n<\/li>\n<li data-start=\"1161\" data-end=\"1299\">\n<p data-start=\"1163\" data-end=\"1299\"><strong data-start=\"1166\" data-end=\"1227\">Colagen vegetal <\/strong>\u2013 fortific\u0103 \u0219i repar\u0103 p\u0103rul fragil, contribuie la definirea buclelor.<\/p>\n<\/li>\n<li data-start=\"1300\" data-end=\"1377\">\n<p data-start=\"1302\" data-end=\"1377\"><strong data-start=\"1305\" data-end=\"1325\">Betain\u0103 natural\u0103<\/strong> \u2013 protejeaz\u0103, hidrateaz\u0103 \u0219i reduce firele rebele.<\/p>\n<\/li>\n<li data-start=\"1378\" data-end=\"1505\">\n<p data-start=\"1380\" data-end=\"1505\"><strong data-start=\"1383\" data-end=\"1436\">Pudr\u0103 de aloe vera <\/strong>\u2013 calmeaz\u0103 scalpul, hidrateaz\u0103 \u0219i stimuleaz\u0103 regenerarea celular\u0103.<\/p>\n<\/li>\n<li data-start=\"1506\" data-end=\"1671\">\n<p data-start=\"1508\" data-end=\"1671\"><strong data-start=\"1511\" data-end=\"1614\">Ulei de brusture <\/strong>\u2013 ofer\u0103 nutri\u021bie, \u00eent\u0103resc r\u0103d\u0103cina \u0219i previn uscarea.<\/p>\n<\/li>\n<li data-start=\"1672\" data-end=\"1835\">\n<p data-start=\"1674\" data-end=\"1835\"><strong data-start=\"1677\" data-end=\"1738\">Hairbond <\/strong>\u2013 formeaz\u0103 o pelicul\u0103 protectoare lejer\u0103, ce ajut\u0103 la definirea \u0219i men\u021binerea formelor buclelor.<\/p>\n<\/li>\n<\/ul>\n<p data-start=\"1837\" data-end=\"2041\">Textura lejer\u0103 \u0219i nelipicioas\u0103 \u00eel face perfect pentru utilizare zilnic\u0103, f\u0103r\u0103 s\u0103 \u00eencarce p\u0103rul. Parfumul natural de <strong data-start=\"1953\" data-end=\"1973\">flori de vanilie<\/strong> adaug\u0103 o not\u0103 cald\u0103 \u0219i subtil\u0103, complet\u00e2nd experien\u021ba de \u00eengrijire.<\/p>\n<p data-start=\"2043\" data-end=\"2156\"><strong data-start=\"2043\" data-end=\"2083\">F\u0103r\u0103 sulfa\u021bi, siliconi sau parabeni.<\/strong><br data-start=\"2083\" data-end=\"2086\" \/>Potrivit pentru toate tipurile de bucle \u2013 de la u\u0219or ondulate la afro.<\/p>\n<p data-start=\"2158\" data-end=\"2283\">Bucle moi, str\u0103lucitoare \u0219i bine definite \u2014 \u00een mod natural, cu <strong data-start=\"2223\" data-end=\"2242\">SilkBound Curls<\/strong>.<br data-start=\"2243\" data-end=\"2246\" \/>\u00a0<em data-start=\"2249\" data-end=\"2283\">Respect\u0103 bucla. Respect\u0103 natura.<\/em><\/p>\n","protected":false},"excerpt":{"rendered":"<p><strong data-start=\"211\" data-end=\"230\">SilkBound Curls<\/strong> este un leave-in bio creat special pentru p\u0103rul cre\u021b \u0219i ondulat, \u00eembog\u0103\u021bit cu <strong data-start=\"309\" data-end=\"331\">protein\u0103 de m\u0103tase<\/strong>, <strong data-start=\"333\" data-end=\"352\">colagen vegetal<\/strong>, <strong data-start=\"354\" data-end=\"365\">betain\u0103<\/strong> \u0219i <strong data-start=\"369\" data-end=\"391\">pudr\u0103 de aloe vera<\/strong>. Hidrateaz\u0103, define\u0219te buclele, elimin\u0103 frizz-ul \u0219i las\u0103 p\u0103rul moale, str\u0103lucitor \u0219i u\u0219or de coafat. Cu parfum natural de flori de vanilie.<\/p>\n<p><strong>Mod de utilizare:<\/strong> <span class=\"OYPEnA font-feature-liga-off font-feature-clig-off font-feature-calt-off text-decoration-none text-strikethrough-none\">Dup\u0103 sp\u0103lare, aplic\u0103 o cantitate potrivit\u0103 de leave-in \u00een palme \u0219i distribuie uniform pe p\u0103rul umed, de la mijloc spre v\u00e2rfuri. Las\u0103-\u021bi buclele s\u0103 se exprime natural sau define\u0219te-le u\u0219or cu degetele. Nu necesit\u0103 cl\u0103tire!<\/span><\/p>\n","protected":false},"featured_media":17617,"comment_status":"open","ping_status":"closed","template":"","meta":[],"product_brand":[],"product_cat":[75,190],"product_tag":[],"class_list":{"0":"post-17616","1":"product","2":"type-product","3":"status-publish","4":"has-post-thumbnail","6":"product_cat-acasa","7":"product_cat-uleiuri-pentru-par","9":"first","10":"instock","11":"shipping-taxable","12":"purchasable","13":"product-type-simple"},"jetpack_sharing_enabled":true,"_links":{"self":[{"href":"https:\/\/be-one.ro\/cosmetics\/wp-json\/wp\/v2\/product\/17616","targetHints":{"allow":["GET"]}}],"collection":[{"href":"https:\/\/be-one.ro\/cosmetics\/wp-json\/wp\/v2\/product"}],"about":[{"href":"https:\/\/be-one.ro\/cosmetics\/wp-json\/wp\/v2\/types\/product"}],"replies":[{"embeddable":true,"href":"https:\/\/be-one.ro\/cosmetics\/wp-json\/wp\/v2\/comments?post=17616"}],"version-history":[{"count":1,"href":"https:\/\/be-one.ro\/cosmetics\/wp-json\/wp\/v2\/product\/17616\/revisions"}],"predecessor-version":[{"id":17619,"href":"https:\/\/be-one.ro\/cosmetics\/wp-json\/wp\/v2\/product\/17616\/revisions\/17619"}],"wp:featuredmedia":[{"embeddable":true,"href":"https:\/\/be-one.ro\/cosmetics\/wp-json\/wp\/v2\/media\/17617"}],"wp:attachment":[{"href":"https:\/\/be-one.ro\/cosmetics\/wp-json\/wp\/v2\/media?parent=17616"}],"wp:term":[{"taxonomy":"product_brand","embeddable":true,"href":"https:\/\/be-one.ro\/cosmetics\/wp-json\/wp\/v2\/product_brand?post=17616"},{"taxonomy":"product_cat","embeddable":true,"href":"https:\/\/be-one.ro\/cosmetics\/wp-json\/wp\/v2\/product_cat?post=17616"},{"taxonomy":"product_tag","embeddable":true,"href":"https:\/\/be-one.ro\/cosmetics\/wp-json\/wp\/v2\/product_tag?post=17616"}],"curies":[{"name":"wp","href":"https:\/\/api.w.org\/{rel}","templated":true}]}}