{"id":17641,"date":"2025-08-08T12:17:24","date_gmt":"2025-08-08T12:17:24","guid":{"rendered":"https:\/\/be-one.ro\/cosmetics\/?post_type=product&#038;p=17641"},"modified":"2025-09-01T17:49:58","modified_gmt":"2025-09-01T17:49:58","slug":"freshherbal-veil-leave-in-bio-pentru-par-gras-cu-niacinamide-panthenol-si-uleiuri-esentiale-de-rozmarin-arbore-de-ceai-si-menta","status":"publish","type":"product","link":"https:\/\/be-one.ro\/cosmetics\/produs\/freshherbal-veil-leave-in-bio-pentru-par-gras-cu-niacinamide-panthenol-si-uleiuri-esentiale-de-rozmarin-arbore-de-ceai-si-menta\/","title":{"rendered":"FreshHerbal Veil ~ Leave-in BIO pentru par gras cu Niacinamide, Panthenol si uleiuri esentiale de Rozmarin, Arbore  de ceai si Menta"},"content":{"rendered":"<p style=\"text-align: center;\">Scalpul si parul gras are nevoie de mai mult dec\u00e2t un simplu produs de styling \u2013 are nevoie de echilibru, prospe\u021bime \u0219i \u00eengrijire activ\u0103.<br \/>\nLeave-in-ul nostru natural, f\u0103r\u0103 cl\u0103tire, este formulat special pentru a r\u0103spunde acestor nevoi, combin\u00e2nd ingrediente atent selec\u021bionate, cu eficien\u021b\u0103 dovedit\u0103.<\/p>\n<p style=\"text-align: center;\">Aroma ierboasa, racoritoare si revigoranta cu accente intense de menta!<\/p>\n<p style=\"text-align: center;\">Mod de utilizare:<\/p>\n<p style=\"text-align: center;\"><span class=\"OYPEnA font-feature-liga-off font-feature-clig-off font-feature-calt-off text-decoration-none text-strikethrough-none\">Dup\u0103 sp\u0103lare, aplic\u0103 o cantitate potrivit\u0103 de leave-in \u00een palme \u0219i distribuie uniform pe p\u0103rul umed, de la mijloc spre v\u00e2rfuri. Agit\u0103 bine \u00eenainte de utilizare. Revigoreaz\u0103 parul, echilibreaz\u0103 sebumul \u0219i ofer\u0103 prospe\u021bime.<\/span><\/p>\n","protected":false},"excerpt":{"rendered":"<p style=\"text-align: center;\">Ingredientele active si beneficiile lor:<\/p>\n<p style=\"text-align: center;\">\u2714 Niacinamidele \u0219i extractul de r\u0103d\u0103cin\u0103 de brusture regleaz\u0103 produc\u021bia de sebum \u0219i calmeaz\u0103 scalpul iritat.<br \/>\n\u2714 Glicerina vegetal\u0103 \u0219i panthenolul (vitamina B5) hidrateaz\u0103 \u00een profunzime f\u0103r\u0103 s\u0103 \u00eencarce.<br \/>\n\u2714 Hairbond \u0219i BTMS-ul vegetal protejeaz\u0103 firul de p\u0103r, reduc electrizarea \u0219i \u00eembun\u0103t\u0103\u021besc textura.<br \/>\n\u2714 Uleiurile esen\u021biale de ment\u0103, rozmarin \u0219i arbore de ceai ofer\u0103 efect r\u0103coritor, antibacterian \u0219i purificator.<\/p>\n<p style=\"text-align: center;\">\nTextura lejer\u0103 se absoarbe rapid, f\u0103r\u0103 s\u0103 lase reziduuri, iar parfumul proasp\u0103t de plante te \u00eenv\u0103luie discret, oferind senza\u021bia de p\u0103r curat \u0219i revitalizat\u00a0\u00eentre\u00a0sp\u0103l\u0103ri.<\/p>\n","protected":false},"featured_media":17642,"comment_status":"open","ping_status":"closed","template":"","meta":[],"product_brand":[],"product_cat":[75,190],"product_tag":[],"class_list":{"0":"post-17641","1":"product","2":"type-product","3":"status-publish","4":"has-post-thumbnail","6":"product_cat-acasa","7":"product_cat-uleiuri-pentru-par","9":"first","10":"instock","11":"shipping-taxable","12":"purchasable","13":"product-type-simple"},"jetpack_sharing_enabled":true,"_links":{"self":[{"href":"https:\/\/be-one.ro\/cosmetics\/wp-json\/wp\/v2\/product\/17641","targetHints":{"allow":["GET"]}}],"collection":[{"href":"https:\/\/be-one.ro\/cosmetics\/wp-json\/wp\/v2\/product"}],"about":[{"href":"https:\/\/be-one.ro\/cosmetics\/wp-json\/wp\/v2\/types\/product"}],"replies":[{"embeddable":true,"href":"https:\/\/be-one.ro\/cosmetics\/wp-json\/wp\/v2\/comments?post=17641"}],"version-history":[{"count":1,"href":"https:\/\/be-one.ro\/cosmetics\/wp-json\/wp\/v2\/product\/17641\/revisions"}],"predecessor-version":[{"id":17644,"href":"https:\/\/be-one.ro\/cosmetics\/wp-json\/wp\/v2\/product\/17641\/revisions\/17644"}],"wp:featuredmedia":[{"embeddable":true,"href":"https:\/\/be-one.ro\/cosmetics\/wp-json\/wp\/v2\/media\/17642"}],"wp:attachment":[{"href":"https:\/\/be-one.ro\/cosmetics\/wp-json\/wp\/v2\/media?parent=17641"}],"wp:term":[{"taxonomy":"product_brand","embeddable":true,"href":"https:\/\/be-one.ro\/cosmetics\/wp-json\/wp\/v2\/product_brand?post=17641"},{"taxonomy":"product_cat","embeddable":true,"href":"https:\/\/be-one.ro\/cosmetics\/wp-json\/wp\/v2\/product_cat?post=17641"},{"taxonomy":"product_tag","embeddable":true,"href":"https:\/\/be-one.ro\/cosmetics\/wp-json\/wp\/v2\/product_tag?post=17641"}],"curies":[{"name":"wp","href":"https:\/\/api.w.org\/{rel}","templated":true}]}}