{"id":17693,"date":"2025-10-10T10:31:38","date_gmt":"2025-10-10T10:31:38","guid":{"rendered":"https:\/\/be-one.ro\/cosmetics\/?post_type=product&#038;p=17693"},"modified":"2026-03-19T11:55:19","modified_gmt":"2026-03-19T11:55:19","slug":"sweet-marzipan-kiss-balsam-hranitor-pentru-buze-cu-aroma-de-marzipan-10g","status":"publish","type":"product","link":"https:\/\/be-one.ro\/cosmetics\/produs\/sweet-marzipan-kiss-balsam-hranitor-pentru-buze-cu-aroma-de-marzipan-10g\/","title":{"rendered":"SWEET MARZIPAN KISS ~ Balsam hranitor pentru buze cu aroma de marzipan ~ 10g"},"content":{"rendered":"<p data-start=\"647\" data-end=\"1001\">Bucur\u0103-te de un balsam de buze 100% natural, cu arom\u0103 rafinat\u0103 de <strong data-start=\"713\" data-end=\"725\">mar\u021bipan<\/strong>, ce transform\u0103 \u00eengrijirea buzelor \u00eentr-o experien\u021b\u0103 delicat\u0103 \u0219i senzorial\u0103. Combina\u021bia de <strong data-start=\"816\" data-end=\"835\">cear\u0103 de albine<\/strong>, <strong data-start=\"837\" data-end=\"852\">unt de shea<\/strong> \u0219i <strong data-start=\"856\" data-end=\"872\">unt de cacao<\/strong> creeaz\u0103 un scut protector \u00eempotriva deshidrat\u0103rii \u0219i a factorilor de mediu, red\u00e2nd buzelor elasticitatea \u0219i confortul natural.<\/p>\n<p data-start=\"1003\" data-end=\"1217\"><strong data-start=\"1003\" data-end=\"1023\">Uleiul de jojoba<\/strong> echilibreaz\u0103 nivelul de hidratare, <strong data-start=\"1059\" data-end=\"1077\">untul de mango<\/strong> catifeleaz\u0103 \u0219i ofer\u0103 o textur\u0103 pl\u0103cut\u0103, iar <strong data-start=\"1122\" data-end=\"1136\">vitamina E<\/strong> protejeaz\u0103 \u00eempotriva radicalilor liberi \u0219i men\u021bine pielea t\u00e2n\u0103r\u0103 \u0219i s\u0103n\u0103toas\u0103.<\/p>\n<p data-start=\"1219\" data-end=\"1332\">Aroma natural\u0103 de <strong data-start=\"1237\" data-end=\"1249\">mar\u021bipan<\/strong> \u2013 dulce, cald\u0103 \u0219i elegant\u0103 \u2013 \u00ee\u021bi ofer\u0103 o senza\u021bie de r\u0103sf\u0103\u021b la fiecare aplicare.<\/p>\n","protected":false},"excerpt":{"rendered":"<p data-start=\"157\" data-end=\"418\"><strong data-start=\"157\" data-end=\"204\">Balsam de buze natural cu arom\u0103 de mar\u021bipan<\/strong> \u2013 un amestec fin de cear\u0103 de albine, unturi vegetale \u0219i uleiuri pre\u021bioase ce hidrateaz\u0103 intens \u0219i las\u0103 buzele moi \u0219i catifelate. Hr\u0103ne\u0219te, protejeaz\u0103 \u0219i ofer\u0103 o str\u0103lucire delicat\u0103 cu un parfum dulce de migdale.<\/p>\n<p data-start=\"420\" data-end=\"550\"><strong data-start=\"420\" data-end=\"441\">Mod de utilizare:<\/strong> Aplic\u0103 pe buze de c\u00e2te ori sim\u021bi nevoia de hidratare \u0219i protec\u021bie. Ideal pentru uz zilnic, \u00een orice sezon.<\/p>\n","protected":false},"featured_media":17678,"comment_status":"open","ping_status":"closed","template":"","meta":[],"product_brand":[],"product_cat":[201],"product_tag":[],"class_list":{"0":"post-17693","1":"product","2":"type-product","3":"status-publish","4":"has-post-thumbnail","6":"product_cat-ingrijire-buze","8":"first","9":"instock","10":"shipping-taxable","11":"purchasable","12":"product-type-simple"},"jetpack_sharing_enabled":true,"_links":{"self":[{"href":"https:\/\/be-one.ro\/cosmetics\/wp-json\/wp\/v2\/product\/17693","targetHints":{"allow":["GET"]}}],"collection":[{"href":"https:\/\/be-one.ro\/cosmetics\/wp-json\/wp\/v2\/product"}],"about":[{"href":"https:\/\/be-one.ro\/cosmetics\/wp-json\/wp\/v2\/types\/product"}],"replies":[{"embeddable":true,"href":"https:\/\/be-one.ro\/cosmetics\/wp-json\/wp\/v2\/comments?post=17693"}],"version-history":[{"count":1,"href":"https:\/\/be-one.ro\/cosmetics\/wp-json\/wp\/v2\/product\/17693\/revisions"}],"predecessor-version":[{"id":17694,"href":"https:\/\/be-one.ro\/cosmetics\/wp-json\/wp\/v2\/product\/17693\/revisions\/17694"}],"wp:featuredmedia":[{"embeddable":true,"href":"https:\/\/be-one.ro\/cosmetics\/wp-json\/wp\/v2\/media\/17678"}],"wp:attachment":[{"href":"https:\/\/be-one.ro\/cosmetics\/wp-json\/wp\/v2\/media?parent=17693"}],"wp:term":[{"taxonomy":"product_brand","embeddable":true,"href":"https:\/\/be-one.ro\/cosmetics\/wp-json\/wp\/v2\/product_brand?post=17693"},{"taxonomy":"product_cat","embeddable":true,"href":"https:\/\/be-one.ro\/cosmetics\/wp-json\/wp\/v2\/product_cat?post=17693"},{"taxonomy":"product_tag","embeddable":true,"href":"https:\/\/be-one.ro\/cosmetics\/wp-json\/wp\/v2\/product_tag?post=17693"}],"curies":[{"name":"wp","href":"https:\/\/api.w.org\/{rel}","templated":true}]}}