{"id":17695,"date":"2025-10-10T10:38:31","date_gmt":"2025-10-10T10:38:31","guid":{"rendered":"https:\/\/be-one.ro\/cosmetics\/?post_type=product&#038;p=17695"},"modified":"2026-03-19T11:54:50","modified_gmt":"2026-03-19T11:54:50","slug":"berry-bliss-balsam-hranitor-pentru-buze-cu-aroma-de-fructe-de-padure-10g","status":"publish","type":"product","link":"https:\/\/be-one.ro\/cosmetics\/produs\/berry-bliss-balsam-hranitor-pentru-buze-cu-aroma-de-fructe-de-padure-10g\/","title":{"rendered":"RAINBOW BLISS ~ Balsam hranitor pentru buze cu aroma de bubble gum ~ 10g"},"content":{"rendered":"<p data-start=\"673\" data-end=\"982\">Redescoper\u0103 naturale\u021bea \u0219i prospe\u021bimea buzelor catifelate cu <strong data-start=\"734\" data-end=\"791\">balsamul de buze natural cu arom\u0103 de bubble gum<\/strong>. Formula sa bogat\u0103 \u00eembin\u0103 <strong data-start=\"818\" data-end=\"837\">ceara de albine<\/strong>, care formeaz\u0103 o barier\u0103 protectoare, cu <strong data-start=\"879\" data-end=\"896\">untul de shea<\/strong> \u0219i <strong data-start=\"900\" data-end=\"918\">untul de cacao<\/strong>, recunoscute pentru efectul lor intens hidratant \u0219i emolient.<\/p>\n<p data-start=\"984\" data-end=\"1227\"><strong data-start=\"984\" data-end=\"1004\">Uleiul de jojoba<\/strong> p\u0103trunde u\u0219or \u00een piele, restabilind echilibrul natural al buzelor, iar <strong data-start=\"1076\" data-end=\"1094\">untul de mango<\/strong> le confer\u0103 fine\u021be \u0219i o textur\u0103 m\u0103t\u0103soas\u0103. <strong data-start=\"1137\" data-end=\"1151\">Vitamina E<\/strong> ac\u021bioneaz\u0103 ca antioxidant natural, prevenind uscarea \u0219i cr\u0103parea buzelor.<\/p>\n<p data-start=\"1229\" data-end=\"1361\">Aroma incantatoare de <strong data-start=\"1247\" data-end=\"1267\">bubble gum<\/strong> ofer\u0103 o not\u0103 proasp\u0103t\u0103 \u0219i juc\u0103u\u0219\u0103, transform\u00e2nd fiecare aplicare \u00eentr-un moment de bucurie.<\/p>\n","protected":false},"excerpt":{"rendered":"<p data-start=\"177\" data-end=\"437\"><strong data-start=\"177\" data-end=\"232\">Balsam de buze natural cu arom\u0103 de bubble gum<\/strong>\u2013 un mix hr\u0103nitor de cear\u0103 de albine, unturi \u0219i uleiuri vegetale ce hidrateaz\u0103 intens \u0219i las\u0103 buzele moi, netede \u0219i catifelate. Protejeaz\u0103 eficient \u0219i ofer\u0103 o arom\u0103 dulce, incantatoare.<\/p>\n<p data-start=\"439\" data-end=\"576\"><strong data-start=\"439\" data-end=\"460\">Mod de utilizare:<\/strong> Aplic\u0103 pe buze ori de c\u00e2te ori sim\u021bi nevoia de hidratare \u0219i confort. Ideal pentru uz zilnic, indiferent de sezon.<\/p>\n","protected":false},"featured_media":18969,"comment_status":"open","ping_status":"closed","template":"","meta":[],"product_brand":[],"product_cat":[201],"product_tag":[],"class_list":{"0":"post-17695","1":"product","2":"type-product","3":"status-publish","4":"has-post-thumbnail","6":"product_cat-ingrijire-buze","8":"first","9":"instock","10":"shipping-taxable","11":"purchasable","12":"product-type-simple"},"jetpack_sharing_enabled":true,"_links":{"self":[{"href":"https:\/\/be-one.ro\/cosmetics\/wp-json\/wp\/v2\/product\/17695","targetHints":{"allow":["GET"]}}],"collection":[{"href":"https:\/\/be-one.ro\/cosmetics\/wp-json\/wp\/v2\/product"}],"about":[{"href":"https:\/\/be-one.ro\/cosmetics\/wp-json\/wp\/v2\/types\/product"}],"replies":[{"embeddable":true,"href":"https:\/\/be-one.ro\/cosmetics\/wp-json\/wp\/v2\/comments?post=17695"}],"version-history":[{"count":3,"href":"https:\/\/be-one.ro\/cosmetics\/wp-json\/wp\/v2\/product\/17695\/revisions"}],"predecessor-version":[{"id":18990,"href":"https:\/\/be-one.ro\/cosmetics\/wp-json\/wp\/v2\/product\/17695\/revisions\/18990"}],"wp:featuredmedia":[{"embeddable":true,"href":"https:\/\/be-one.ro\/cosmetics\/wp-json\/wp\/v2\/media\/18969"}],"wp:attachment":[{"href":"https:\/\/be-one.ro\/cosmetics\/wp-json\/wp\/v2\/media?parent=17695"}],"wp:term":[{"taxonomy":"product_brand","embeddable":true,"href":"https:\/\/be-one.ro\/cosmetics\/wp-json\/wp\/v2\/product_brand?post=17695"},{"taxonomy":"product_cat","embeddable":true,"href":"https:\/\/be-one.ro\/cosmetics\/wp-json\/wp\/v2\/product_cat?post=17695"},{"taxonomy":"product_tag","embeddable":true,"href":"https:\/\/be-one.ro\/cosmetics\/wp-json\/wp\/v2\/product_tag?post=17695"}],"curies":[{"name":"wp","href":"https:\/\/api.w.org\/{rel}","templated":true}]}}