{"id":17719,"date":"2025-10-20T06:39:57","date_gmt":"2025-10-20T06:39:57","guid":{"rendered":"https:\/\/be-one.ro\/cosmetics\/?post_type=product&#038;p=17719"},"modified":"2026-01-08T12:08:36","modified_gmt":"2026-01-08T12:08:36","slug":"cutie-mini-christmas-cu-funda-si-mesaj-sapun-solid-bomba-efervescenta","status":"publish","type":"product","link":"https:\/\/be-one.ro\/cosmetics\/produs\/cutie-mini-christmas-cu-funda-si-mesaj-sapun-solid-bomba-efervescenta\/","title":{"rendered":"Cutie mini Christmas cu funda si mesaj ~ sapun solid + bomba efervescenta"},"content":{"rendered":"<p data-start=\"0\" data-end=\"323\"><strong data-start=\"2\" data-end=\"46\">Cutie festiv\u0103 de Cr\u0103ciun BeOne Cosmetics<\/strong> \u2013 un cadou plin de farmec \u0219i rafinament natural. Ambalat\u0103 cu grij\u0103, decorat\u0103 cu <strong data-start=\"127\" data-end=\"148\">panglic\u0103 elegant\u0103<\/strong> \u0219i detalii de sezon, con\u021bine o <strong data-start=\"180\" data-end=\"210\">bomb\u0103 efervescent\u0103 de baie<\/strong> \u0219i un <strong data-start=\"217\" data-end=\"244\">s\u0103punel solid artizanal<\/strong>, create manual din ingrediente naturale, pentru clipe de relaxare \u0219i r\u0103sf\u0103\u021b.<\/p>\n<p data-start=\"0\" data-end=\"323\">Disponibil\u0103 \u00een <strong data-start=\"343\" data-end=\"371\">trei variante de culoare<\/strong> \u2013 ro\u0219u, auriu \u0219i verde \u2013 pentru a se potrivi perfect cu atmosfera s\u0103rb\u0103torilor.<br data-start=\"451\" data-end=\"454\" \/>O alegere minunat\u0103, <strong data-start=\"474\" data-end=\"501\">gata de oferit sub brad<\/strong>, ce \u00eembin\u0103 frumuse\u021bea natural\u0103 cu spiritul Cr\u0103ciunului.<\/p>\n","protected":false},"excerpt":{"rendered":"<p class=\"cvGsUA direction-ltr align-justify para-style-body\"><span class=\"a_GcMg font-feature-liga-off font-feature-clig-off font-feature-calt-off text-decoration-none text-strikethrough-none\">Un strop de magie de Cr\u0103ciun \u00eentr-o cutiu\u021b\u0103!<\/span><\/p>\n<p class=\"cvGsUA direction-ltr align-justify para-style-body\"><span class=\"a_GcMg font-feature-liga-off font-feature-clig-off font-feature-calt-off text-decoration-none text-strikethrough-none\">Boxul con\u021bine un s\u0103punel parfumat cu arome festive \u0219i o bomb\u0103 de baie efervescent\u0103, perfecte pentru momente de r\u0103sf\u0103\u021b \u0219i relaxare. Un cadou delicat, plin de arom\u0103 \u0219i bucurie, gata s\u0103 aduc\u0103 z\u00e2mbete celor dragi!<\/span><\/p>\n","protected":false},"featured_media":17724,"comment_status":"open","ping_status":"closed","template":"","meta":[],"product_brand":[],"product_cat":[75,194,85,86],"product_tag":[],"class_list":{"0":"post-17719","1":"product","2":"type-product","3":"status-publish","4":"has-post-thumbnail","6":"product_cat-acasa","7":"product_cat-christmas-shop-2","8":"product_cat-christmas-shop","9":"product_cat-christmas-shop-acasa","10":"pa_culoare-rosu","11":"pa_culoare-verde","12":"pa_culoare-alb","14":"first","15":"outofstock","16":"shipping-taxable","17":"purchasable","18":"product-type-variable"},"jetpack_sharing_enabled":true,"_links":{"self":[{"href":"https:\/\/be-one.ro\/cosmetics\/wp-json\/wp\/v2\/product\/17719","targetHints":{"allow":["GET"]}}],"collection":[{"href":"https:\/\/be-one.ro\/cosmetics\/wp-json\/wp\/v2\/product"}],"about":[{"href":"https:\/\/be-one.ro\/cosmetics\/wp-json\/wp\/v2\/types\/product"}],"replies":[{"embeddable":true,"href":"https:\/\/be-one.ro\/cosmetics\/wp-json\/wp\/v2\/comments?post=17719"}],"version-history":[{"count":1,"href":"https:\/\/be-one.ro\/cosmetics\/wp-json\/wp\/v2\/product\/17719\/revisions"}],"predecessor-version":[{"id":17729,"href":"https:\/\/be-one.ro\/cosmetics\/wp-json\/wp\/v2\/product\/17719\/revisions\/17729"}],"wp:featuredmedia":[{"embeddable":true,"href":"https:\/\/be-one.ro\/cosmetics\/wp-json\/wp\/v2\/media\/17724"}],"wp:attachment":[{"href":"https:\/\/be-one.ro\/cosmetics\/wp-json\/wp\/v2\/media?parent=17719"}],"wp:term":[{"taxonomy":"product_brand","embeddable":true,"href":"https:\/\/be-one.ro\/cosmetics\/wp-json\/wp\/v2\/product_brand?post=17719"},{"taxonomy":"product_cat","embeddable":true,"href":"https:\/\/be-one.ro\/cosmetics\/wp-json\/wp\/v2\/product_cat?post=17719"},{"taxonomy":"product_tag","embeddable":true,"href":"https:\/\/be-one.ro\/cosmetics\/wp-json\/wp\/v2\/product_tag?post=17719"}],"curies":[{"name":"wp","href":"https:\/\/api.w.org\/{rel}","templated":true}]}}