{"id":17730,"date":"2025-10-20T06:47:53","date_gmt":"2025-10-20T06:47:53","guid":{"rendered":"https:\/\/be-one.ro\/cosmetics\/?post_type=product&#038;p=17730"},"modified":"2026-01-08T12:08:29","modified_gmt":"2026-01-08T12:08:29","slug":"cutie-mini-christmas-cu-maner-de-pus-in-brad-balsam-de-buze-ulei-pentru-unghii-si-cuticule","status":"publish","type":"product","link":"https:\/\/be-one.ro\/cosmetics\/produs\/cutie-mini-christmas-cu-maner-de-pus-in-brad-balsam-de-buze-ulei-pentru-unghii-si-cuticule\/","title":{"rendered":"Cutie mini Christmas cu maner de pus in brad ~ Balsam de buze + ulei pentru unghii si cuticule"},"content":{"rendered":"<p class=\"cvGsUA direction-ltr align-justify para-style-body\"><span class=\"a_GcMg font-feature-liga-off font-feature-clig-off font-feature-calt-off text-decoration-none text-strikethrough-none\">O cutiu\u021b\u0103 fermecat\u0103 cu m\u00e2ner, perfect\u0103 de pus \u00een bradul de Cr\u0103ciun!<\/span><\/p>\n<p class=\"cvGsUA direction-ltr align-justify para-style-body\"><span class=\"a_GcMg font-feature-liga-off font-feature-clig-off font-feature-calt-off text-decoration-none text-strikethrough-none\">\u00cen interior se ascunde un duo de r\u0103sf\u0103\u021b \u2014 un ulei hr\u0103nitor pentru cuticule \u0219i un balsam natural de buze, ideale pentru a-\u021bi p\u0103stra frumuse\u021bea \u0219i hidratarea \u00een sezonul rece. Un mic dar cu mult\u0103 grij\u0103 \u0219i magie de s\u0103rb\u0103tori!<\/span><\/p>\n","protected":false},"excerpt":{"rendered":"<article class=\"text-token-text-primary w-full focus:outline-none [--shadow-height:45px] has-data-writing-block:pointer-events-none has-data-writing-block:-mt-(--shadow-height) has-data-writing-block:pt-(--shadow-height) [&amp;:has([data-writing-block])&gt;*]:pointer-events-auto scroll-mt-[calc(var(--header-height)+min(200px,max(70px,20svh)))]\" dir=\"auto\" tabindex=\"-1\" data-turn-id=\"request-WEB:bfadf84d-a00f-43a5-a2d0-66bc5b31e9a9-6\" data-testid=\"conversation-turn-14\" data-scroll-anchor=\"true\" data-turn=\"assistant\">\n<div class=\"text-base my-auto mx-auto pb-10 [--thread-content-margin:--spacing(4)] thread-sm:[--thread-content-margin:--spacing(6)] thread-lg:[--thread-content-margin:--spacing(16)] px-(--thread-content-margin)\">\n<div class=\"[--thread-content-max-width:40rem] thread-lg:[--thread-content-max-width:48rem] mx-auto max-w-(--thread-content-max-width) flex-1 group\/turn-messages focus-visible:outline-hidden relative flex w-full min-w-0 flex-col agent-turn\" tabindex=\"-1\">\n<div class=\"flex max-w-full flex-col grow\">\n<div class=\"min-h-8 text-message relative flex w-full flex-col items-end gap-2 text-start break-words whitespace-normal [.text-message+&amp;]:mt-1\" dir=\"auto\" data-message-author-role=\"assistant\" data-message-id=\"db42940c-a763-4cac-bc32-f598b2f6c89f\" data-message-model-slug=\"gpt-5\">\n<div class=\"flex w-full flex-col gap-1 empty:hidden first:pt-[1px]\">\n<div class=\"markdown prose dark:prose-invert w-full break-words light markdown-new-styling\">\n<p data-start=\"0\" data-end=\"280\"><strong data-start=\"3\" data-end=\"38\">Pungu\u021b\u0103 festiv\u0103 BeOne Cosmetics<\/strong>, cu m\u00e2ner \u0219i design de s\u0103rb\u0103toare, perfect\u0103 pentru a fi <strong data-start=\"95\" data-end=\"114\">ag\u0103\u021bat\u0103 \u00een brad<\/strong> sau oferit\u0103 cadou.<br data-start=\"133\" data-end=\"136\" \/>Con\u021bine un <strong data-start=\"147\" data-end=\"173\">balsam de buze natural<\/strong> \u0219i un <strong data-start=\"180\" data-end=\"223\">ulei hr\u0103nitor pentru unghii \u0219i cuticule<\/strong>, ideale pentru \u00eengrijire \u0219i hidratare \u00een sezonul rece.<\/p>\n<p data-start=\"282\" data-end=\"456\" data-is-last-node=\"\" data-is-only-node=\"\">\u00a0Ambalat\u0103 cu grij\u0103 \u0219i disponibil\u0103 \u00een <strong data-start=\"320\" data-end=\"367\">trei culori elegante \u2013 auriu, ro\u0219u \u0219i verde<\/strong>, aceast\u0103 pungu\u021b\u0103 aduce un strop de str\u0103lucire \u0219i naturale\u021be sub fiecare brad de Cr\u0103ciun.<\/p>\n<\/div>\n<\/div>\n<\/div>\n<\/div>\n<div class=\"z-0 flex min-h-[46px] justify-start\"><\/div>\n<div class=\"mt-3 w-full empty:hidden\">\n<div class=\"text-center\"><\/div>\n<\/div>\n<\/div>\n<\/div>\n<\/article>\n<div class=\"pointer-events-none h-px w-px\" aria-hidden=\"true\" data-edge=\"true\"><\/div>\n","protected":false},"featured_media":17767,"comment_status":"open","ping_status":"closed","template":"","meta":[],"product_brand":[],"product_cat":[75,194,85,86],"product_tag":[],"class_list":{"0":"post-17730","1":"product","2":"type-product","3":"status-publish","4":"has-post-thumbnail","6":"product_cat-acasa","7":"product_cat-christmas-shop-2","8":"product_cat-christmas-shop","9":"product_cat-christmas-shop-acasa","10":"pa_culoare-auriu","11":"pa_culoare-rosu","12":"pa_culoare-verde","14":"first","15":"outofstock","16":"shipping-taxable","17":"purchasable","18":"product-type-variable"},"jetpack_sharing_enabled":true,"_links":{"self":[{"href":"https:\/\/be-one.ro\/cosmetics\/wp-json\/wp\/v2\/product\/17730","targetHints":{"allow":["GET"]}}],"collection":[{"href":"https:\/\/be-one.ro\/cosmetics\/wp-json\/wp\/v2\/product"}],"about":[{"href":"https:\/\/be-one.ro\/cosmetics\/wp-json\/wp\/v2\/types\/product"}],"replies":[{"embeddable":true,"href":"https:\/\/be-one.ro\/cosmetics\/wp-json\/wp\/v2\/comments?post=17730"}],"version-history":[{"count":1,"href":"https:\/\/be-one.ro\/cosmetics\/wp-json\/wp\/v2\/product\/17730\/revisions"}],"predecessor-version":[{"id":17769,"href":"https:\/\/be-one.ro\/cosmetics\/wp-json\/wp\/v2\/product\/17730\/revisions\/17769"}],"wp:featuredmedia":[{"embeddable":true,"href":"https:\/\/be-one.ro\/cosmetics\/wp-json\/wp\/v2\/media\/17767"}],"wp:attachment":[{"href":"https:\/\/be-one.ro\/cosmetics\/wp-json\/wp\/v2\/media?parent=17730"}],"wp:term":[{"taxonomy":"product_brand","embeddable":true,"href":"https:\/\/be-one.ro\/cosmetics\/wp-json\/wp\/v2\/product_brand?post=17730"},{"taxonomy":"product_cat","embeddable":true,"href":"https:\/\/be-one.ro\/cosmetics\/wp-json\/wp\/v2\/product_cat?post=17730"},{"taxonomy":"product_tag","embeddable":true,"href":"https:\/\/be-one.ro\/cosmetics\/wp-json\/wp\/v2\/product_tag?post=17730"}],"curies":[{"name":"wp","href":"https:\/\/api.w.org\/{rel}","templated":true}]}}