{"id":17856,"date":"2025-10-20T07:51:04","date_gmt":"2025-10-20T07:51:04","guid":{"rendered":"https:\/\/be-one.ro\/cosmetics\/?post_type=product&#038;p=17856"},"modified":"2026-01-08T12:08:23","modified_gmt":"2026-01-08T12:08:23","slug":"cutie-mini-christmas-cu-maner-de-pus-in-brad-ulei-de-par-balsam-de-buze","status":"publish","type":"product","link":"https:\/\/be-one.ro\/cosmetics\/produs\/cutie-mini-christmas-cu-maner-de-pus-in-brad-ulei-de-par-balsam-de-buze\/","title":{"rendered":"Cutie mini Christmas cu maner de pus in brad ~ ulei de par + balsam de buze"},"content":{"rendered":"<p class=\"cvGsUA direction-ltr align-justify para-style-body\"><span class=\"a_GcMg font-feature-liga-off font-feature-clig-off font-feature-calt-off text-decoration-none text-strikethrough-none\">O cutiu\u021b\u0103 adorabil\u0103 cu m\u00e2ner, gata s\u0103-\u0219i g\u0103seasc\u0103 locul \u00een bradul de Cr\u0103ciun! \u00cen\u0103untru te a\u0219teapt\u0103 un ulei de p\u0103r hr\u0103nitor \u0219i un balsam natural de buze \u2014 duo-ul perfect pentru str\u0103lucire \u0219i hidratare \u00een sezonul rece. Un cadou mic, dar plin de magie \u0219i r\u0103sf\u0103\u021b de s\u0103rb\u0103tori!<\/span><\/p>\n<p class=\"cvGsUA direction-ltr align-justify para-style-body\">\n","protected":false},"excerpt":{"rendered":"<p data-start=\"0\" data-end=\"238\"><strong data-start=\"3\" data-end=\"42\">O cutiu\u021b\u0103 adorabil\u0103 BeOne Cosmetics<\/strong>, cu m\u00e2ner elegant, preg\u0103tit\u0103 s\u0103-\u0219i g\u0103seasc\u0103 locul chiar \u00een bradul de Cr\u0103ciun! Ambalat\u0103 festiv \u0219i cu aten\u021bie la fiecare detaliu, este alegerea perfect\u0103 pentru un cadou delicat \u0219i plin de farmec.<\/p>\n<p data-start=\"240\" data-end=\"480\">\u00cen interior se afl\u0103 un <strong data-start=\"263\" data-end=\"287\">ulei de p\u0103r hr\u0103nitor<\/strong>, ce ofer\u0103 str\u0103lucire \u0219i vitalitate firelor uscate, al\u0103turi de un <strong data-start=\"353\" data-end=\"379\">balsam natural de buze<\/strong>, bogat \u00een unturi \u0219i uleiuri vegetale, pentru hidratare intens\u0103 \u0219i buze catifelate \u00een sezonul rece.<\/p>\n<p data-start=\"482\" data-end=\"742\" data-is-last-node=\"\" data-is-only-node=\"\">Disponibil\u0103 \u00een <strong data-start=\"499\" data-end=\"551\">trei culori de s\u0103rb\u0103toare \u2013 auriu, ro\u0219u \u0219i verde<\/strong>, aceast\u0103 pungu\u021b\u0103 cu m\u00e2ner este nu doar un cadou, ci o mic\u0103 bijuterie festiv\u0103, gata de oferit sau de ag\u0103\u021bat \u00een brad.<br data-start=\"667\" data-end=\"670\" \/>Un gest simplu, dar plin de <strong data-start=\"698\" data-end=\"741\">magie, naturale\u021be \u0219i bucurie de Cr\u0103ciun<\/strong>.<\/p>\n","protected":false},"featured_media":17966,"comment_status":"open","ping_status":"closed","template":"","meta":[],"product_brand":[],"product_cat":[75,194,85,86],"product_tag":[],"class_list":{"0":"post-17856","1":"product","2":"type-product","3":"status-publish","4":"has-post-thumbnail","6":"product_cat-acasa","7":"product_cat-christmas-shop-2","8":"product_cat-christmas-shop","9":"product_cat-christmas-shop-acasa","10":"pa_culoare-auriu","11":"pa_culoare-rosu","12":"pa_culoare-verde","14":"first","15":"outofstock","16":"shipping-taxable","17":"purchasable","18":"product-type-variable"},"jetpack_sharing_enabled":true,"_links":{"self":[{"href":"https:\/\/be-one.ro\/cosmetics\/wp-json\/wp\/v2\/product\/17856","targetHints":{"allow":["GET"]}}],"collection":[{"href":"https:\/\/be-one.ro\/cosmetics\/wp-json\/wp\/v2\/product"}],"about":[{"href":"https:\/\/be-one.ro\/cosmetics\/wp-json\/wp\/v2\/types\/product"}],"replies":[{"embeddable":true,"href":"https:\/\/be-one.ro\/cosmetics\/wp-json\/wp\/v2\/comments?post=17856"}],"version-history":[{"count":2,"href":"https:\/\/be-one.ro\/cosmetics\/wp-json\/wp\/v2\/product\/17856\/revisions"}],"predecessor-version":[{"id":17909,"href":"https:\/\/be-one.ro\/cosmetics\/wp-json\/wp\/v2\/product\/17856\/revisions\/17909"}],"wp:featuredmedia":[{"embeddable":true,"href":"https:\/\/be-one.ro\/cosmetics\/wp-json\/wp\/v2\/media\/17966"}],"wp:attachment":[{"href":"https:\/\/be-one.ro\/cosmetics\/wp-json\/wp\/v2\/media?parent=17856"}],"wp:term":[{"taxonomy":"product_brand","embeddable":true,"href":"https:\/\/be-one.ro\/cosmetics\/wp-json\/wp\/v2\/product_brand?post=17856"},{"taxonomy":"product_cat","embeddable":true,"href":"https:\/\/be-one.ro\/cosmetics\/wp-json\/wp\/v2\/product_cat?post=17856"},{"taxonomy":"product_tag","embeddable":true,"href":"https:\/\/be-one.ro\/cosmetics\/wp-json\/wp\/v2\/product_tag?post=17856"}],"curies":[{"name":"wp","href":"https:\/\/api.w.org\/{rel}","templated":true}]}}