{"id":18168,"date":"2025-10-21T07:26:24","date_gmt":"2025-10-21T07:26:24","guid":{"rendered":"https:\/\/be-one.ro\/cosmetics\/?post_type=product&#038;p=18168"},"modified":"2026-01-08T12:08:16","modified_gmt":"2026-01-08T12:08:16","slug":"cutie-christmas-kraft-cu-maner-si-decor-cu-portocala-tag-si-panglica-2-produse","status":"publish","type":"product","link":"https:\/\/be-one.ro\/cosmetics\/produs\/cutie-christmas-kraft-cu-maner-si-decor-cu-portocala-tag-si-panglica-2-produse\/","title":{"rendered":"Cutie Christmas kraft cu maner si decor cu portocala, tag si panglica ~ 2 produse"},"content":{"rendered":"<p class=\"cvGsUA direction-ltr align-justify para-style-body\"><span class=\"a_GcMg font-feature-liga-off font-feature-clig-off font-feature-calt-off text-decoration-none text-strikethrough-none\">O cutie kraft elegant\u0103, cu m\u00e2ner, decorat\u0103 cu o felie uscat\u0103 de portocal\u0103, tag de Cr\u0103ciun \u0219i fund\u0103 din panglic\u0103 \u2014 un cadou cu aer natural \u0219i rafinat.<\/span><\/p>\n<p class=\"cvGsUA direction-ltr align-justify para-style-body\"><span class=\"a_GcMg font-feature-liga-off font-feature-clig-off font-feature-calt-off text-decoration-none text-strikethrough-none\">Cutia poate fi personalizat\u0103 cu 2 produse:<\/span><\/p>\n<ul>\n<li><span class=\"a_GcMg font-feature-liga-off font-feature-clig-off font-feature-calt-off text-decoration-none text-strikethrough-none\">Leave-in-uri,<\/span><\/li>\n<li><span class=\"a_GcMg font-feature-liga-off font-feature-clig-off font-feature-calt-off text-decoration-none text-strikethrough-none\">unturi de corp.<\/span><\/li>\n<\/ul>\n<p class=\"cvGsUA direction-ltr align-justify para-style-body\"><span class=\"a_GcMg font-feature-liga-off font-feature-clig-off font-feature-calt-off text-decoration-none text-strikethrough-none\">Un dar versatil, potrivit pentru orice iubitor al \u00eengrijirii autentice!<\/span><\/p>\n","protected":false},"excerpt":{"rendered":"<p>O cutie de Cr\u0103ciun kraft cu m\u00e2ner, decorat\u0103 elegant cu felie de portocal\u0103 uscat\u0103 \u0219i panglic\u0103 festiv\u0103 \u2014 perfect\u0103 de pus sub brad! Poate fi personalizat\u0103 cu p\u00e2n\u0103 la 3 produse din gama BeOne Cosmetics, oferind un cadou natural, rafinat \u0219i plin de magie pentru s\u0103rb\u0103tori.<\/p>\n","protected":false},"featured_media":18114,"comment_status":"open","ping_status":"closed","template":"","meta":[],"product_brand":[],"product_cat":[75,194,85,86],"product_tag":[],"class_list":{"0":"post-18168","1":"product","2":"type-product","3":"status-publish","4":"has-post-thumbnail","6":"product_cat-acasa","7":"product_cat-christmas-shop-2","8":"product_cat-christmas-shop","9":"product_cat-christmas-shop-acasa","11":"first","12":"outofstock","13":"shipping-taxable","14":"purchasable","15":"product-type-variable"},"jetpack_sharing_enabled":true,"_links":{"self":[{"href":"https:\/\/be-one.ro\/cosmetics\/wp-json\/wp\/v2\/product\/18168","targetHints":{"allow":["GET"]}}],"collection":[{"href":"https:\/\/be-one.ro\/cosmetics\/wp-json\/wp\/v2\/product"}],"about":[{"href":"https:\/\/be-one.ro\/cosmetics\/wp-json\/wp\/v2\/types\/product"}],"replies":[{"embeddable":true,"href":"https:\/\/be-one.ro\/cosmetics\/wp-json\/wp\/v2\/comments?post=18168"}],"version-history":[{"count":4,"href":"https:\/\/be-one.ro\/cosmetics\/wp-json\/wp\/v2\/product\/18168\/revisions"}],"predecessor-version":[{"id":18402,"href":"https:\/\/be-one.ro\/cosmetics\/wp-json\/wp\/v2\/product\/18168\/revisions\/18402"}],"wp:featuredmedia":[{"embeddable":true,"href":"https:\/\/be-one.ro\/cosmetics\/wp-json\/wp\/v2\/media\/18114"}],"wp:attachment":[{"href":"https:\/\/be-one.ro\/cosmetics\/wp-json\/wp\/v2\/media?parent=18168"}],"wp:term":[{"taxonomy":"product_brand","embeddable":true,"href":"https:\/\/be-one.ro\/cosmetics\/wp-json\/wp\/v2\/product_brand?post=18168"},{"taxonomy":"product_cat","embeddable":true,"href":"https:\/\/be-one.ro\/cosmetics\/wp-json\/wp\/v2\/product_cat?post=18168"},{"taxonomy":"product_tag","embeddable":true,"href":"https:\/\/be-one.ro\/cosmetics\/wp-json\/wp\/v2\/product_tag?post=18168"}],"curies":[{"name":"wp","href":"https:\/\/api.w.org\/{rel}","templated":true}]}}