{"id":18505,"date":"2025-10-21T07:57:50","date_gmt":"2025-10-21T07:57:50","guid":{"rendered":"https:\/\/be-one.ro\/cosmetics\/?post_type=product&#038;p=18505"},"modified":"2026-01-08T12:07:37","modified_gmt":"2026-01-08T12:07:37","slug":"cutie-big-christmas-kraft-cu-maner-si-decor-cu-portocala-tag-si-panglici-5-produse","status":"publish","type":"product","link":"https:\/\/be-one.ro\/cosmetics\/produs\/cutie-big-christmas-kraft-cu-maner-si-decor-cu-portocala-tag-si-panglici-5-produse\/","title":{"rendered":"Cutie BIG Christmas kraft cu maner si decor cu portocala, tag si panglici ~ 5 produse"},"content":{"rendered":"<p class=\"cvGsUA direction-ltr align-justify para-style-body\"><span class=\"a_GcMg font-feature-liga-off font-feature-clig-off font-feature-calt-off text-decoration-none text-strikethrough-none\">O cutie mare, elegant\u0103 \u0219i plin\u0103 de farmec, perfect\u0103 pentru un cadou de Cr\u0103ciun rafinat \u0219i personal.<\/span><\/p>\n<p class=\"cvGsUA direction-ltr align-justify para-style-body\"><span class=\"a_GcMg font-feature-liga-off font-feature-clig-off font-feature-calt-off text-decoration-none text-strikethrough-none\">Un cadou complet, natural \u0219i spectaculos, creat pentru a oferi clipe de r\u0103sf\u0103\u021b \u0219i bucurie!<\/span><\/p>\n","protected":false},"excerpt":{"rendered":"<p>O cutie de Cr\u0103ciun kraft, de dimensiune mai mare, cu m\u00e2ner, decor de portocal\u0103 uscat\u0103 \u0219i panglic\u0103 elegant\u0103 \u2014 un cadou spectaculos de pus sub brad! Poate fi personalizat\u0103 cu produse din gama BeOne Cosmetics, pentru un moment de r\u0103sf\u0103\u021b complet, natural \u0219i plin de farmec festiv.<\/p>\n","protected":false},"featured_media":18322,"comment_status":"open","ping_status":"closed","template":"","meta":[],"product_brand":[],"product_cat":[75,194,85,86],"product_tag":[],"class_list":{"0":"post-18505","1":"product","2":"type-product","3":"status-publish","4":"has-post-thumbnail","6":"product_cat-acasa","7":"product_cat-christmas-shop-2","8":"product_cat-christmas-shop","9":"product_cat-christmas-shop-acasa","11":"first","12":"outofstock","13":"shipping-taxable","14":"purchasable","15":"product-type-variable"},"jetpack_sharing_enabled":true,"_links":{"self":[{"href":"https:\/\/be-one.ro\/cosmetics\/wp-json\/wp\/v2\/product\/18505","targetHints":{"allow":["GET"]}}],"collection":[{"href":"https:\/\/be-one.ro\/cosmetics\/wp-json\/wp\/v2\/product"}],"about":[{"href":"https:\/\/be-one.ro\/cosmetics\/wp-json\/wp\/v2\/types\/product"}],"replies":[{"embeddable":true,"href":"https:\/\/be-one.ro\/cosmetics\/wp-json\/wp\/v2\/comments?post=18505"}],"version-history":[{"count":1,"href":"https:\/\/be-one.ro\/cosmetics\/wp-json\/wp\/v2\/product\/18505\/revisions"}],"predecessor-version":[{"id":18606,"href":"https:\/\/be-one.ro\/cosmetics\/wp-json\/wp\/v2\/product\/18505\/revisions\/18606"}],"wp:featuredmedia":[{"embeddable":true,"href":"https:\/\/be-one.ro\/cosmetics\/wp-json\/wp\/v2\/media\/18322"}],"wp:attachment":[{"href":"https:\/\/be-one.ro\/cosmetics\/wp-json\/wp\/v2\/media?parent=18505"}],"wp:term":[{"taxonomy":"product_brand","embeddable":true,"href":"https:\/\/be-one.ro\/cosmetics\/wp-json\/wp\/v2\/product_brand?post=18505"},{"taxonomy":"product_cat","embeddable":true,"href":"https:\/\/be-one.ro\/cosmetics\/wp-json\/wp\/v2\/product_cat?post=18505"},{"taxonomy":"product_tag","embeddable":true,"href":"https:\/\/be-one.ro\/cosmetics\/wp-json\/wp\/v2\/product_tag?post=18505"}],"curies":[{"name":"wp","href":"https:\/\/api.w.org\/{rel}","templated":true}]}}