{"id":18607,"date":"2025-10-21T08:08:42","date_gmt":"2025-10-21T08:08:42","guid":{"rendered":"https:\/\/be-one.ro\/cosmetics\/?post_type=product&#038;p=18607"},"modified":"2026-01-08T12:07:31","modified_gmt":"2026-01-08T12:07:31","slug":"cutie-kraft-cu-decor-cu-portocala-tag-si-iuta-3-produse","status":"publish","type":"product","link":"https:\/\/be-one.ro\/cosmetics\/produs\/cutie-kraft-cu-decor-cu-portocala-tag-si-iuta-3-produse\/","title":{"rendered":"Cutie kraft cu decor cu portocala, tag si iuta ~ 3 produse"},"content":{"rendered":"<p class=\"cvGsUA direction-ltr align-justify para-style-body\"><span class=\"a_GcMg font-feature-liga-off font-feature-clig-off font-feature-calt-off text-decoration-none text-strikethrough-none\">\u00cen interior, se ascunde o selec\u021bie festiv\u0103 BeOne Cosmetics:<\/span><\/p>\n<ul>\n<li><span class=\"a_GcMg font-feature-liga-off font-feature-clig-off font-feature-calt-off text-decoration-none text-strikethrough-none\">un s\u0103punel artizanal cu arome si forme de Cr\u0103ciun,<\/span><\/li>\n<li><span class=\"a_GcMg font-feature-liga-off font-feature-clig-off font-feature-calt-off text-decoration-none text-strikethrough-none\">un balsam de buze natural, hr\u0103nitor \u0219i parfumat,<\/span><\/li>\n<li><span class=\"a_GcMg font-feature-liga-off font-feature-clig-off font-feature-calt-off text-decoration-none text-strikethrough-none\">un ulei delicat pentru \u00eengrijirea unghiilor \u0219i cuticulelor.<\/span><\/li>\n<\/ul>\n<p class=\"cvGsUA direction-ltr align-justify para-style-body\">\n","protected":false},"excerpt":{"rendered":"<p><span class=\"a_GcMg font-feature-liga-off font-feature-clig-off font-feature-calt-off text-decoration-none text-strikethrough-none\">Cutie kraft cu decor natural din felie <\/span><span class=\"a_GcMg font-feature-liga-off font-feature-clig-off font-feature-calt-off text-decoration-none text-strikethrough-none\">de portocal\u0103 uscat\u0103, tag de Cr\u0103ciun \u0219i <\/span><span class=\"a_GcMg font-feature-liga-off font-feature-clig-off font-feature-calt-off text-decoration-none text-strikethrough-none\">leg\u0103tur\u0103 din iut\u0103 \u2013 un cadou simplu, elegant \u0219i plin <\/span><span class=\"a_GcMg font-feature-liga-off font-feature-clig-off font-feature-calt-off text-decoration-none text-strikethrough-none\">de farmec autentic.<\/span><\/p>\n<p><span class=\"a_GcMg font-feature-liga-off font-feature-clig-off font-feature-calt-off text-decoration-none text-strikethrough-none\">Un dar cu suflet, potrivit pentru a aduce bucurie \u00een sezonul s\u0103rb\u0103torilor, ambalat cu grij\u0103 \u0219i inspira\u021bie natural\u0103.<\/span><\/p>\n","protected":false},"featured_media":18620,"comment_status":"open","ping_status":"closed","template":"","meta":[],"product_brand":[],"product_cat":[75,194,85,86],"product_tag":[],"class_list":{"0":"post-18607","1":"product","2":"type-product","3":"status-publish","4":"has-post-thumbnail","6":"product_cat-acasa","7":"product_cat-christmas-shop-2","8":"product_cat-christmas-shop","9":"product_cat-christmas-shop-acasa","11":"first","12":"outofstock","13":"shipping-taxable","14":"purchasable","15":"product-type-variable"},"jetpack_sharing_enabled":true,"_links":{"self":[{"href":"https:\/\/be-one.ro\/cosmetics\/wp-json\/wp\/v2\/product\/18607","targetHints":{"allow":["GET"]}}],"collection":[{"href":"https:\/\/be-one.ro\/cosmetics\/wp-json\/wp\/v2\/product"}],"about":[{"href":"https:\/\/be-one.ro\/cosmetics\/wp-json\/wp\/v2\/types\/product"}],"replies":[{"embeddable":true,"href":"https:\/\/be-one.ro\/cosmetics\/wp-json\/wp\/v2\/comments?post=18607"}],"version-history":[{"count":1,"href":"https:\/\/be-one.ro\/cosmetics\/wp-json\/wp\/v2\/product\/18607\/revisions"}],"predecessor-version":[{"id":18622,"href":"https:\/\/be-one.ro\/cosmetics\/wp-json\/wp\/v2\/product\/18607\/revisions\/18622"}],"wp:featuredmedia":[{"embeddable":true,"href":"https:\/\/be-one.ro\/cosmetics\/wp-json\/wp\/v2\/media\/18620"}],"wp:attachment":[{"href":"https:\/\/be-one.ro\/cosmetics\/wp-json\/wp\/v2\/media?parent=18607"}],"wp:term":[{"taxonomy":"product_brand","embeddable":true,"href":"https:\/\/be-one.ro\/cosmetics\/wp-json\/wp\/v2\/product_brand?post=18607"},{"taxonomy":"product_cat","embeddable":true,"href":"https:\/\/be-one.ro\/cosmetics\/wp-json\/wp\/v2\/product_cat?post=18607"},{"taxonomy":"product_tag","embeddable":true,"href":"https:\/\/be-one.ro\/cosmetics\/wp-json\/wp\/v2\/product_tag?post=18607"}],"curies":[{"name":"wp","href":"https:\/\/api.w.org\/{rel}","templated":true}]}}