{"id":18677,"date":"2025-10-22T07:40:01","date_gmt":"2025-10-22T07:40:01","guid":{"rendered":"https:\/\/be-one.ro\/cosmetics\/?post_type=product&#038;p=18677"},"modified":"2026-01-08T12:07:19","modified_gmt":"2026-01-08T12:07:19","slug":"cutie-luxury-kraft-cu-panglica-mare-de-craciun-hair-care-box-3-produse","status":"publish","type":"product","link":"https:\/\/be-one.ro\/cosmetics\/produs\/cutie-luxury-kraft-cu-panglica-mare-de-craciun-hair-care-box-3-produse\/","title":{"rendered":"Cutie Luxury kraft cu panglica mare de Craciun ~ Hair Care Box ~ 3 produse"},"content":{"rendered":"<p data-start=\"302\" data-end=\"567\">Descoper\u0103 rafinamentul \u00een forma sa natural\u0103 cu aceast\u0103 <strong data-start=\"357\" data-end=\"389\">cutie Luxury BeOne Cosmetics<\/strong>, dedicat\u0103 \u00eengrijirii p\u0103rului. Ambalat\u0103 \u00eentr-o cutie kraft de calitate superioar\u0103 \u0219i legat\u0103 cu o <strong data-start=\"486\" data-end=\"514\">panglic\u0103 ampl\u0103, elegant\u0103<\/strong>, eman\u0103 stil \u0219i delicate\u021be \u00eenc\u0103 de la prima vedere.<\/p>\n<p data-start=\"569\" data-end=\"784\">\u00cen interior se reg\u0103sesc produse naturale, create pentru un ritual complet de frumuse\u021be \u2014 <strong data-start=\"658\" data-end=\"677\">\u0219ampon hr\u0103nitor<\/strong>, <strong data-start=\"679\" data-end=\"700\">masc\u0103 reparatoare<\/strong> \u0219i <strong data-start=\"704\" data-end=\"726\">leave-in hidratant<\/strong>, ce redau p\u0103rului vitalitatea, suple\u021bea \u0219i str\u0103lucirea.<\/p>\n<p data-start=\"786\" data-end=\"933\" data-is-last-node=\"\" data-is-only-node=\"\">Un cadou de excep\u021bie, realizat manual cu pasiune, ideal pentru cei care apreciaz\u0103 <strong data-start=\"871\" data-end=\"932\">\u00eengrijirea natural\u0103 \u0219i elegan\u021ba autentic\u0103 BeOne Cosmetics<\/strong>.<\/p>\n<p data-start=\"786\" data-end=\"933\" data-is-last-node=\"\" data-is-only-node=\"\">Cutia poate fi <strong data-start=\"791\" data-end=\"835\">personalizat\u0103 \u00een func\u021bie de tipul de p\u0103r<\/strong> (uscat, normal sau gras), aleg\u00e2nd produsele potrivite din gama noastr\u0103 complet\u0103 <strong data-start=\"928\" data-end=\"947\" data-is-only-node=\"\">BeOne Cosmetics<\/strong>.<\/p>\n","protected":false},"excerpt":{"rendered":"<p>Cutie <strong data-start=\"35\" data-end=\"61\">Luxury BeOne Cosmetics<\/strong> pentru \u00eengrijirea p\u0103rului, ambalat\u0103 elegant \u0219i legat\u0103 cu o <strong data-start=\"121\" data-end=\"149\">panglic\u0103 mare, deosebit\u0103<\/strong>. Con\u021bine produse naturale premium pentru hidratare, str\u0103lucire \u0219i fortifiere \u2014 un cadou rafinat \u0219i plin de r\u0103sf\u0103\u021b pentru parul tau.<\/p>\n","protected":false},"featured_media":18687,"comment_status":"open","ping_status":"closed","template":"","meta":[],"product_brand":[],"product_cat":[75,194,85,86],"product_tag":[],"class_list":{"0":"post-18677","1":"product","2":"type-product","3":"status-publish","4":"has-post-thumbnail","6":"product_cat-acasa","7":"product_cat-christmas-shop-2","8":"product_cat-christmas-shop","9":"product_cat-christmas-shop-acasa","11":"first","12":"outofstock","13":"shipping-taxable","14":"purchasable","15":"product-type-variable"},"jetpack_sharing_enabled":true,"_links":{"self":[{"href":"https:\/\/be-one.ro\/cosmetics\/wp-json\/wp\/v2\/product\/18677","targetHints":{"allow":["GET"]}}],"collection":[{"href":"https:\/\/be-one.ro\/cosmetics\/wp-json\/wp\/v2\/product"}],"about":[{"href":"https:\/\/be-one.ro\/cosmetics\/wp-json\/wp\/v2\/types\/product"}],"replies":[{"embeddable":true,"href":"https:\/\/be-one.ro\/cosmetics\/wp-json\/wp\/v2\/comments?post=18677"}],"version-history":[{"count":1,"href":"https:\/\/be-one.ro\/cosmetics\/wp-json\/wp\/v2\/product\/18677\/revisions"}],"predecessor-version":[{"id":18689,"href":"https:\/\/be-one.ro\/cosmetics\/wp-json\/wp\/v2\/product\/18677\/revisions\/18689"}],"wp:featuredmedia":[{"embeddable":true,"href":"https:\/\/be-one.ro\/cosmetics\/wp-json\/wp\/v2\/media\/18687"}],"wp:attachment":[{"href":"https:\/\/be-one.ro\/cosmetics\/wp-json\/wp\/v2\/media?parent=18677"}],"wp:term":[{"taxonomy":"product_brand","embeddable":true,"href":"https:\/\/be-one.ro\/cosmetics\/wp-json\/wp\/v2\/product_brand?post=18677"},{"taxonomy":"product_cat","embeddable":true,"href":"https:\/\/be-one.ro\/cosmetics\/wp-json\/wp\/v2\/product_cat?post=18677"},{"taxonomy":"product_tag","embeddable":true,"href":"https:\/\/be-one.ro\/cosmetics\/wp-json\/wp\/v2\/product_tag?post=18677"}],"curies":[{"name":"wp","href":"https:\/\/api.w.org\/{rel}","templated":true}]}}