{"id":18690,"date":"2025-10-22T07:50:13","date_gmt":"2025-10-22T07:50:13","guid":{"rendered":"https:\/\/be-one.ro\/cosmetics\/?post_type=product&#038;p=18690"},"modified":"2026-01-08T12:07:13","modified_gmt":"2026-01-08T12:07:13","slug":"cutie-luxury-kraft-cu-panglica-mare-de-craciun-3-produse","status":"publish","type":"product","link":"https:\/\/be-one.ro\/cosmetics\/produs\/cutie-luxury-kraft-cu-panglica-mare-de-craciun-3-produse\/","title":{"rendered":"Cutie Luxury kraft cu panglica mare de Craciun ~ 3 produse"},"content":{"rendered":"<p data-start=\"43\" data-end=\"246\">Descoper\u0103 farmecul s\u0103rb\u0103torilor \u00eentr-o <strong data-start=\"82\" data-end=\"114\">cutie Luxury BeOne Cosmetics<\/strong>, ambalat\u0103 cu grij\u0103 \u0219i legat\u0103 cu o <strong data-start=\"149\" data-end=\"177\">panglic\u0103 ampl\u0103, elegant\u0103<\/strong>, perfect\u0103 pentru a aduce z\u00e2mbete \u0219i momente de relaxare autentic\u0103.<\/p>\n<p data-start=\"248\" data-end=\"345\">\u00cen interior se afl\u0103 trei produse naturale, realizate manual din ingrediente atent selec\u021bionate:<\/p>\n<ul data-start=\"346\" data-end=\"634\">\n<li data-start=\"346\" data-end=\"459\">\n<p data-start=\"348\" data-end=\"459\">o <strong data-start=\"350\" data-end=\"391\">sare de baie de 350g cu arome festive<\/strong>, care transform\u0103 baia \u00eentr-un ritual de relaxare \u0219i aromaterapie,<\/p>\n<\/li>\n<li data-start=\"460\" data-end=\"543\">\n<p data-start=\"462\" data-end=\"543\">un <strong data-start=\"465\" data-end=\"490\">scrub de corp delicat<\/strong>, ce exfoliaz\u0103 \u0219i las\u0103 pielea neted\u0103 \u0219i catifelat\u0103,<\/p>\n<\/li>\n<li data-start=\"544\" data-end=\"634\">\n<p data-start=\"546\" data-end=\"634\">un <strong data-start=\"549\" data-end=\"584\">unt de corp cremos \u0219i hidratant<\/strong>, pentru o piele moale \u0219i hr\u0103nit\u0103 \u00een profunzime.<\/p>\n<\/li>\n<\/ul>\n<p data-start=\"636\" data-end=\"878\"><strong data-start=\"639\" data-end=\"679\">Fiecare cutie poate fi personalizat\u0103<\/strong> prin alegerea <strong data-start=\"694\" data-end=\"716\">aromelor preferate<\/strong> pentru produse \u2014 fructate, florale, orientale sau gurmande \u2014 din gama variat\u0103 <strong data-start=\"795\" data-end=\"814\">BeOne Cosmetics<\/strong>, pentru o experien\u021b\u0103 unic\u0103, potrivit\u0103 fiec\u0103rei personalit\u0103\u021bi.<\/p>\n<p data-start=\"880\" data-end=\"987\" data-is-last-node=\"\" data-is-only-node=\"\">Un cadou elegant \u0219i natural, plin de magie \u0219i rafinament, creat cu pasiune pentru r\u0103sf\u0103\u021bul de s\u0103rb\u0103tori.<\/p>\n","protected":false},"excerpt":{"rendered":"<p>Cutie <strong data-start=\"35\" data-end=\"61\">Luxury BeOne Cosmetics<\/strong>, elegant\u0103 \u0219i festiv\u0103, legat\u0103 cu o <strong data-start=\"96\" data-end=\"124\">panglic\u0103 mare, deosebit\u0103<\/strong>. Con\u021bine trei produse naturale: o <strong data-start=\"159\" data-end=\"200\">sare de baie de 350g cu arome festive<\/strong>, un <strong data-start=\"205\" data-end=\"222\">scrub de corp<\/strong> \u0219i un <strong data-start=\"229\" data-end=\"244\">unt de corp<\/strong> \u2014 un cadou luxuriant, plin de parfum, relaxare \u0219i r\u0103sf\u0103\u021b.<\/p>\n","protected":false},"featured_media":18722,"comment_status":"open","ping_status":"closed","template":"","meta":[],"product_brand":[],"product_cat":[75,194,85,86],"product_tag":[],"class_list":{"0":"post-18690","1":"product","2":"type-product","3":"status-publish","4":"has-post-thumbnail","6":"product_cat-acasa","7":"product_cat-christmas-shop-2","8":"product_cat-christmas-shop","9":"product_cat-christmas-shop-acasa","11":"first","12":"outofstock","13":"shipping-taxable","14":"purchasable","15":"product-type-variable"},"jetpack_sharing_enabled":true,"_links":{"self":[{"href":"https:\/\/be-one.ro\/cosmetics\/wp-json\/wp\/v2\/product\/18690","targetHints":{"allow":["GET"]}}],"collection":[{"href":"https:\/\/be-one.ro\/cosmetics\/wp-json\/wp\/v2\/product"}],"about":[{"href":"https:\/\/be-one.ro\/cosmetics\/wp-json\/wp\/v2\/types\/product"}],"replies":[{"embeddable":true,"href":"https:\/\/be-one.ro\/cosmetics\/wp-json\/wp\/v2\/comments?post=18690"}],"version-history":[{"count":1,"href":"https:\/\/be-one.ro\/cosmetics\/wp-json\/wp\/v2\/product\/18690\/revisions"}],"predecessor-version":[{"id":18723,"href":"https:\/\/be-one.ro\/cosmetics\/wp-json\/wp\/v2\/product\/18690\/revisions\/18723"}],"wp:featuredmedia":[{"embeddable":true,"href":"https:\/\/be-one.ro\/cosmetics\/wp-json\/wp\/v2\/media\/18722"}],"wp:attachment":[{"href":"https:\/\/be-one.ro\/cosmetics\/wp-json\/wp\/v2\/media?parent=18690"}],"wp:term":[{"taxonomy":"product_brand","embeddable":true,"href":"https:\/\/be-one.ro\/cosmetics\/wp-json\/wp\/v2\/product_brand?post=18690"},{"taxonomy":"product_cat","embeddable":true,"href":"https:\/\/be-one.ro\/cosmetics\/wp-json\/wp\/v2\/product_cat?post=18690"},{"taxonomy":"product_tag","embeddable":true,"href":"https:\/\/be-one.ro\/cosmetics\/wp-json\/wp\/v2\/product_tag?post=18690"}],"curies":[{"name":"wp","href":"https:\/\/api.w.org\/{rel}","templated":true}]}}