{"id":18725,"date":"2025-10-22T07:58:11","date_gmt":"2025-10-22T07:58:11","guid":{"rendered":"https:\/\/be-one.ro\/cosmetics\/?post_type=product&#038;p=18725"},"modified":"2025-11-09T09:28:55","modified_gmt":"2025-11-09T09:28:55","slug":"sare-de-baie-puternic-aromata-cu-arome-naturale-100-naturala-100g-sau-350g","status":"publish","type":"product","link":"https:\/\/be-one.ro\/cosmetics\/produs\/sare-de-baie-puternic-aromata-cu-arome-naturale-100-naturala-100g-sau-350g\/","title":{"rendered":"Portocala si Ciocolata ~ Sare de baie puternic aromata cu arome naturale ~ 100% naturala ~ 100g sau 350g"},"content":{"rendered":"<p>Sarea de baie <strong data-start=\"45\" data-end=\"64\">BeOne Cosmetics<\/strong> cu arom\u0103 natural\u0103 de <strong data-start=\"86\" data-end=\"112\">portocal\u0103 \u0219i ciocolat\u0103<\/strong> ofer\u0103 o experien\u021b\u0103 relaxant\u0103 \u0219i revigorant\u0103. Realizat\u0103 dintr-un amestec de <strong data-start=\"188\" data-end=\"236\">sare de mare, sare de Himalaya \u0219i sare Epsom<\/strong>, bogate \u00een minerale, cur\u0103\u021b\u0103, remineralizeaz\u0103 \u0219i revitalizeaz\u0103 pielea. \u00cen interior se reg\u0103sesc <strong data-start=\"331\" data-end=\"366\">felii de portocal\u0103 deshidratat\u0103<\/strong>, pentru un plus de arom\u0103 natural\u0103 \u0219i prospe\u021bime.<\/p>\n","protected":false},"excerpt":{"rendered":"<p data-start=\"467\" data-end=\"670\">Transform\u0103 baia \u00eentr-un moment de r\u0103sf\u0103\u021b senzorial cu <strong data-start=\"521\" data-end=\"589\">sarea de baie BeOne Cosmetics cu arom\u0103 de portocal\u0103 \u0219i ciocolat\u0103<\/strong> \u2013 o combina\u021bie cald\u0103, dulce \u0219i citric\u0103, perfect\u0103 pentru relaxare \u0219i tonifiere.<\/p>\n<p data-start=\"672\" data-end=\"741\">Formula este bazat\u0103 pe <strong data-start=\"695\" data-end=\"738\">trei tipuri de s\u0103ruri minerale naturale<\/strong>:<\/p>\n<ul data-start=\"742\" data-end=\"1065\">\n<li data-start=\"742\" data-end=\"837\">\n<p data-start=\"744\" data-end=\"837\"><strong data-start=\"744\" data-end=\"761\">Sarea de mare<\/strong> \u2013 purific\u0103 \u0219i revitalizeaz\u0103 pielea, men\u021bin\u00e2nd nivelul optim de hidratare,<\/p>\n<\/li>\n<li data-start=\"838\" data-end=\"955\">\n<p data-start=\"840\" data-end=\"955\"><strong data-start=\"840\" data-end=\"861\">Sarea de Himalaya<\/strong> \u2013 bogat\u0103 \u00een minerale \u0219i oligoelemente, ajut\u0103 la detoxifierea pielii \u0219i relaxarea mu\u0219chilor,<\/p>\n<\/li>\n<li data-start=\"956\" data-end=\"1065\">\n<p data-start=\"958\" data-end=\"1065\"><strong data-start=\"958\" data-end=\"973\">Sarea Epsom<\/strong> \u2013 cunoscut\u0103 pentru con\u021binutul ridicat de magneziu, reduce tensiunea \u0219i calmeaz\u0103 oboseala.<\/p>\n<\/li>\n<\/ul>\n<p data-start=\"1067\" data-end=\"1277\">Pentru un plus de naturale\u021be \u0219i prospe\u021bime, \u00een interior se reg\u0103sesc <strong data-start=\"1135\" data-end=\"1170\">felii de portocal\u0103 deshidratat\u0103<\/strong>, iar aroma este <strong data-start=\"1187\" data-end=\"1217\">incantatoare<\/strong>, oferind o experien\u021b\u0103 autentic\u0103, bl\u00e2nd\u0103 \u0219i reconfortant\u0103.<\/p>\n<p data-start=\"1279\" data-end=\"1432\" data-is-last-node=\"\" data-is-only-node=\"\">O alegere perfect\u0103 pentru momentele de relaxare de acas\u0103 \u2013 o baie parfumat\u0103, cald\u0103 \u0219i echilibrat\u0103, care las\u0103 pielea fin\u0103 \u0219i mintea eliberat\u0103 de stres.<\/p>\n","protected":false},"featured_media":18731,"comment_status":"open","ping_status":"closed","template":"","meta":[],"product_brand":[],"product_cat":[75,194,79,85,86],"product_tag":[],"class_list":{"0":"post-18725","1":"product","2":"type-product","3":"status-publish","4":"has-post-thumbnail","6":"product_cat-acasa","7":"product_cat-christmas-shop-2","8":"product_cat-saruri-de-baie","9":"product_cat-christmas-shop","10":"product_cat-christmas-shop-acasa","12":"first","13":"instock","14":"shipping-taxable","15":"purchasable","16":"product-type-variable"},"jetpack_sharing_enabled":true,"_links":{"self":[{"href":"https:\/\/be-one.ro\/cosmetics\/wp-json\/wp\/v2\/product\/18725","targetHints":{"allow":["GET"]}}],"collection":[{"href":"https:\/\/be-one.ro\/cosmetics\/wp-json\/wp\/v2\/product"}],"about":[{"href":"https:\/\/be-one.ro\/cosmetics\/wp-json\/wp\/v2\/types\/product"}],"replies":[{"embeddable":true,"href":"https:\/\/be-one.ro\/cosmetics\/wp-json\/wp\/v2\/comments?post=18725"}],"version-history":[{"count":2,"href":"https:\/\/be-one.ro\/cosmetics\/wp-json\/wp\/v2\/product\/18725\/revisions"}],"predecessor-version":[{"id":18757,"href":"https:\/\/be-one.ro\/cosmetics\/wp-json\/wp\/v2\/product\/18725\/revisions\/18757"}],"wp:featuredmedia":[{"embeddable":true,"href":"https:\/\/be-one.ro\/cosmetics\/wp-json\/wp\/v2\/media\/18731"}],"wp:attachment":[{"href":"https:\/\/be-one.ro\/cosmetics\/wp-json\/wp\/v2\/media?parent=18725"}],"wp:term":[{"taxonomy":"product_brand","embeddable":true,"href":"https:\/\/be-one.ro\/cosmetics\/wp-json\/wp\/v2\/product_brand?post=18725"},{"taxonomy":"product_cat","embeddable":true,"href":"https:\/\/be-one.ro\/cosmetics\/wp-json\/wp\/v2\/product_cat?post=18725"},{"taxonomy":"product_tag","embeddable":true,"href":"https:\/\/be-one.ro\/cosmetics\/wp-json\/wp\/v2\/product_tag?post=18725"}],"curies":[{"name":"wp","href":"https:\/\/api.w.org\/{rel}","templated":true}]}}