{"id":18893,"date":"2025-11-12T10:25:06","date_gmt":"2025-11-12T10:25:06","guid":{"rendered":"https:\/\/be-one.ro\/cosmetics\/?post_type=product&#038;p=18893"},"modified":"2026-01-08T12:06:35","modified_gmt":"2026-01-08T12:06:35","slug":"cutie-christmas-luxury-red-5-produse","status":"publish","type":"product","link":"https:\/\/be-one.ro\/cosmetics\/produs\/cutie-christmas-luxury-red-5-produse\/","title":{"rendered":"Cutie Christmas Luxury Red ~ 5 produse"},"content":{"rendered":"<p data-start=\"485\" data-end=\"928\">Descoper\u0103 rafinamentul absolut al <strong data-start=\"519\" data-end=\"552\">cutiei Luxury Red<\/strong>, o selec\u021bie de produse premium, 100% naturale \u0219i realizate manual cu migal\u0103 \u0219i pasiune. Fiecare crea\u021bie poart\u0103 semn\u0103tura grijii autentice \u0219i a calit\u0103\u021bii care define\u0219te BeOne Cosmetics\u2014 de la <strong data-start=\"735\" data-end=\"764\">uleiul de corp Silhouette<\/strong> cu efect satinat, p\u00e2n\u0103 la <strong data-start=\"791\" data-end=\"808\">untul de baie<\/strong> care catifeleaz\u0103 pielea \u0219i <strong data-start=\"836\" data-end=\"867\">\u00eenlocuitorul gelului de du\u0219<\/strong>, o formul\u0103 bl\u00e2nd\u0103 ce cur\u0103\u021b\u0103 \u0219i hidrateaz\u0103 \u00een acela\u0219i timp.<\/p>\n<p data-start=\"930\" data-end=\"1169\">Completat\u0103 de <strong data-start=\"944\" data-end=\"970\">untul de corp nutritiv<\/strong>, <strong data-start=\"972\" data-end=\"999\">scrubul de corp delicat<\/strong> \u0219i <strong data-start=\"1003\" data-end=\"1037\">sarea de baie cu arom\u0103 festiv\u0103<\/strong>, aceast\u0103 cutie devine mai mult dec\u00e2t un set cosmetic \u2014 este un ritual de r\u0103sf\u0103\u021b \u0219i relaxare, perfect pentru serile reci de iarn\u0103.<\/p>\n<p data-start=\"1171\" data-end=\"1345\">Ofer-o celor dragi sau d\u0103ruie\u0219te-\u021bi \u021bie un moment de pur\u0103 bucurie: un <strong data-start=\"1241\" data-end=\"1275\">cadou unic, elegant \u0219i natural<\/strong>, creat pentru a celebra frumuse\u021bea autentic\u0103 \u0219i magia s\u0103rb\u0103torilor.<\/p>\n","protected":false},"excerpt":{"rendered":"<p><strong data-start=\"177\" data-end=\"209\">Cutia Christmas Luxury Red de la BeOne Cosmetics<\/strong> \u2013 un cadou exclusivist de s\u0103rb\u0103tori, cu produse 100% naturale, create manual cu grij\u0103 \u0219i rafinament. R\u0103sfa\u021b\u0103-te sau ofer\u0103 celor dragi o experien\u021b\u0103 senzorial\u0103 complet\u0103, cu arome festive \u0219i texturi luxuriante.<\/p>\n","protected":false},"featured_media":18944,"comment_status":"open","ping_status":"closed","template":"","meta":[],"product_brand":[],"product_cat":[75,194,85,86],"product_tag":[],"class_list":{"0":"post-18893","1":"product","2":"type-product","3":"status-publish","4":"has-post-thumbnail","6":"product_cat-acasa","7":"product_cat-christmas-shop-2","8":"product_cat-christmas-shop","9":"product_cat-christmas-shop-acasa","11":"first","12":"outofstock","13":"shipping-taxable","14":"purchasable","15":"product-type-variable"},"jetpack_sharing_enabled":true,"_links":{"self":[{"href":"https:\/\/be-one.ro\/cosmetics\/wp-json\/wp\/v2\/product\/18893","targetHints":{"allow":["GET"]}}],"collection":[{"href":"https:\/\/be-one.ro\/cosmetics\/wp-json\/wp\/v2\/product"}],"about":[{"href":"https:\/\/be-one.ro\/cosmetics\/wp-json\/wp\/v2\/types\/product"}],"replies":[{"embeddable":true,"href":"https:\/\/be-one.ro\/cosmetics\/wp-json\/wp\/v2\/comments?post=18893"}],"version-history":[{"count":1,"href":"https:\/\/be-one.ro\/cosmetics\/wp-json\/wp\/v2\/product\/18893\/revisions"}],"predecessor-version":[{"id":18947,"href":"https:\/\/be-one.ro\/cosmetics\/wp-json\/wp\/v2\/product\/18893\/revisions\/18947"}],"wp:featuredmedia":[{"embeddable":true,"href":"https:\/\/be-one.ro\/cosmetics\/wp-json\/wp\/v2\/media\/18944"}],"wp:attachment":[{"href":"https:\/\/be-one.ro\/cosmetics\/wp-json\/wp\/v2\/media?parent=18893"}],"wp:term":[{"taxonomy":"product_brand","embeddable":true,"href":"https:\/\/be-one.ro\/cosmetics\/wp-json\/wp\/v2\/product_brand?post=18893"},{"taxonomy":"product_cat","embeddable":true,"href":"https:\/\/be-one.ro\/cosmetics\/wp-json\/wp\/v2\/product_cat?post=18893"},{"taxonomy":"product_tag","embeddable":true,"href":"https:\/\/be-one.ro\/cosmetics\/wp-json\/wp\/v2\/product_tag?post=18893"}],"curies":[{"name":"wp","href":"https:\/\/api.w.org\/{rel}","templated":true}]}}