{"id":19100,"date":"2026-05-06T06:28:39","date_gmt":"2026-05-06T06:28:39","guid":{"rendered":"https:\/\/be-one.ro\/cosmetics\/?post_type=product&#038;p=19100"},"modified":"2026-05-06T06:44:32","modified_gmt":"2026-05-06T06:44:32","slug":"perfect-trio-combo-glow-oils-glow-diamond-glow-gold-glow-bronze","status":"publish","type":"product","link":"https:\/\/be-one.ro\/cosmetics\/produs\/perfect-trio-combo-glow-oils-glow-diamond-glow-gold-glow-bronze\/","title":{"rendered":"PERFECT TRIO &#8211; Combo Glow Oils &#8211; Glow Diamond + Glow Gold + Glow Bronze"},"content":{"rendered":"<section class=\"text-token-text-primary w-full focus:outline-none [--shadow-height:45px] has-data-writing-block:pointer-events-none has-data-writing-block:-mt-(--shadow-height) has-data-writing-block:pt-(--shadow-height) [&amp;:has([data-writing-block])&gt;*]:pointer-events-auto [content-visibility:auto] supports-[content-visibility:auto]:[contain-intrinsic-size:auto_100lvh] R6Vx5W_threadScrollVars scroll-mb-[calc(var(--scroll-root-safe-area-inset-bottom,0px)+var(--thread-response-height))] scroll-mt-[calc(var(--header-height)+min(200px,max(70px,20svh)))]\" dir=\"auto\" data-turn-id=\"request-69fad996-b184-838f-9b99-6e7a9277f120-0\" data-testid=\"conversation-turn-14\" data-scroll-anchor=\"false\" data-turn=\"assistant\">\n<div class=\"text-base my-auto mx-auto pb-10 [--thread-content-margin:var(--thread-content-margin-xs,calc(var(--spacing)*4))] @w-sm\/main:[--thread-content-margin:var(--thread-content-margin-sm,calc(var(--spacing)*6))] @w-lg\/main:[--thread-content-margin:var(--thread-content-margin-lg,calc(var(--spacing)*16))] px-(--thread-content-margin)\">\n<div class=\"[--thread-content-max-width:40rem] @w-lg\/main:[--thread-content-max-width:48rem] mx-auto max-w-(--thread-content-max-width) flex-1 group\/turn-messages focus-visible:outline-hidden relative flex w-full min-w-0 flex-col agent-turn\">\n<div class=\"flex max-w-full flex-col gap-4 grow\">\n<div class=\"min-h-8 text-message relative flex w-full flex-col items-end gap-2 text-start break-words whitespace-normal outline-none keyboard-focused:focus-ring [.text-message+&amp;]:mt-1\" dir=\"auto\" tabindex=\"0\" data-message-author-role=\"assistant\" data-message-id=\"8bcca6ce-6bf5-4c4a-995e-d60b5b765c58\" data-message-model-slug=\"gpt-5-5\" data-turn-start-message=\"true\">\n<div class=\"flex w-full flex-col gap-1 empty:hidden\">\n<div class=\"markdown prose dark:prose-invert w-full wrap-break-word light markdown-new-styling\">\n<p data-start=\"329\" data-end=\"570\">Glow Diamond Oil, Glow Gold Oil \u0219i Glow Bronze Oil sunt uleiuri iluminatoare multifunc\u021bionale create pentru fa\u021b\u0103, corp \u0219i p\u0103r, concepute s\u0103 ofere hidratare intens\u0103, reflexii elegante \u0219i un aspect s\u0103n\u0103tos, radiant.<\/p>\n<p data-start=\"572\" data-end=\"886\">La baza formulei se afl\u0103 uleiul de cocos, recunoscut pentru propriet\u0103\u021bile sale nutritive \u0219i emoliente, care ajut\u0103 la men\u021binerea pielii catifelate \u0219i a firelor de p\u0103r moi \u0219i str\u0103lucitoare. Uleiul caprylic\/capric ofer\u0103 o textur\u0103 lejer\u0103, cu absorb\u021bie rapid\u0103, f\u0103r\u0103 senza\u021bie gras\u0103, l\u0103s\u00e2nd pielea fin\u0103 \u0219i confortabil\u0103.<\/p>\n<p data-start=\"888\" data-end=\"1254\">Pentru un finish modern, m\u0103t\u0103sos \u0219i luxos, formula este \u00eembog\u0103\u021bit\u0103 cu coco-silicone \u2013 o alternativ\u0103 delicat\u0103 inspirat\u0103 din ingrediente derivate din cocos, ce confer\u0103 alunecare perfect\u0103 \u0219i efect silky touch. Pigmen\u021bii minerali ultra-fini reflect\u0103 lumina \u00eentr-un mod natural \u0219i elegant, eviden\u021biind bronzul \u0219i oferind pielii un glow sofisticat, f\u0103r\u0103 aspect \u00eenc\u0103rcat.<\/p>\n<p data-start=\"1256\" data-end=\"1402\">Parfumurile naturale completeaz\u0103 experien\u021ba senzorial\u0103 prin note delicate \u0219i rafinate, transform\u00e2nd aplicarea \u00eentr-un adev\u0103rat ritual de r\u0103sf\u0103\u021b.<\/p>\n<p data-start=\"1404\" data-end=\"1423\">\u00a0Potrivite pentru:<\/p>\n<ul data-start=\"1424\" data-end=\"1587\">\n<li data-section-id=\"sgicsy\" data-start=\"1424\" data-end=\"1450\">eviden\u021bierea bronzului<\/li>\n<li data-section-id=\"lxmd2u\" data-start=\"1451\" data-end=\"1484\">efect iluminator pentru piele<\/li>\n<li data-section-id=\"1clfang\" data-start=\"1485\" data-end=\"1518\">str\u0103lucire elegant\u0103 a p\u0103rului<\/li>\n<li data-section-id=\"smqjvm\" data-start=\"1519\" data-end=\"1541\">look fresh de var\u0103<\/li>\n<li data-section-id=\"ajhe7o\" data-start=\"1542\" data-end=\"1587\">utilizare zilnic\u0103 sau evenimente speciale<\/li>\n<\/ul>\n<p data-start=\"1589\" data-end=\"1738\" data-is-last-node=\"\" data-is-only-node=\"\"><strong data-start=\"1589\" data-end=\"1604\">Diamond Oil<\/strong> \u2013 reflexii perlate reci \u0219i sofisticate, aroma incantatoare de cocos, flori Tiare si extract de arbore Massoy<br data-start=\"1643\" data-end=\"1646\" \/><strong data-start=\"1646\" data-end=\"1658\">Gold Oil<\/strong> \u2013 glow auriu solar \u0219i luminos, aroma de vanilie<br data-start=\"1688\" data-end=\"1691\" \/><strong data-start=\"1691\" data-end=\"1705\">Bronze Oil<\/strong> \u2013 efect bronzant cald \u0219i radiant, aroma de ciocolata si caramel.<\/p>\n<\/div>\n<\/div>\n<\/div>\n<\/div>\n<div class=\"z-0 flex min-h-[46px] justify-start\"><\/div>\n<div class=\"mt-3 w-full empty:hidden\">\n<div class=\"text-center\"><\/div>\n<\/div>\n<\/div>\n<\/div>\n<\/section>\n<div class=\"pointer-events-none -mt-px h-px translate-y-[calc(var(--scroll-root-safe-area-inset-bottom)-14*var(--spacing))]\" aria-hidden=\"true\"><\/div>\n","protected":false},"excerpt":{"rendered":"<p>Glow Oils by BeOne Cosmetics transform\u0103 fiecare atingere \u00eentr-un voal radiant de lumin\u0103 \u0219i hidratare. Formula bazat\u0103 pe ulei de cocos, ulei caprylic\/capric, coco-silicone \u0219i pigmen\u021bi minerali ofer\u0103 pielii \u0219i p\u0103rului un efect satinat, luminos \u0219i elegant, completat de parfumuri naturale senzoriale.<\/p>\n<p>TRIO-ul perfect pentru vara aceasta!<\/p>\n","protected":false},"featured_media":19101,"comment_status":"open","ping_status":"closed","template":"","meta":[],"product_brand":[],"product_cat":[75,84],"product_tag":[],"class_list":{"0":"post-19100","1":"product","2":"type-product","3":"status-publish","4":"has-post-thumbnail","6":"product_cat-acasa","7":"product_cat-combo","9":"first","10":"instock","11":"sale","12":"shipping-taxable","13":"purchasable","14":"product-type-simple"},"jetpack_sharing_enabled":true,"_links":{"self":[{"href":"https:\/\/be-one.ro\/cosmetics\/wp-json\/wp\/v2\/product\/19100","targetHints":{"allow":["GET"]}}],"collection":[{"href":"https:\/\/be-one.ro\/cosmetics\/wp-json\/wp\/v2\/product"}],"about":[{"href":"https:\/\/be-one.ro\/cosmetics\/wp-json\/wp\/v2\/types\/product"}],"replies":[{"embeddable":true,"href":"https:\/\/be-one.ro\/cosmetics\/wp-json\/wp\/v2\/comments?post=19100"}],"version-history":[{"count":1,"href":"https:\/\/be-one.ro\/cosmetics\/wp-json\/wp\/v2\/product\/19100\/revisions"}],"predecessor-version":[{"id":19102,"href":"https:\/\/be-one.ro\/cosmetics\/wp-json\/wp\/v2\/product\/19100\/revisions\/19102"}],"wp:featuredmedia":[{"embeddable":true,"href":"https:\/\/be-one.ro\/cosmetics\/wp-json\/wp\/v2\/media\/19101"}],"wp:attachment":[{"href":"https:\/\/be-one.ro\/cosmetics\/wp-json\/wp\/v2\/media?parent=19100"}],"wp:term":[{"taxonomy":"product_brand","embeddable":true,"href":"https:\/\/be-one.ro\/cosmetics\/wp-json\/wp\/v2\/product_brand?post=19100"},{"taxonomy":"product_cat","embeddable":true,"href":"https:\/\/be-one.ro\/cosmetics\/wp-json\/wp\/v2\/product_cat?post=19100"},{"taxonomy":"product_tag","embeddable":true,"href":"https:\/\/be-one.ro\/cosmetics\/wp-json\/wp\/v2\/product_tag?post=19100"}],"curies":[{"name":"wp","href":"https:\/\/api.w.org\/{rel}","templated":true}]}}